{"id":26187,"date":"2025-03-16T10:46:32","date_gmt":"2025-03-16T09:46:32","guid":{"rendered":"https:\/\/wasayachts.com\/?post_type=product&#038;p=26187"},"modified":"2026-03-02T14:27:32","modified_gmt":"2026-03-02T13:27:32","slug":"sommardack-pa-originalfalg-mb-320-s","status":"publish","type":"product","link":"https:\/\/wasayachts.com\/en\/product\/sommardack-pa-originalfalg-mb-320-s\/","title":{"rendered":"Sommard\u00e4ck p\u00e5 originalf\u00e4lg MB 320 S"},"content":{"rendered":"<p>255\/40 ZR 19<\/p>\n<p>D\u00e4ck och f\u00e4lg till Mercedes Benz S-klass<\/p>\n<p>19&#8243; aluminiumf\u00e4lgar<\/p>\n<p>Finns 3 st<\/p>\n<p>Produkten h\u00e4mtas i S\u00f6dert\u00e4lje alternativt levereras via specialfrakt.<\/p>\n<p>Samtliga fraktkostnader debiteras kunden och ber\u00e4knas efter f\u00f6rfr\u00e5gan.<\/p>\n<p>&nbsp;<\/p>\n<p>&nbsp;<\/p>","protected":false},"excerpt":{"rendered":"<p>255\/40 ZR 19 D\u00e4ck och f\u00e4lg till Mercedes Benz S-klass 19&#8243; aluminiumf\u00e4lgar Finns 3 st Produkten h\u00e4mtas i S\u00f6dert\u00e4lje alternativt levereras via specialfrakt. Samtliga fraktkostnader debiteras kunden och ber\u00e4knas efter f\u00f6rfr\u00e5gan. &nbsp; &nbsp;<\/p>","protected":false},"featured_media":26188,"comment_status":"closed","ping_status":"closed","template":"","meta":[],"product_brand":[],"product_cat":[428,485],"product_tag":[],"class_list":{"0":"post-26187","1":"product","2":"type-product","3":"status-publish","4":"has-post-thumbnail","6":"product_cat-begagnade-batdelar","7":"product_cat-begagnade-varvsmaskiner","8":"product_shipping_class-hamtning","10":"first","11":"instock","12":"taxable","13":"shipping-taxable","14":"purchasable","15":"product-type-simple"},"_links":{"self":[{"href":"https:\/\/wasayachts.com\/en\/wp-json\/wp\/v2\/product\/26187","targetHints":{"allow":["GET"]}}],"collection":[{"href":"https:\/\/wasayachts.com\/en\/wp-json\/wp\/v2\/product"}],"about":[{"href":"https:\/\/wasayachts.com\/en\/wp-json\/wp\/v2\/types\/product"}],"replies":[{"embeddable":true,"href":"https:\/\/wasayachts.com\/en\/wp-json\/wp\/v2\/comments?post=26187"}],"wp:featuredmedia":[{"embeddable":true,"href":"https:\/\/wasayachts.com\/en\/wp-json\/wp\/v2\/media\/26188"}],"wp:attachment":[{"href":"https:\/\/wasayachts.com\/en\/wp-json\/wp\/v2\/media?parent=26187"}],"wp:term":[{"taxonomy":"product_brand","embeddable":true,"href":"https:\/\/wasayachts.com\/en\/wp-json\/wp\/v2\/product_brand?post=26187"},{"taxonomy":"product_cat","embeddable":true,"href":"https:\/\/wasayachts.com\/en\/wp-json\/wp\/v2\/product_cat?post=26187"},{"taxonomy":"product_tag","embeddable":true,"href":"https:\/\/wasayachts.com\/en\/wp-json\/wp\/v2\/product_tag?post=26187"}],"curies":[{"name":"wp","href":"https:\/\/api.w.org\/{rel}","templated":true}]}}