{"id":26217,"date":"2025-03-16T18:47:54","date_gmt":"2025-03-16T17:47:54","guid":{"rendered":"https:\/\/wasayachts.com\/?post_type=product&#038;p=26217"},"modified":"2025-03-30T11:16:29","modified_gmt":"2025-03-30T09:16:29","slug":"drev-anslutning-4","status":"publish","type":"product","link":"https:\/\/wasayachts.com\/en\/product\/drev-anslutning-4\/","title":{"rendered":"Drev anslutning"},"content":{"rendered":"<p>Begagnat Oket trasigt p\u00e5 ena sidan.<\/p>\n<p>Reparationsobjekt objektet har varit med om en grundst\u00f6tning det b\u00e4st \u00e4r att komma till varvet och se vilka delar som g\u00e5r att anv\u00e4nda.<\/p>\n<p>&nbsp;<\/p>\n<p>Passar<\/p>\n<p>&nbsp;<\/p>\n<p>&nbsp;<\/p>\n<p>Produkten ska h\u00e4mtas i S\u00f6dert\u00e4lje eller skickas med special frakt.<br \/>\nKunden st\u00e5r f\u00f6r kostnader. Kostnader ber\u00e4knas\u00a0efter f\u00f6rfr\u00e5gan.<\/p>\n<p>&nbsp;<\/p>\n<p>&nbsp;<\/p>","protected":false},"excerpt":{"rendered":"<p>Begagnat Oket trasigt p\u00e5 ena sidan. Reparationsobjekt objektet har varit med om en grundst\u00f6tning det b\u00e4st \u00e4r att komma till varvet och se vilka delar som g\u00e5r att anv\u00e4nda. &nbsp; Passar &nbsp; &nbsp; Produkten ska h\u00e4mtas i S\u00f6dert\u00e4lje eller skickas med special frakt. Kunden st\u00e5r f\u00f6r kostnader. Kostnader ber\u00e4knas\u00a0efter f\u00f6rfr\u00e5gan. &nbsp; &nbsp;<\/p>","protected":false},"featured_media":26222,"comment_status":"closed","ping_status":"closed","template":"","meta":[],"product_brand":[],"product_cat":[402,428,412],"product_tag":[],"class_list":{"0":"post-26217","1":"product","2":"type-product","3":"status-publish","4":"has-post-thumbnail","6":"product_cat-drev-backslag","7":"product_cat-begagnade-batdelar","8":"product_cat-drev-och-drivlina","10":"first","11":"instock","12":"taxable","13":"shipping-taxable","14":"purchasable","15":"product-type-simple"},"_links":{"self":[{"href":"https:\/\/wasayachts.com\/en\/wp-json\/wp\/v2\/product\/26217","targetHints":{"allow":["GET"]}}],"collection":[{"href":"https:\/\/wasayachts.com\/en\/wp-json\/wp\/v2\/product"}],"about":[{"href":"https:\/\/wasayachts.com\/en\/wp-json\/wp\/v2\/types\/product"}],"replies":[{"embeddable":true,"href":"https:\/\/wasayachts.com\/en\/wp-json\/wp\/v2\/comments?post=26217"}],"wp:featuredmedia":[{"embeddable":true,"href":"https:\/\/wasayachts.com\/en\/wp-json\/wp\/v2\/media\/26222"}],"wp:attachment":[{"href":"https:\/\/wasayachts.com\/en\/wp-json\/wp\/v2\/media?parent=26217"}],"wp:term":[{"taxonomy":"product_brand","embeddable":true,"href":"https:\/\/wasayachts.com\/en\/wp-json\/wp\/v2\/product_brand?post=26217"},{"taxonomy":"product_cat","embeddable":true,"href":"https:\/\/wasayachts.com\/en\/wp-json\/wp\/v2\/product_cat?post=26217"},{"taxonomy":"product_tag","embeddable":true,"href":"https:\/\/wasayachts.com\/en\/wp-json\/wp\/v2\/product_tag?post=26217"}],"curies":[{"name":"wp","href":"https:\/\/api.w.org\/{rel}","templated":true}]}}