{"id":26244,"date":"2025-03-16T19:58:38","date_gmt":"2025-03-16T18:58:38","guid":{"rendered":"https:\/\/wasayachts.com\/?post_type=product&#038;p=26244"},"modified":"2025-03-24T09:30:14","modified_gmt":"2025-03-24T08:30:14","slug":"lackoljeror-volvo-penta-nr-829904-md-11-kopia","status":"publish","type":"product","link":"https:\/\/wasayachts.com\/en\/product\/lackoljeror-volvo-penta-nr-829904-md-11-kopia\/","title":{"rendered":"L\u00e4ckoljer\u00f6r Volvo Penta n,r 829904 MD 11"},"content":{"rendered":"<p>Spridarr\u00f6r \/ tryckr\u00f6r VP MD 11<\/p>\n<p>829904<\/p>\n<p>&nbsp;<\/p>\n<p>&nbsp;<\/p>","protected":false},"excerpt":{"rendered":"<p>Spridarr\u00f6r \/ tryckr\u00f6r VP MD 11 829904 &nbsp; &nbsp;<\/p>","protected":false},"featured_media":26336,"comment_status":"closed","ping_status":"closed","template":"","meta":[],"product_brand":[],"product_cat":[422,428,431],"product_tag":[],"class_list":{"0":"post-26244","1":"product","2":"type-product","3":"status-publish","4":"has-post-thumbnail","6":"product_cat-branslesystem","7":"product_cat-begagnade-batdelar","8":"product_cat-motordelar","10":"first","11":"instock","12":"taxable","13":"shipping-taxable","14":"purchasable","15":"product-type-simple"},"_links":{"self":[{"href":"https:\/\/wasayachts.com\/en\/wp-json\/wp\/v2\/product\/26244","targetHints":{"allow":["GET"]}}],"collection":[{"href":"https:\/\/wasayachts.com\/en\/wp-json\/wp\/v2\/product"}],"about":[{"href":"https:\/\/wasayachts.com\/en\/wp-json\/wp\/v2\/types\/product"}],"replies":[{"embeddable":true,"href":"https:\/\/wasayachts.com\/en\/wp-json\/wp\/v2\/comments?post=26244"}],"wp:featuredmedia":[{"embeddable":true,"href":"https:\/\/wasayachts.com\/en\/wp-json\/wp\/v2\/media\/26336"}],"wp:attachment":[{"href":"https:\/\/wasayachts.com\/en\/wp-json\/wp\/v2\/media?parent=26244"}],"wp:term":[{"taxonomy":"product_brand","embeddable":true,"href":"https:\/\/wasayachts.com\/en\/wp-json\/wp\/v2\/product_brand?post=26244"},{"taxonomy":"product_cat","embeddable":true,"href":"https:\/\/wasayachts.com\/en\/wp-json\/wp\/v2\/product_cat?post=26244"},{"taxonomy":"product_tag","embeddable":true,"href":"https:\/\/wasayachts.com\/en\/wp-json\/wp\/v2\/product_tag?post=26244"}],"curies":[{"name":"wp","href":"https:\/\/api.w.org\/{rel}","templated":true}]}}