{"id":26325,"date":"2025-03-21T20:57:27","date_gmt":"2025-03-21T19:57:27","guid":{"rendered":"https:\/\/wasayachts.com\/?post_type=product&#038;p=26325"},"modified":"2026-03-04T12:25:29","modified_gmt":"2026-03-04T11:25:29","slug":"dampkoppling-aisin-kopia","status":"publish","type":"product","link":"https:\/\/wasayachts.com\/en\/product\/dampkoppling-aisin-kopia\/","title":{"rendered":"D\u00e4mpkoppling Aisin"},"content":{"rendered":"<p>D\u00e4mpkoppling<\/p>\n<p>M\u00e4rke: Aisin<\/p>\n<p>Diameter axel: 23 mm<\/p>\n<p>Diameter d\u00e4mpare: 190 mm<\/p>","protected":false},"excerpt":{"rendered":"<p>D\u00e4mpkoppling M\u00e4rke: Aisin Diameter axel: 23 mm Diameter d\u00e4mpare: 190 mm<\/p>","protected":false},"featured_media":26327,"comment_status":"closed","ping_status":"closed","template":"","meta":[],"product_brand":[],"product_cat":[413,428,412],"product_tag":[],"class_list":{"0":"post-26325","1":"product","2":"type-product","3":"status-publish","4":"has-post-thumbnail","6":"product_cat-anslutningsdetaljer-drev-och-backslag-motortassar","7":"product_cat-begagnade-batdelar","8":"product_cat-drev-och-drivlina","10":"first","11":"instock","12":"taxable","13":"shipping-taxable","14":"purchasable","15":"product-type-simple"},"_links":{"self":[{"href":"https:\/\/wasayachts.com\/en\/wp-json\/wp\/v2\/product\/26325","targetHints":{"allow":["GET"]}}],"collection":[{"href":"https:\/\/wasayachts.com\/en\/wp-json\/wp\/v2\/product"}],"about":[{"href":"https:\/\/wasayachts.com\/en\/wp-json\/wp\/v2\/types\/product"}],"replies":[{"embeddable":true,"href":"https:\/\/wasayachts.com\/en\/wp-json\/wp\/v2\/comments?post=26325"}],"wp:featuredmedia":[{"embeddable":true,"href":"https:\/\/wasayachts.com\/en\/wp-json\/wp\/v2\/media\/26327"}],"wp:attachment":[{"href":"https:\/\/wasayachts.com\/en\/wp-json\/wp\/v2\/media?parent=26325"}],"wp:term":[{"taxonomy":"product_brand","embeddable":true,"href":"https:\/\/wasayachts.com\/en\/wp-json\/wp\/v2\/product_brand?post=26325"},{"taxonomy":"product_cat","embeddable":true,"href":"https:\/\/wasayachts.com\/en\/wp-json\/wp\/v2\/product_cat?post=26325"},{"taxonomy":"product_tag","embeddable":true,"href":"https:\/\/wasayachts.com\/en\/wp-json\/wp\/v2\/product_tag?post=26325"}],"curies":[{"name":"wp","href":"https:\/\/api.w.org\/{rel}","templated":true}]}}