{"id":26328,"date":"2025-03-21T21:09:51","date_gmt":"2025-03-21T20:09:51","guid":{"rendered":"https:\/\/wasayachts.com\/?post_type=product&#038;p=26328"},"modified":"2026-03-02T14:08:45","modified_gmt":"2026-03-02T13:08:45","slug":"avgasror-md17-volvo-penta-nr-829950","status":"publish","type":"product","link":"https:\/\/wasayachts.com\/en\/product\/avgasror-md17-volvo-penta-nr-829950\/","title":{"rendered":"Avgasgrenr\u00f6r MD17 Volvo Penta n,r 829950"},"content":{"rendered":"<p>ersatt 16842<\/p>\n<p>M\u00e4rke: Volvo Penta<\/p>\n<p>passar<\/p>\n<p>MD 17 C<\/p>\n<p>MD 17 D<\/p>\n<p>Fri returr\u00e4tt i tv\u00e5 m\u00e5nader,<br \/>\npengar \u00e5ter exklusive frakt.<\/p>\n<p>Produkten h\u00e4mtas i S\u00f6dert\u00e4lje alternativt levereras via specialfrakt.<\/p>\n<p>Samtliga fraktkostnader debiteras kunden och ber\u00e4knas efter f\u00f6rfr\u00e5gan.<\/p>","protected":false},"excerpt":{"rendered":"<p>ersatt 16842 M\u00e4rke: Volvo Penta passar MD 17 C MD 17 D Fri returr\u00e4tt i tv\u00e5 m\u00e5nader, pengar \u00e5ter exklusive frakt. Produkten h\u00e4mtas i S\u00f6dert\u00e4lje alternativt levereras via specialfrakt. Samtliga fraktkostnader debiteras kunden och ber\u00e4knas efter f\u00f6rfr\u00e5gan.<\/p>","protected":false},"featured_media":26339,"comment_status":"closed","ping_status":"closed","template":"","meta":[],"product_brand":[],"product_cat":[407,428,431],"product_tag":[],"class_list":{"0":"post-26328","1":"product","2":"type-product","3":"status-publish","4":"has-post-thumbnail","6":"product_cat-avgasdelar","7":"product_cat-begagnade-batdelar","8":"product_cat-motordelar","9":"product_shipping_class-hamtning","11":"first","12":"instock","13":"taxable","14":"shipping-taxable","15":"purchasable","16":"product-type-simple"},"_links":{"self":[{"href":"https:\/\/wasayachts.com\/en\/wp-json\/wp\/v2\/product\/26328","targetHints":{"allow":["GET"]}}],"collection":[{"href":"https:\/\/wasayachts.com\/en\/wp-json\/wp\/v2\/product"}],"about":[{"href":"https:\/\/wasayachts.com\/en\/wp-json\/wp\/v2\/types\/product"}],"replies":[{"embeddable":true,"href":"https:\/\/wasayachts.com\/en\/wp-json\/wp\/v2\/comments?post=26328"}],"wp:featuredmedia":[{"embeddable":true,"href":"https:\/\/wasayachts.com\/en\/wp-json\/wp\/v2\/media\/26339"}],"wp:attachment":[{"href":"https:\/\/wasayachts.com\/en\/wp-json\/wp\/v2\/media?parent=26328"}],"wp:term":[{"taxonomy":"product_brand","embeddable":true,"href":"https:\/\/wasayachts.com\/en\/wp-json\/wp\/v2\/product_brand?post=26328"},{"taxonomy":"product_cat","embeddable":true,"href":"https:\/\/wasayachts.com\/en\/wp-json\/wp\/v2\/product_cat?post=26328"},{"taxonomy":"product_tag","embeddable":true,"href":"https:\/\/wasayachts.com\/en\/wp-json\/wp\/v2\/product_tag?post=26328"}],"curies":[{"name":"wp","href":"https:\/\/api.w.org\/{rel}","templated":true}]}}