{"id":26373,"date":"2025-03-25T13:08:18","date_gmt":"2025-03-25T12:08:18","guid":{"rendered":"https:\/\/wasayachts.com\/?post_type=product&#038;p=26373"},"modified":"2025-03-25T13:10:11","modified_gmt":"2025-03-25T12:10:11","slug":"matarpump-volvo-penta-nr-833323-834255","status":"publish","type":"product","link":"https:\/\/wasayachts.com\/en\/product\/matarpump-volvo-penta-nr-833323-834255\/","title":{"rendered":"Matarpump Volvo Penta n,r 833323\/ 834255"},"content":{"rendered":"<p>Br\u00e4nslepump till Volvo Penta<\/p>\n<p>Passar f\u00f6ljande motorer<\/p>\n<div class=\"content\">\n<div class=\"row part mx-0\">\n<div class=\"col-4\">\n<div class=\"row mt-5 mx-0 exploded-view-occurrences\">\n<div class=\"col px-0\">\n<div class=\"mt-3\">\n<div class=\"mt-3\">\n<div id=\"collapse1\" class=\"collapse show\">\n<table class=\"table table-striped\">\n<tbody>\n<tr class=\"order-row odd\">\n<td>2001<\/td>\n<td><a id=\"2001-Matarpump\" class=\"tooltip-label\" href=\"https:\/\/marinepartseurope.com\/category\/Marine%20Diesel%20Engines\/product\/2001\/explodedview\/54143726?catalog=7726000&amp;img=45887.png&amp;functiongroup=Br%C3%A4nslesystem&amp;header=Matarpump\" target=\"_blank\" rel=\"noopener\">Matarpump<\/a><\/td>\n<\/tr>\n<tr class=\"order-row even\">\n<td>2001<\/td>\n<td><a id=\"2001-Reparationssatser\" class=\"tooltip-label\" href=\"https:\/\/marinepartseurope.com\/category\/Marine%20Diesel%20Engines\/product\/2001\/explodedview\/54143961?catalog=7726000&amp;img=&amp;functiongroup=Reparationssatser&amp;header=Reparationssatser\" target=\"_blank\" rel=\"noopener\">Reparationssatser<\/a><\/td>\n<\/tr>\n<tr class=\"order-row odd\">\n<td>2001AG<\/td>\n<td><a id=\"2001AG-Matarpump\" class=\"tooltip-label\" href=\"https:\/\/marinepartseurope.com\/category\/Marine%20Diesel%20Engines\/product\/2001AG\/explodedview\/54143726?catalog=7726000&amp;img=45887.png&amp;functiongroup=Br%C3%A4nslesystem&amp;header=Matarpump\" target=\"_blank\" rel=\"noopener\">Matarpump<\/a><\/td>\n<\/tr>\n<tr class=\"order-row even\">\n<td>2001AG<\/td>\n<td><a id=\"2001AG-Reparationssatser\" class=\"tooltip-label\" href=\"https:\/\/marinepartseurope.com\/category\/Marine%20Diesel%20Engines\/product\/2001AG\/explodedview\/54143961?catalog=7726000&amp;img=&amp;functiongroup=Reparationssatser&amp;header=Reparationssatser\" target=\"_blank\" rel=\"noopener\">Reparationssatser<\/a><\/td>\n<\/tr>\n<tr class=\"order-row odd\">\n<td>2001B<\/td>\n<td><a id=\"2001B-Matarpump\" class=\"tooltip-label\" href=\"https:\/\/marinepartseurope.com\/category\/Marine%20Diesel%20Engines\/product\/2001B\/explodedview\/54143726?catalog=7726000&amp;img=45887.png&amp;functiongroup=Br%C3%A4nslesystem&amp;header=Matarpump\" target=\"_blank\" rel=\"noopener\">Matarpump<\/a><\/td>\n<\/tr>\n<tr class=\"order-row even\">\n<td>2001B<\/td>\n<td><a id=\"2001B-Reparationssatser\" class=\"tooltip-label\" href=\"https:\/\/marinepartseurope.com\/category\/Marine%20Diesel%20Engines\/product\/2001B\/explodedview\/54143961?catalog=7726000&amp;img=&amp;functiongroup=Reparationssatser&amp;header=Reparationssatser\" target=\"_blank\" rel=\"noopener\">Reparationssatser<\/a><\/td>\n<\/tr>\n<tr class=\"order-row odd\">\n<td>2001BG<\/td>\n<td><a id=\"2001BG-Matarpump\" class=\"tooltip-label\" href=\"https:\/\/marinepartseurope.com\/category\/Marine%20Diesel%20Engines\/product\/2001BG\/explodedview\/54143726?catalog=7726000&amp;img=45887.png&amp;functiongroup=Br%C3%A4nslesystem&amp;header=Matarpump\" target=\"_blank\" rel=\"noopener\">Matarpump<\/a><\/td>\n<\/tr>\n<tr class=\"order-row even\">\n<td>2001D<\/td>\n<td><a id=\"2001D-Matarpump\" class=\"tooltip-label\" href=\"https:\/\/marinepartseurope.com\/category\/Marine%20Diesel%20Engines\/product\/2001D\/explodedview\/54143726?catalog=7726000&amp;img=45887.png&amp;functiongroup=Br%C3%A4nslesystem&amp;header=Matarpump\" target=\"_blank\" rel=\"noopener\">Matarpump<\/a><\/td>\n<\/tr>\n<tr class=\"order-row odd\">\n<td>2001D<\/td>\n<td><a id=\"2001D-Reparationssatser\" class=\"tooltip-label\" href=\"https:\/\/marinepartseurope.com\/category\/Marine%20Diesel%20Engines\/product\/2001D\/explodedview\/54143961?catalog=7726000&amp;img=&amp;functiongroup=Reparationssatser&amp;header=Reparationssatser\" target=\"_blank\" rel=\"noopener\">Reparationssatser<\/a><\/td>\n<\/tr>\n<tr class=\"order-row even\">\n<td>2001R<\/td>\n<td><a id=\"2001R-Matarpump\" class=\"tooltip-label\" href=\"https:\/\/marinepartseurope.com\/category\/Marine%20Diesel%20Engines\/product\/2001R\/explodedview\/54143726?catalog=7726000&amp;img=45887.png&amp;functiongroup=Br%C3%A4nslesystem&amp;header=Matarpump\" target=\"_blank\" rel=\"noopener\">Matarpump<\/a><\/td>\n<\/tr>\n<tr class=\"order-row odd\">\n<td>2001R<\/td>\n<td><a id=\"2001R-Reparationssatser\" class=\"tooltip-label\" href=\"https:\/\/marinepartseurope.com\/category\/Marine%20Diesel%20Engines\/product\/2001R\/explodedview\/54143961?catalog=7726000&amp;img=&amp;functiongroup=Reparationssatser&amp;header=Reparationssatser\" target=\"_blank\" rel=\"noopener\">Reparationssatser<\/a><\/td>\n<\/tr>\n<tr class=\"order-row even\">\n<td>2002<\/td>\n<td><a id=\"2002-Matarpump\" class=\"tooltip-label\" href=\"https:\/\/marinepartseurope.com\/category\/Marine%20Diesel%20Engines\/product\/2002\/explodedview\/54143726?catalog=7726000&amp;img=45887.png&amp;functiongroup=Br%C3%A4nslesystem&amp;header=Matarpump\" target=\"_blank\" rel=\"noopener\">Matarpump<\/a><\/td>\n<\/tr>\n<tr class=\"order-row odd\">\n<td>2002<\/td>\n<td><a id=\"2002-Reparationssatser\" class=\"tooltip-label\" href=\"https:\/\/marinepartseurope.com\/category\/Marine%20Diesel%20Engines\/product\/2002\/explodedview\/54143963?catalog=7726000&amp;img=&amp;functiongroup=Reparationssatser&amp;header=Reparationssatser\" target=\"_blank\" rel=\"noopener\">Reparationssatser<\/a><\/td>\n<\/tr>\n<tr class=\"order-row even\">\n<td>2002AG<\/td>\n<td><a id=\"2002AG-Matarpump\" class=\"tooltip-label\" href=\"https:\/\/marinepartseurope.com\/category\/Marine%20Diesel%20Engines\/product\/2002AG\/explodedview\/54143726?catalog=7726000&amp;img=45887.png&amp;functiongroup=Br%C3%A4nslesystem&amp;header=Matarpump\" target=\"_blank\" rel=\"noopener\">Matarpump<\/a><\/td>\n<\/tr>\n<tr class=\"order-row odd\">\n<td>2002AG<\/td>\n<td><a id=\"2002AG-Reparationssatser\" class=\"tooltip-label\" href=\"https:\/\/marinepartseurope.com\/category\/Marine%20Diesel%20Engines\/product\/2002AG\/explodedview\/54143963?catalog=7726000&amp;img=&amp;functiongroup=Reparationssatser&amp;header=Reparationssatser\" target=\"_blank\" rel=\"noopener\">Reparationssatser<\/a><\/td>\n<\/tr>\n<tr class=\"order-row even\">\n<td>2002B<\/td>\n<td><a id=\"2002B-Matarpump\" class=\"tooltip-label\" href=\"https:\/\/marinepartseurope.com\/category\/Marine%20Diesel%20Engines\/product\/2002B\/explodedview\/54143726?catalog=7726000&amp;img=45887.png&amp;functiongroup=Br%C3%A4nslesystem&amp;header=Matarpump\" target=\"_blank\" rel=\"noopener\">Matarpump<\/a><\/td>\n<\/tr>\n<tr class=\"order-row odd\">\n<td>2002B<\/td>\n<td><a id=\"2002B-Reparationssatser\" class=\"tooltip-label\" href=\"https:\/\/marinepartseurope.com\/category\/Marine%20Diesel%20Engines\/product\/2002B\/explodedview\/54143963?catalog=7726000&amp;img=&amp;functiongroup=Reparationssatser&amp;header=Reparationssatser\" target=\"_blank\" rel=\"noopener\">Reparationssatser<\/a><\/td>\n<\/tr>\n<tr class=\"order-row even\">\n<td>2002BG<\/td>\n<td><a id=\"2002BG-Matarpump\" class=\"tooltip-label\" href=\"https:\/\/marinepartseurope.com\/category\/Marine%20Diesel%20Engines\/product\/2002BG\/explodedview\/54143726?catalog=7726000&amp;img=45887.png&amp;functiongroup=Br%C3%A4nslesystem&amp;header=Matarpump\" target=\"_blank\" rel=\"noopener\">Matarpump<\/a><\/td>\n<\/tr>\n<tr class=\"order-row odd\">\n<td>2002D<\/td>\n<td><a id=\"2002D-Matarpump\" class=\"tooltip-label\" href=\"https:\/\/marinepartseurope.com\/category\/Marine%20Diesel%20Engines\/product\/2002D\/explodedview\/54143726?catalog=7726000&amp;img=45887.png&amp;functiongroup=Br%C3%A4nslesystem&amp;header=Matarpump\" target=\"_blank\" rel=\"noopener\">Matarpump<\/a><\/td>\n<\/tr>\n<tr class=\"order-row even\">\n<td>2002D<\/td>\n<td><a id=\"2002D-Reparationssatser\" class=\"tooltip-label\" href=\"https:\/\/marinepartseurope.com\/category\/Marine%20Diesel%20Engines\/product\/2002D\/explodedview\/54143963?catalog=7726000&amp;img=&amp;functiongroup=Reparationssatser&amp;header=Reparationssatser\" target=\"_blank\" rel=\"noopener\">Reparationssatser<\/a><\/td>\n<\/tr>\n<tr class=\"order-row odd\">\n<td>2003<\/td>\n<td><a id=\"2003-Matarpump\" class=\"tooltip-label\" href=\"https:\/\/marinepartseurope.com\/category\/Marine%20Diesel%20Engines\/product\/2003\/explodedview\/54143726?catalog=7726000&amp;img=45887.png&amp;functiongroup=Br%C3%A4nslesystem&amp;header=Matarpump\" target=\"_blank\" rel=\"noopener\">Matarpump<\/a><\/td>\n<\/tr>\n<tr class=\"order-row even\">\n<td>2003 SOLAS<\/td>\n<td><a id=\"2003 SOLAS-Matarpump\" class=\"tooltip-label\" href=\"https:\/\/marinepartseurope.com\/category\/Marine%20Diesel%20Engines\/product\/2003%20SOLAS\/explodedview\/54143726?catalog=7726000&amp;img=45887.png&amp;functiongroup=Br%C3%A4nslesystem&amp;header=Matarpump\" target=\"_blank\" rel=\"noopener\">Matarpump<\/a><\/td>\n<\/tr>\n<tr class=\"order-row odd\">\n<td>2003B<\/td>\n<td><a id=\"2003B-Matarpump\" class=\"tooltip-label\" href=\"https:\/\/marinepartseurope.com\/category\/Marine%20Diesel%20Engines\/product\/2003B\/explodedview\/54143726?catalog=7726000&amp;img=45887.png&amp;functiongroup=Br%C3%A4nslesystem&amp;header=Matarpump\" target=\"_blank\" rel=\"noopener\">Matarpump<\/a><\/td>\n<\/tr>\n<tr class=\"order-row even\">\n<td>2003B SOLAS<\/td>\n<td><a id=\"2003B SOLAS-Matarpump\" class=\"tooltip-label\" href=\"https:\/\/marinepartseurope.com\/category\/Marine%20Diesel%20Engines\/product\/2003B%20SOLAS\/explodedview\/54143726?catalog=7726000&amp;img=45887.png&amp;functiongroup=Br%C3%A4nslesystem&amp;header=Matarpump\" target=\"_blank\" rel=\"noopener\">Matarpump<\/a><\/td>\n<\/tr>\n<tr class=\"order-row odd\">\n<td>2003D<\/td>\n<td><a id=\"2003D-Matarpump\" class=\"tooltip-label\" href=\"https:\/\/marinepartseurope.com\/category\/Marine%20Diesel%20Engines\/product\/2003D\/explodedview\/54143726?catalog=7726000&amp;img=45887.png&amp;functiongroup=Br%C3%A4nslesystem&amp;header=Matarpump\" target=\"_blank\" rel=\"noopener\">Matarpump<\/a><\/td>\n<\/tr>\n<tr class=\"order-row even\">\n<td>2003R<\/td>\n<td><a id=\"2003R-Matarpump\" class=\"tooltip-label\" href=\"https:\/\/marinepartseurope.com\/category\/Marine%20Diesel%20Engines\/product\/2003R\/explodedview\/54143726?catalog=7726000&amp;img=45887.png&amp;functiongroup=Br%C3%A4nslesystem&amp;header=Matarpump\" target=\"_blank\" rel=\"noopener\">Matarpump<\/a><\/td>\n<\/tr>\n<tr class=\"order-row odd\">\n<td>2003R SOLAS<\/td>\n<td><a id=\"2003R SOLAS-Matarpump\" class=\"tooltip-label\" href=\"https:\/\/marinepartseurope.com\/category\/Marine%20Diesel%20Engines\/product\/2003R%20SOLAS\/explodedview\/54143726?catalog=7726000&amp;img=45887.png&amp;functiongroup=Br%C3%A4nslesystem&amp;header=Matarpump\" target=\"_blank\" rel=\"noopener\">Matarpump<\/a><\/td>\n<\/tr>\n<tr class=\"order-row even\">\n<td>2003T<\/td>\n<td><a id=\"2003T-Matarpump\" class=\"tooltip-label\" href=\"https:\/\/marinepartseurope.com\/category\/Marine%20Diesel%20Engines\/product\/2003T\/explodedview\/54143726?catalog=7726000&amp;img=45887.png&amp;functiongroup=Br%C3%A4nslesystem&amp;header=Matarpump\" target=\"_blank\" rel=\"noopener\">Matarpump<\/a><\/td>\n<\/tr>\n<tr class=\"order-row odd\">\n<td>2003TB<\/td>\n<td><a id=\"2003TB-Matarpump\" class=\"tooltip-label\" href=\"https:\/\/marinepartseurope.com\/category\/Marine%20Diesel%20Engines\/product\/2003TB\/explodedview\/54143726?catalog=7726000&amp;img=45887.png&amp;functiongroup=Br%C3%A4nslesystem&amp;header=Matarpump\" target=\"_blank\" rel=\"noopener\">Matarpump<\/a><\/td>\n<\/tr>\n<tr class=\"order-row even\">\n<td>2003TB SOLAS<\/td>\n<td><a id=\"2003TB SOLAS-Matarpump\" class=\"tooltip-label\" href=\"https:\/\/marinepartseurope.com\/category\/Marine%20Diesel%20Engines\/product\/2003TB%20SOLAS\/explodedview\/54143726?catalog=7726000&amp;img=45887.png&amp;functiongroup=Br%C3%A4nslesystem&amp;header=Matarpump\" target=\"_blank\" rel=\"noopener\">Matarpump<\/a><\/td>\n<\/tr>\n<tr class=\"order-row odd\">\n<td>2003TR<\/td>\n<td><a id=\"2003TR-Matarpump\" class=\"tooltip-label\" href=\"https:\/\/marinepartseurope.com\/category\/Marine%20Diesel%20Engines\/product\/2003TR\/explodedview\/54143726?catalog=7726000&amp;img=45887.png&amp;functiongroup=Br%C3%A4nslesystem&amp;header=Matarpump\" target=\"_blank\" rel=\"noopener\">Matarpump<\/a><\/td>\n<\/tr>\n<tr class=\"order-row even\">\n<td>AQD2B<\/td>\n<td><a id=\"AQD2B-Br\u00e4nslepump\" class=\"tooltip-label\" href=\"https:\/\/marinepartseurope.com\/category\/Marine%20Diesel%20Engines\/product\/AQD2B\/explodedview\/54146912?catalog=7742090&amp;img=49847.png&amp;functiongroup=Br%C3%A4nslesystem&amp;header=Br%C3%A4nslepump\" target=\"_blank\" rel=\"noopener\">Br\u00e4nslepump<\/a><\/td>\n<\/tr>\n<tr class=\"order-row odd\">\n<td>AQD2B<\/td>\n<td><a id=\"AQD2B-Reparationssatser\" class=\"tooltip-label\" href=\"https:\/\/marinepartseurope.com\/category\/Marine%20Diesel%20Engines\/product\/AQD2B\/explodedview\/54147047?catalog=7742090&amp;img=&amp;functiongroup=Reparationssatser&amp;header=Reparationssatser\" target=\"_blank\" rel=\"noopener\">Reparationssatser<\/a><\/td>\n<\/tr>\n<tr class=\"order-row even\">\n<td>MD11C<\/td>\n<td><a id=\"MD11C-Br\u00e4nslepump\" class=\"tooltip-label\" href=\"https:\/\/marinepartseurope.com\/category\/Marine%20Diesel%20Engines\/product\/MD11C\/explodedview\/54148923?catalog=7742230&amp;img=49847.png&amp;functiongroup=Br%C3%A4nslesystem&amp;header=Br%C3%A4nslepump\" target=\"_blank\" rel=\"noopener\">Br\u00e4nslepump<\/a><\/td>\n<\/tr>\n<tr class=\"order-row odd\">\n<td>MD11C<\/td>\n<td><a id=\"MD11C-Reparationssatser\" class=\"tooltip-label\" href=\"https:\/\/marinepartseurope.com\/category\/Marine%20Diesel%20Engines\/product\/MD11C\/explodedview\/54149058?catalog=7742230&amp;img=&amp;functiongroup=Reparationssatser&amp;header=Reparationssatser\" target=\"_blank\" rel=\"noopener\">Reparationssatser<\/a><\/td>\n<\/tr>\n<tr class=\"order-row even\">\n<td>MD11D<\/td>\n<td><a id=\"MD11D-Br\u00e4nslepump\" class=\"tooltip-label\" href=\"https:\/\/marinepartseurope.com\/category\/Marine%20Diesel%20Engines\/product\/MD11D\/explodedview\/54148923?catalog=7742230&amp;img=49847.png&amp;functiongroup=Br%C3%A4nslesystem&amp;header=Br%C3%A4nslepump\" target=\"_blank\" rel=\"noopener\">Br\u00e4nslepump<\/a><\/td>\n<\/tr>\n<tr class=\"order-row odd\">\n<td>MD11D<\/td>\n<td><a id=\"MD11D-Reparationssatser\" class=\"tooltip-label\" href=\"https:\/\/marinepartseurope.com\/category\/Marine%20Diesel%20Engines\/product\/MD11D\/explodedview\/54149058?catalog=7742230&amp;img=&amp;functiongroup=Reparationssatser&amp;header=Reparationssatser\" target=\"_blank\" rel=\"noopener\">Reparationssatser<\/a><\/td>\n<\/tr>\n<tr class=\"order-row even\">\n<td>MD17C<\/td>\n<td><a id=\"MD17C-Br\u00e4nslepump\" class=\"tooltip-label\" href=\"https:\/\/marinepartseurope.com\/category\/Marine%20Diesel%20Engines\/product\/MD17C\/explodedview\/54148923?catalog=7742230&amp;img=49847.png&amp;functiongroup=Br%C3%A4nslesystem&amp;header=Br%C3%A4nslepump\" target=\"_blank\" rel=\"noopener\">Br\u00e4nslepump<\/a><\/td>\n<\/tr>\n<tr class=\"order-row odd\">\n<td>MD17C<\/td>\n<td><a id=\"MD17C-Reparationssatser\" class=\"tooltip-label\" href=\"https:\/\/marinepartseurope.com\/category\/Marine%20Diesel%20Engines\/product\/MD17C\/explodedview\/54149058?catalog=7742230&amp;img=&amp;functiongroup=Reparationssatser&amp;header=Reparationssatser\" target=\"_blank\" rel=\"noopener\">Reparationssatser<\/a><\/td>\n<\/tr>\n<tr class=\"order-row even\">\n<td>MD17D<\/td>\n<td><a id=\"MD17D-Br\u00e4nslepump\" class=\"tooltip-label\" href=\"https:\/\/marinepartseurope.com\/category\/Marine%20Diesel%20Engines\/product\/MD17D\/explodedview\/54148923?catalog=7742230&amp;img=49847.png&amp;functiongroup=Br%C3%A4nslesystem&amp;header=Br%C3%A4nslepump\" target=\"_blank\" rel=\"noopener\">Br\u00e4nslepump<\/a><\/td>\n<\/tr>\n<tr class=\"order-row odd\">\n<td>MD17D<\/td>\n<td><a id=\"MD17D-Reparationssatser\" class=\"tooltip-label\" href=\"https:\/\/marinepartseurope.com\/category\/Marine%20Diesel%20Engines\/product\/MD17D\/explodedview\/54149058?catalog=7742230&amp;img=&amp;functiongroup=Reparationssatser&amp;header=Reparationssatser\" target=\"_blank\" rel=\"noopener\">Reparationssatser<\/a><\/td>\n<\/tr>\n<tr class=\"order-row even\">\n<td>MD1B<\/td>\n<td><a id=\"MD1B-Br\u00e4nslepump\" class=\"tooltip-label\" href=\"https:\/\/marinepartseurope.com\/category\/Marine%20Diesel%20Engines\/product\/MD1B\/explodedview\/54146912?catalog=7742090&amp;img=49847.png&amp;functiongroup=Br%C3%A4nslesystem&amp;header=Br%C3%A4nslepump\" target=\"_blank\" rel=\"noopener\">Br\u00e4nslepump<\/a><\/td>\n<\/tr>\n<tr class=\"order-row odd\">\n<td>MD1B<\/td>\n<td><a id=\"MD1B-Reparationssatser\" class=\"tooltip-label\" href=\"https:\/\/marinepartseurope.com\/category\/Marine%20Diesel%20Engines\/product\/MD1B\/explodedview\/54147045?catalog=7742090&amp;img=&amp;functiongroup=Reparationssatser&amp;header=Reparationssatser\" target=\"_blank\" rel=\"noopener\">Reparationssatser<\/a><\/td>\n<\/tr>\n<tr class=\"order-row even\">\n<td>MD2B<\/td>\n<td><a id=\"MD2B-Br\u00e4nslepump\" class=\"tooltip-label\" href=\"https:\/\/marinepartseurope.com\/category\/Marine%20Diesel%20Engines\/product\/MD2B\/explodedview\/54146912?catalog=7742090&amp;img=49847.png&amp;functiongroup=Br%C3%A4nslesystem&amp;header=Br%C3%A4nslepump\" target=\"_blank\" rel=\"noopener\">Br\u00e4nslepump<\/a><\/td>\n<\/tr>\n<tr class=\"order-row odd\">\n<td>MD2B<\/td>\n<td><a id=\"MD2B-Reparationssatser\" class=\"tooltip-label\" href=\"https:\/\/marinepartseurope.com\/category\/Marine%20Diesel%20Engines\/product\/MD2B\/explodedview\/54147046?catalog=7742090&amp;img=&amp;functiongroup=Reparationssatser&amp;header=Reparationssatser\" target=\"_blank\" rel=\"noopener\">Reparationssatser<\/a><\/td>\n<\/tr>\n<tr class=\"order-row even\">\n<td>MD3B<\/td>\n<td><a id=\"MD3B-Br\u00e4nslepump\" class=\"tooltip-label\" href=\"https:\/\/marinepartseurope.com\/category\/Marine%20Diesel%20Engines\/product\/MD3B\/explodedview\/54146912?catalog=7742090&amp;img=49847.png&amp;functiongroup=Br%C3%A4nslesystem&amp;header=Br%C3%A4nslepump\" target=\"_blank\" rel=\"noopener\">Br\u00e4nslepump<\/a><\/td>\n<\/tr>\n<tr class=\"order-row odd\">\n<td>MD3B<\/td>\n<td><a id=\"MD3B-Reparationssatser\" class=\"tooltip-label\" href=\"https:\/\/marinepartseurope.com\/category\/Marine%20Diesel%20Engines\/product\/MD3B\/explodedview\/54147048?catalog=7742090&amp;img=&amp;functiongroup=Reparationssatser&amp;header=Reparationssatser\" target=\"_blank\" rel=\"noopener\">Reparationssatser<\/a><\/td>\n<\/tr>\n<tr class=\"order-row even\">\n<td>MD5A<\/td>\n<td><a id=\"MD5A-Br\u00e4nslepump\" class=\"tooltip-label\" href=\"https:\/\/marinepartseurope.com\/category\/Marine%20Diesel%20Engines\/product\/MD5A\/explodedview\/54148744?catalog=7742220&amp;img=49847.png&amp;functiongroup=Br%C3%A4nslesystem&amp;header=Br%C3%A4nslepump\" target=\"_blank\" rel=\"noopener\">Br\u00e4nslepump<\/a><\/td>\n<\/tr>\n<tr class=\"order-row odd\">\n<td>MD5B<\/td>\n<td><a id=\"MD5B-Br\u00e4nslepump\" class=\"tooltip-label\" href=\"https:\/\/marinepartseurope.com\/category\/Marine%20Diesel%20Engines\/product\/MD5B\/explodedview\/54148744?catalog=7742220&amp;img=49847.png&amp;functiongroup=Br%C3%A4nslesystem&amp;header=Br%C3%A4nslepump\" target=\"_blank\" rel=\"noopener\">Br\u00e4nslepump<\/a><\/td>\n<\/tr>\n<tr class=\"order-row even\">\n<td>MD5C<\/td>\n<td><a id=\"MD5C-Br\u00e4nslepump\" class=\"tooltip-label\" href=\"https:\/\/marinepartseurope.com\/category\/Marine%20Diesel%20Engines\/product\/MD5C\/explodedview\/54148744?catalog=7742220&amp;img=49847.png&amp;functiongroup=Br%C3%A4nslesystem&amp;header=Br%C3%A4nslepump\" target=\"_blank\" rel=\"noopener\">Br\u00e4nslepump<\/a><\/td>\n<\/tr>\n<tr class=\"order-row odd\">\n<td>MD67C<\/td>\n<td><a id=\"MD67C-Br\u00e4nslepump\" class=\"tooltip-label\" href=\"https:\/\/marinepartseurope.com\/category\/Marine%20Diesel%20Engines\/product\/MD67C\/explodedview\/54146704?catalog=7742080&amp;img=49847.png&amp;functiongroup=Br%C3%A4nslesystem&amp;header=Br%C3%A4nslepump\" target=\"_blank\" rel=\"noopener\">Br\u00e4nslepump<\/a><\/td>\n<\/tr>\n<tr class=\"order-row even\">\n<td>MD67C<\/td>\n<td><a id=\"MD67C-Reparationssatser\" class=\"tooltip-label\" href=\"https:\/\/marinepartseurope.com\/category\/Marine%20Diesel%20Engines\/product\/MD67C\/explodedview\/54146839?catalog=7742080&amp;img=&amp;functiongroup=Reparationssatser&amp;header=Reparationssatser\" target=\"_blank\" rel=\"noopener\">Reparationssatser<\/a><\/td>\n<\/tr>\n<tr class=\"order-row odd\">\n<td>MD6A<\/td>\n<td><a id=\"MD6A-Br\u00e4nslepump\" class=\"tooltip-label\" href=\"https:\/\/marinepartseurope.com\/category\/Marine%20Diesel%20Engines\/product\/MD6A\/explodedview\/54146704?catalog=7742080&amp;img=49847.png&amp;functiongroup=Br%C3%A4nslesystem&amp;header=Br%C3%A4nslepump\" target=\"_blank\" rel=\"noopener\">Br\u00e4nslepump<\/a><\/td>\n<\/tr>\n<tr class=\"order-row even\">\n<td>MD6A<\/td>\n<td><a id=\"MD6A-Reparationssatser\" class=\"tooltip-label\" href=\"https:\/\/marinepartseurope.com\/category\/Marine%20Diesel%20Engines\/product\/MD6A\/explodedview\/54146839?catalog=7742080&amp;img=&amp;functiongroup=Reparationssatser&amp;header=Reparationssatser\" target=\"_blank\" rel=\"noopener\">Reparationssatser<\/a><\/td>\n<\/tr>\n<tr class=\"order-row odd\">\n<td>MD6B<\/td>\n<td><a id=\"MD6B-Br\u00e4nslepump\" class=\"tooltip-label\" href=\"https:\/\/marinepartseurope.com\/category\/Marine%20Diesel%20Engines\/product\/MD6B\/explodedview\/54146704?catalog=7742080&amp;img=49847.png&amp;functiongroup=Br%C3%A4nslesystem&amp;header=Br%C3%A4nslepump\" target=\"_blank\" rel=\"noopener\">Br\u00e4nslepump<\/a><\/td>\n<\/tr>\n<tr class=\"order-row even\">\n<td>MD6B<\/td>\n<td><a id=\"MD6B-Reparationssatser\" class=\"tooltip-label\" href=\"https:\/\/marinepartseurope.com\/category\/Marine%20Diesel%20Engines\/product\/MD6B\/explodedview\/54146839?catalog=7742080&amp;img=&amp;functiongroup=Reparationssatser&amp;header=Reparationssatser\" target=\"_blank\" rel=\"noopener\">Reparationssatser<\/a><\/td>\n<\/tr>\n<tr class=\"order-row odd\">\n<td>MD7A<\/td>\n<td><a id=\"MD7A-Br\u00e4nslepump\" class=\"tooltip-label\" href=\"https:\/\/marinepartseurope.com\/category\/Marine%20Diesel%20Engines\/product\/MD7A\/explodedview\/54146704?catalog=7742080&amp;img=49847.png&amp;functiongroup=Br%C3%A4nslesystem&amp;header=Br%C3%A4nslepump\" target=\"_blank\" rel=\"noopener\">Br\u00e4nslepump<\/a><\/td>\n<\/tr>\n<tr class=\"order-row even\">\n<td>MD7A<\/td>\n<td><a id=\"MD7A-Reparationssatser\" class=\"tooltip-label\" href=\"https:\/\/marinepartseurope.com\/category\/Marine%20Diesel%20Engines\/product\/MD7A\/explodedview\/54146840?catalog=7742080&amp;img=&amp;functiongroup=Reparationssatser&amp;header=Reparationssatser\" target=\"_blank\" rel=\"noopener\">Reparationssatser<\/a><\/td>\n<\/tr>\n<tr class=\"order-row odd\">\n<td>MD7B<\/td>\n<td><a id=\"MD7B-Br\u00e4nslepump\" class=\"tooltip-label\" href=\"https:\/\/marinepartseurope.com\/category\/Marine%20Diesel%20Engines\/product\/MD7B\/explodedview\/54146704?catalog=7742080&amp;img=49847.png&amp;functiongroup=Br%C3%A4nslesystem&amp;header=Br%C3%A4nslepump\" target=\"_blank\" rel=\"noopener\">Br\u00e4nslepump<\/a><\/td>\n<\/tr>\n<tr class=\"order-row even\">\n<td>MD7B<\/td>\n<td><a id=\"MD7B-Reparationssatser\" class=\"tooltip-label\" href=\"https:\/\/marinepartseurope.com\/category\/Marine%20Diesel%20Engines\/product\/MD7B\/explodedview\/54146840?catalog=7742080&amp;img=&amp;functiongroup=Reparationssatser&amp;header=Reparationssatser\" target=\"_blank\" rel=\"noopener\">Reparationssatser<\/a><\/td>\n<\/tr>\n<\/tbody>\n<\/table>\n<\/div>\n<\/div>\n<\/div>\n<\/div>\n<\/div>\n<\/div>\n<div class=\"col-lg-8 col-md-8 col-sm-12 col\">\n<h4><\/h4>\n<p><span class=\"label\">Art.<\/span>\u00a0<span class=\"part-no\">834255<\/span><\/p>\n<hr \/>\n<p><span class=\"label\">Artikelgrupp<\/span><\/p>\n<p>&nbsp;<\/p>\n<hr \/>\n<p><span class=\"label\">Vikt<\/span><\/p>\n<p>&nbsp;<\/p>\n<hr \/>\n<p><span class=\"label\">Ben\u00e4mning<\/span><\/p>\n<p>&nbsp;<\/p>\n<hr \/>\n<div class=\"mt-3\">\n<div class=\"row\">\n<p><img decoding=\"async\" class=\"py-1\" src=\"https:\/\/marinepartseurope.com\/css\/icons\/ban-regular.svg\" \/><\/p>\n<p class=\"text-danger mt-2 ml-2\">Produkten finns inte l\u00e4ngre i sortimentet och kan inte l\u00e4ngre k\u00f6pas<\/p>\n<\/div>\n<\/div>\n<\/div>\n<\/div>\n<\/div>\n<footer>\n<div class=\"bottom-row\">\n<div>\n<div class=\"row h-100 pt-4 pl-10 pr-10 pb-1\"><\/div>\n<\/div>\n<\/div>\n<\/footer>","protected":false},"excerpt":{"rendered":"<p>Br\u00e4nslepump till Volvo Penta Passar f\u00f6ljande motorer 2001 Matarpump 2001 Reparationssatser 2001AG Matarpump 2001AG Reparationssatser 2001B Matarpump 2001B Reparationssatser 2001BG Matarpump 2001D Matarpump 2001D Reparationssatser 2001R Matarpump 2001R Reparationssatser 2002 Matarpump 2002 Reparationssatser 2002AG Matarpump 2002AG Reparationssatser 2002B Matarpump 2002B Reparationssatser 2002BG Matarpump 2002D Matarpump 2002D Reparationssatser 2003 Matarpump 2003 SOLAS Matarpump 2003B Matarpump 2003B [&hellip;]<\/p>\n","protected":false},"featured_media":26374,"comment_status":"closed","ping_status":"closed","template":"","meta":[],"product_brand":[],"product_cat":[422,428,431],"product_tag":[],"class_list":{"0":"post-26373","1":"product","2":"type-product","3":"status-publish","4":"has-post-thumbnail","6":"product_cat-branslesystem","7":"product_cat-begagnade-batdelar","8":"product_cat-motordelar","10":"first","11":"instock","12":"taxable","13":"shipping-taxable","14":"purchasable","15":"product-type-simple"},"_links":{"self":[{"href":"https:\/\/wasayachts.com\/en\/wp-json\/wp\/v2\/product\/26373","targetHints":{"allow":["GET"]}}],"collection":[{"href":"https:\/\/wasayachts.com\/en\/wp-json\/wp\/v2\/product"}],"about":[{"href":"https:\/\/wasayachts.com\/en\/wp-json\/wp\/v2\/types\/product"}],"replies":[{"embeddable":true,"href":"https:\/\/wasayachts.com\/en\/wp-json\/wp\/v2\/comments?post=26373"}],"wp:featuredmedia":[{"embeddable":true,"href":"https:\/\/wasayachts.com\/en\/wp-json\/wp\/v2\/media\/26374"}],"wp:attachment":[{"href":"https:\/\/wasayachts.com\/en\/wp-json\/wp\/v2\/media?parent=26373"}],"wp:term":[{"taxonomy":"product_brand","embeddable":true,"href":"https:\/\/wasayachts.com\/en\/wp-json\/wp\/v2\/product_brand?post=26373"},{"taxonomy":"product_cat","embeddable":true,"href":"https:\/\/wasayachts.com\/en\/wp-json\/wp\/v2\/product_cat?post=26373"},{"taxonomy":"product_tag","embeddable":true,"href":"https:\/\/wasayachts.com\/en\/wp-json\/wp\/v2\/product_tag?post=26373"}],"curies":[{"name":"wp","href":"https:\/\/api.w.org\/{rel}","templated":true}]}}