{"id":26375,"date":"2025-03-25T13:13:31","date_gmt":"2025-03-25T12:13:31","guid":{"rendered":"https:\/\/wasayachts.com\/?post_type=product&#038;p=26375"},"modified":"2026-03-04T12:30:12","modified_gmt":"2026-03-04T11:30:12","slug":"tatningsring-gummitatning-volvo-penta-nr","status":"publish","type":"product","link":"https:\/\/wasayachts.com\/en\/product\/tatningsring-gummitatning-volvo-penta-nr\/","title":{"rendered":"T\u00e4tningsring gummit\u00e4tning Volvo Penta n,r"},"content":{"rendered":"<p>T\u00e4tningsring fr\u00e5n 2011<\/p>\n<p>utg\u00e5ngen modell av \u00e5lderssk\u00e4l<\/p>\n<p>t\u00e4tningsring \/ gummit\u00e4tning mellan Saildrive och motorb\u00e4dd<\/p>\n<p>&nbsp;<\/p>\n<div class=\"MuiGrid-root MuiGrid-item MuiGrid-grid-xs-12 css-15j76c0\"><a class=\"MuiTypography-root MuiTypography-inherit MuiLink-root MuiLink-underlineNone css-196gs84\" href=\"https:\/\/www.volvopenta.com\/shop\/0?ft=3586701&amp;product=120S-E\" target=\"_blank\" rel=\"noopener\">120S-E<\/a><\/div>\n<div class=\"MuiGrid-root MuiGrid-item MuiGrid-grid-xs-12 css-15j76c0\"><a class=\"MuiTypography-root MuiTypography-inherit MuiLink-root MuiLink-underlineNone css-196gs84\" href=\"https:\/\/www.volvopenta.com\/shop\/0?ft=3586701&amp;product=130S\" target=\"_blank\" rel=\"noopener\">130S<\/a><\/div>\n<div class=\"MuiGrid-root MuiGrid-item MuiGrid-grid-xs-12 css-15j76c0\"><a class=\"MuiTypography-root MuiTypography-inherit MuiLink-root MuiLink-underlineNone css-196gs84\" href=\"https:\/\/www.volvopenta.com\/shop\/0?ft=3586701&amp;product=130S-B\" target=\"_blank\" rel=\"noopener\">130S-B<\/a><\/div>\n<div class=\"MuiGrid-root MuiGrid-item MuiGrid-grid-xs-12 css-15j76c0\"><a class=\"MuiTypography-root MuiTypography-inherit MuiLink-root MuiLink-underlineNone css-196gs84\" href=\"https:\/\/www.volvopenta.com\/shop\/0?ft=3586701&amp;product=130SR\" target=\"_blank\" rel=\"noopener\">130SR<\/a><\/div>\n<div class=\"MuiGrid-root MuiGrid-item MuiGrid-grid-xs-12 css-15j76c0\"><a class=\"MuiTypography-root MuiTypography-inherit MuiLink-root MuiLink-underlineNone css-196gs84\" href=\"https:\/\/www.volvopenta.com\/shop\/0?ft=3586701&amp;product=130SR-A\" target=\"_blank\" rel=\"noopener\">130SR-A<\/a><\/div>\n<div class=\"MuiGrid-root MuiGrid-item MuiGrid-grid-xs-12 css-15j76c0\"><a class=\"MuiTypography-root MuiTypography-inherit MuiLink-root MuiLink-underlineNone css-196gs84\" href=\"https:\/\/www.volvopenta.com\/shop\/0?ft=3586701&amp;product=130SR-B\" target=\"_blank\" rel=\"noopener\">130SR-B<\/a><\/div>\n<div class=\"MuiGrid-root MuiGrid-item MuiGrid-grid-xs-12 css-15j76c0\"><a class=\"MuiTypography-root MuiTypography-inherit MuiLink-root MuiLink-underlineNone css-196gs84\" href=\"https:\/\/www.volvopenta.com\/shop\/0?ft=3586701&amp;product=150S\" target=\"_blank\" rel=\"noopener\">150S<\/a><\/div>\n<div class=\"MuiGrid-root MuiGrid-item MuiGrid-grid-xs-12 css-15j76c0\"><a class=\"MuiTypography-root MuiTypography-inherit MuiLink-root MuiLink-underlineNone css-196gs84\" href=\"https:\/\/www.volvopenta.com\/shop\/0?ft=3586701&amp;product=150S-B\" target=\"_blank\" rel=\"noopener\">150S-B<\/a><\/div>\n<div class=\"MuiGrid-root MuiGrid-item MuiGrid-grid-xs-12 css-15j76c0\"><a class=\"MuiTypography-root MuiTypography-inherit MuiLink-root MuiLink-underlineNone css-196gs84\" href=\"https:\/\/www.volvopenta.com\/shop\/0?ft=3586701&amp;product=150SR\" target=\"_blank\" rel=\"noopener\">150SR<\/a><\/div>\n<div class=\"MuiGrid-root MuiGrid-item MuiGrid-grid-xs-12 css-15j76c0\"><a class=\"MuiTypography-root MuiTypography-inherit MuiLink-root MuiLink-underlineNone css-196gs84\" href=\"https:\/\/www.volvopenta.com\/shop\/0?ft=3586701&amp;product=150SR-B\" target=\"_blank\" rel=\"noopener\">150SR-B<\/a><\/div>\n<div class=\"MuiGrid-root MuiGrid-item MuiGrid-grid-xs-12 css-15j76c0\"><a class=\"MuiTypography-root MuiTypography-inherit MuiLink-root MuiLink-underlineNone css-196gs84\" href=\"https:\/\/www.volvopenta.com\/shop\/0?ft=3586701&amp;product=MS25S-A\" target=\"_blank\" rel=\"noopener\">MS25S-A<\/a><\/div>\n<div class=\"MuiGrid-root MuiGrid-item MuiGrid-grid-xs-12 css-15j76c0\"><a class=\"MuiTypography-root MuiTypography-inherit MuiLink-root MuiLink-underlineNone css-196gs84\" href=\"https:\/\/www.volvopenta.com\/shop\/0?ft=3586701&amp;product=MS25SR-A\" target=\"_blank\" rel=\"noopener\">MS25SR-A<\/a><\/div>\n<div>850079 \/ 3586701 Passar till 6 h\u00e5ls<\/div>\n<div>\n<div class=\"MuiGrid-root MuiGrid-item MuiGrid-grid-xs-12 css-15j76c0\"><a class=\"MuiTypography-root MuiTypography-inherit MuiLink-root MuiLink-underlineNone css-196gs84\" href=\"https:\/\/www.volvopenta.com\/shop\/0?ft=3586701&amp;product=120S-E\" target=\"_blank\" rel=\"noopener\">120S-E<\/a><\/div>\n<div class=\"MuiGrid-root MuiGrid-item MuiGrid-grid-xs-12 css-15j76c0\"><a class=\"MuiTypography-root MuiTypography-inherit MuiLink-root MuiLink-underlineNone css-196gs84\" href=\"https:\/\/www.volvopenta.com\/shop\/0?ft=3586701&amp;product=130S\" target=\"_blank\" rel=\"noopener\">130S<\/a><\/div>\n<div class=\"MuiGrid-root MuiGrid-item MuiGrid-grid-xs-12 css-15j76c0\"><a class=\"MuiTypography-root MuiTypography-inherit MuiLink-root MuiLink-underlineNone css-196gs84\" href=\"https:\/\/www.volvopenta.com\/shop\/0?ft=3586701&amp;product=130S-B\" target=\"_blank\" rel=\"noopener\">130S-B<\/a><\/div>\n<div class=\"MuiGrid-root MuiGrid-item MuiGrid-grid-xs-12 css-15j76c0\"><a class=\"MuiTypography-root MuiTypography-inherit MuiLink-root MuiLink-underlineNone css-196gs84\" href=\"https:\/\/www.volvopenta.com\/shop\/0?ft=3586701&amp;product=130SR\" target=\"_blank\" rel=\"noopener\">130SR<\/a><\/div>\n<div class=\"MuiGrid-root MuiGrid-item MuiGrid-grid-xs-12 css-15j76c0\"><a class=\"MuiTypography-root MuiTypography-inherit MuiLink-root MuiLink-underlineNone css-196gs84\" href=\"https:\/\/www.volvopenta.com\/shop\/0?ft=3586701&amp;product=130SR-A\" target=\"_blank\" rel=\"noopener\">130SR-A<\/a><\/div>\n<div class=\"MuiGrid-root MuiGrid-item MuiGrid-grid-xs-12 css-15j76c0\"><a class=\"MuiTypography-root MuiTypography-inherit MuiLink-root MuiLink-underlineNone css-196gs84\" href=\"https:\/\/www.volvopenta.com\/shop\/0?ft=3586701&amp;product=130SR-B\" target=\"_blank\" rel=\"noopener\">130SR-B<\/a><\/div>\n<div class=\"MuiGrid-root MuiGrid-item MuiGrid-grid-xs-12 css-15j76c0\"><a class=\"MuiTypography-root MuiTypography-inherit MuiLink-root MuiLink-underlineNone css-196gs84\" href=\"https:\/\/www.volvopenta.com\/shop\/0?ft=3586701&amp;product=150S\" target=\"_blank\" rel=\"noopener\">150S<\/a><\/div>\n<div class=\"MuiGrid-root MuiGrid-item MuiGrid-grid-xs-12 css-15j76c0\"><a class=\"MuiTypography-root MuiTypography-inherit MuiLink-root MuiLink-underlineNone css-196gs84\" href=\"https:\/\/www.volvopenta.com\/shop\/0?ft=3586701&amp;product=150S-B\" target=\"_blank\" rel=\"noopener\">150S-B<\/a><\/div>\n<div class=\"MuiGrid-root MuiGrid-item MuiGrid-grid-xs-12 css-15j76c0\"><a class=\"MuiTypography-root MuiTypography-inherit MuiLink-root MuiLink-underlineNone css-196gs84\" href=\"https:\/\/www.volvopenta.com\/shop\/0?ft=3586701&amp;product=150SR\" target=\"_blank\" rel=\"noopener\">150SR<\/a><\/div>\n<div class=\"MuiGrid-root MuiGrid-item MuiGrid-grid-xs-12 css-15j76c0\"><a class=\"MuiTypography-root MuiTypography-inherit MuiLink-root MuiLink-underlineNone css-196gs84\" href=\"https:\/\/www.volvopenta.com\/shop\/0?ft=3586701&amp;product=150SR-B\" target=\"_blank\" rel=\"noopener\">150SR-B<\/a><\/div>\n<div class=\"MuiGrid-root MuiGrid-item MuiGrid-grid-xs-12 css-15j76c0\"><a class=\"MuiTypography-root MuiTypography-inherit MuiLink-root MuiLink-underlineNone css-196gs84\" href=\"https:\/\/www.volvopenta.com\/shop\/0?ft=3586701&amp;product=MS25S-A\" target=\"_blank\" rel=\"noopener\">MS25S-A<\/a><\/div>\n<div class=\"MuiGrid-root MuiGrid-item MuiGrid-grid-xs-12 css-15j76c0\"><a class=\"MuiTypography-root MuiTypography-inherit MuiLink-root MuiLink-underlineNone css-196gs84\" href=\"https:\/\/www.volvopenta.com\/shop\/0?ft=3586701&amp;product=MS25SR-A\" target=\"_blank\" rel=\"noopener\">MS25SR-A<\/a><\/div>\n<div class=\"MuiGrid-root MuiGrid-item MuiGrid-grid-xs-12 css-15j76c0\"><a class=\"MuiTypography-root MuiTypography-inherit MuiLink-root MuiLink-underlineNone css-196gs84\" href=\"https:\/\/www.volvopenta.com\/shop\/0?ft=3586701&amp;product=MD11C\" target=\"_blank\" rel=\"noopener\">MD11C<\/a><\/div>\n<div class=\"MuiGrid-root MuiGrid-item MuiGrid-grid-xs-12 css-15j76c0\"><a class=\"MuiTypography-root MuiTypography-inherit MuiLink-root MuiLink-underlineNone css-196gs84\" href=\"https:\/\/www.volvopenta.com\/shop\/0?ft=3586701&amp;product=MD11D\" target=\"_blank\" rel=\"noopener\">MD11D<\/a><\/div>\n<div class=\"MuiGrid-root MuiGrid-item MuiGrid-grid-xs-12 css-15j76c0\"><a class=\"MuiTypography-root MuiTypography-inherit MuiLink-root MuiLink-underlineNone css-196gs84\" href=\"https:\/\/www.volvopenta.com\/shop\/0?ft=3586701&amp;product=MD17C\" target=\"_blank\" rel=\"noopener\">MD17C<\/a><\/div>\n<div class=\"MuiGrid-root MuiGrid-item MuiGrid-grid-xs-12 css-15j76c0\"><a class=\"MuiTypography-root MuiTypography-inherit MuiLink-root MuiLink-underlineNone css-196gs84\" href=\"https:\/\/www.volvopenta.com\/shop\/0?ft=3586701&amp;product=MD17D\" target=\"_blank\" rel=\"noopener\">MD17D<\/a><\/div>\n<\/div>\n<div class=\"MuiGrid-root MuiGrid-item MuiGrid-grid-xs-12 css-15j76c0\"><\/div>","protected":false},"excerpt":{"rendered":"<p>T\u00e4tningsring fr\u00e5n 2011 utg\u00e5ngen modell av \u00e5lderssk\u00e4l t\u00e4tningsring \/ gummit\u00e4tning mellan Saildrive och motorb\u00e4dd &nbsp; 120S-E 130S 130S-B 130SR 130SR-A 130SR-B 150S 150S-B 150SR 150SR-B MS25S-A MS25SR-A 850079 \/ 3586701 Passar till 6 h\u00e5ls 120S-E 130S 130S-B 130SR 130SR-A 130SR-B 150S 150S-B 150SR 150SR-B MS25S-A MS25SR-A MD11C MD11D MD17C MD17D<\/p>","protected":false},"featured_media":26376,"comment_status":"closed","ping_status":"closed","template":"","meta":[],"product_brand":[],"product_cat":[413,428,412,431,444],"product_tag":[],"class_list":{"0":"post-26375","1":"product","2":"type-product","3":"status-publish","4":"has-post-thumbnail","6":"product_cat-anslutningsdetaljer-drev-och-backslag-motortassar","7":"product_cat-begagnade-batdelar","8":"product_cat-drev-och-drivlina","9":"product_cat-motordelar","10":"product_cat-filter","12":"first","13":"instock","14":"taxable","15":"shipping-taxable","16":"purchasable","17":"product-type-simple"},"_links":{"self":[{"href":"https:\/\/wasayachts.com\/en\/wp-json\/wp\/v2\/product\/26375","targetHints":{"allow":["GET"]}}],"collection":[{"href":"https:\/\/wasayachts.com\/en\/wp-json\/wp\/v2\/product"}],"about":[{"href":"https:\/\/wasayachts.com\/en\/wp-json\/wp\/v2\/types\/product"}],"replies":[{"embeddable":true,"href":"https:\/\/wasayachts.com\/en\/wp-json\/wp\/v2\/comments?post=26375"}],"wp:featuredmedia":[{"embeddable":true,"href":"https:\/\/wasayachts.com\/en\/wp-json\/wp\/v2\/media\/26376"}],"wp:attachment":[{"href":"https:\/\/wasayachts.com\/en\/wp-json\/wp\/v2\/media?parent=26375"}],"wp:term":[{"taxonomy":"product_brand","embeddable":true,"href":"https:\/\/wasayachts.com\/en\/wp-json\/wp\/v2\/product_brand?post=26375"},{"taxonomy":"product_cat","embeddable":true,"href":"https:\/\/wasayachts.com\/en\/wp-json\/wp\/v2\/product_cat?post=26375"},{"taxonomy":"product_tag","embeddable":true,"href":"https:\/\/wasayachts.com\/en\/wp-json\/wp\/v2\/product_tag?post=26375"}],"curies":[{"name":"wp","href":"https:\/\/api.w.org\/{rel}","templated":true}]}}