{"id":26421,"date":"2025-03-27T11:10:30","date_gmt":"2025-03-27T10:10:30","guid":{"rendered":"https:\/\/wasayachts.com\/?post_type=product&#038;p=26421"},"modified":"2025-03-27T11:14:54","modified_gmt":"2025-03-27T10:14:54","slug":"oljesumpsil-md17-volvo-penta-nr-833039","status":"publish","type":"product","link":"https:\/\/wasayachts.com\/en\/product\/oljesumpsil-md17-volvo-penta-nr-833039\/","title":{"rendered":"Oljesumpsil MD17 Volvo Penta n,r 833039"},"content":{"rendered":"<p>Volvo penta<\/p>\n<p>Motor MD 17<\/p>\n<p>Bra skick<\/p>\n<div class=\"MuiGrid-root MuiGrid-item MuiGrid-grid-xs-12 css-15j76c0\">\n<table class=\"table table-striped\">\n<tbody>\n<tr class=\"order-row odd\">\n<td>MD17C<\/td>\n<td><a id=\"MD17C-Sm\u00f6rjsystem\" class=\"tooltip-label\" href=\"https:\/\/marinepartseurope.com\/category\/Marine%20Diesel%20Engines\/product\/MD17C\/explodedview\/54148868?catalog=7742230&amp;img=51619.png&amp;functiongroup=Motor&amp;header=Sm%C3%B6rjsystem\" target=\"_blank\" rel=\"noopener\">Sm\u00f6rjsystem<\/a><\/td>\n<\/tr>\n<tr class=\"order-row even\">\n<td>MD17D<\/td>\n<td><a id=\"MD17D-Sm\u00f6rjsystem\" class=\"tooltip-label\" href=\"https:\/\/marinepartseurope.com\/category\/Marine%20Diesel%20Engines\/product\/MD17D\/explodedview\/54148869?catalog=7742230&amp;img=51619.png&amp;functiongroup=Motor&amp;header=Sm%C3%B6rjsystem\" target=\"_blank\" rel=\"noopener\">Sm\u00f6rjsystem<\/a><\/p>\n<div class=\"tooltip fade show bs-tooltip-right\" role=\"tooltip\">\n<div class=\"arrow\"><\/div>\n<div class=\"tooltip-inner\"><img decoding=\"async\" class=\"tooltip-image\" src=\"https:\/\/erp.marinepartseurope.com\/images\/7742230\/51619.png\" \/><\/div>\n<\/div>\n<\/td>\n<\/tr>\n<tr class=\"order-row odd\">\n<td>MD3B<\/td>\n<td><a id=\"MD3B-Sm\u00f6rjsystem\" class=\"tooltip-label\" href=\"https:\/\/marinepartseurope.com\/category\/Marine%20Diesel%20Engines\/product\/MD3B\/explodedview\/54146863?catalog=7742090&amp;img=49956.png&amp;functiongroup=Motor&amp;header=Sm%C3%B6rjsystem\" target=\"_blank\" rel=\"noopener\">Sm\u00f6rjsystem<\/a><\/td>\n<\/tr>\n<\/tbody>\n<\/table>\n<\/div>","protected":false},"excerpt":{"rendered":"<p>Volvo penta Motor MD 17 Bra skick MD17C Sm\u00f6rjsystem MD17D Sm\u00f6rjsystem MD3B Sm\u00f6rjsystem<\/p>","protected":false},"featured_media":26422,"comment_status":"closed","ping_status":"closed","template":"","meta":[],"product_brand":[],"product_cat":[414,428,431],"product_tag":[],"class_list":{"0":"post-26421","1":"product","2":"type-product","3":"status-publish","4":"has-post-thumbnail","6":"product_cat-topplock","7":"product_cat-begagnade-batdelar","8":"product_cat-motordelar","10":"first","11":"instock","12":"taxable","13":"shipping-taxable","14":"purchasable","15":"product-type-simple"},"_links":{"self":[{"href":"https:\/\/wasayachts.com\/en\/wp-json\/wp\/v2\/product\/26421","targetHints":{"allow":["GET"]}}],"collection":[{"href":"https:\/\/wasayachts.com\/en\/wp-json\/wp\/v2\/product"}],"about":[{"href":"https:\/\/wasayachts.com\/en\/wp-json\/wp\/v2\/types\/product"}],"replies":[{"embeddable":true,"href":"https:\/\/wasayachts.com\/en\/wp-json\/wp\/v2\/comments?post=26421"}],"wp:featuredmedia":[{"embeddable":true,"href":"https:\/\/wasayachts.com\/en\/wp-json\/wp\/v2\/media\/26422"}],"wp:attachment":[{"href":"https:\/\/wasayachts.com\/en\/wp-json\/wp\/v2\/media?parent=26421"}],"wp:term":[{"taxonomy":"product_brand","embeddable":true,"href":"https:\/\/wasayachts.com\/en\/wp-json\/wp\/v2\/product_brand?post=26421"},{"taxonomy":"product_cat","embeddable":true,"href":"https:\/\/wasayachts.com\/en\/wp-json\/wp\/v2\/product_cat?post=26421"},{"taxonomy":"product_tag","embeddable":true,"href":"https:\/\/wasayachts.com\/en\/wp-json\/wp\/v2\/product_tag?post=26421"}],"curies":[{"name":"wp","href":"https:\/\/api.w.org\/{rel}","templated":true}]}}