{"id":26435,"date":"2025-03-27T14:08:22","date_gmt":"2025-03-27T13:08:22","guid":{"rendered":"https:\/\/wasayachts.com\/?post_type=product&#038;p=26435"},"modified":"2025-03-31T10:13:51","modified_gmt":"2025-03-31T08:13:51","slug":"drev-anslutning-5","status":"publish","type":"product","link":"https:\/\/wasayachts.com\/en\/product\/drev-anslutning-5\/","title":{"rendered":"Drev anslutning"},"content":{"rendered":"<p>Begagnat mercruiser bravo 3<\/p>\n<p>innersk\u00f6ld<\/p>\n<p>&nbsp;<\/p>\n<p>Passar<\/p>\n<p>&nbsp;<\/p>\n<p>&nbsp;<\/p>\n<p>Produkten ska h\u00e4mtas i S\u00f6dert\u00e4lje eller skickas med special frakt.<br \/>\nKunden st\u00e5r f\u00f6r kostnader. Kostnader ber\u00e4knas\u00a0efter f\u00f6rfr\u00e5gan.<\/p>\n<p>&nbsp;<\/p>\n<p>&nbsp;<\/p>","protected":false},"excerpt":{"rendered":"<p>Begagnat mercruiser bravo 3 innersk\u00f6ld &nbsp; Passar &nbsp; &nbsp; Produkten ska h\u00e4mtas i S\u00f6dert\u00e4lje eller skickas med special frakt. Kunden st\u00e5r f\u00f6r kostnader. Kostnader ber\u00e4knas\u00a0efter f\u00f6rfr\u00e5gan. &nbsp; &nbsp;<\/p>","protected":false},"featured_media":26438,"comment_status":"closed","ping_status":"closed","template":"","meta":[],"product_brand":[],"product_cat":[402,428,412],"product_tag":[],"class_list":{"0":"post-26435","1":"product","2":"type-product","3":"status-publish","4":"has-post-thumbnail","6":"product_cat-drev-backslag","7":"product_cat-begagnade-batdelar","8":"product_cat-drev-och-drivlina","9":"product_shipping_class-hamtning","11":"first","12":"instock","13":"taxable","14":"shipping-taxable","15":"purchasable","16":"product-type-simple"},"_links":{"self":[{"href":"https:\/\/wasayachts.com\/en\/wp-json\/wp\/v2\/product\/26435","targetHints":{"allow":["GET"]}}],"collection":[{"href":"https:\/\/wasayachts.com\/en\/wp-json\/wp\/v2\/product"}],"about":[{"href":"https:\/\/wasayachts.com\/en\/wp-json\/wp\/v2\/types\/product"}],"replies":[{"embeddable":true,"href":"https:\/\/wasayachts.com\/en\/wp-json\/wp\/v2\/comments?post=26435"}],"wp:featuredmedia":[{"embeddable":true,"href":"https:\/\/wasayachts.com\/en\/wp-json\/wp\/v2\/media\/26438"}],"wp:attachment":[{"href":"https:\/\/wasayachts.com\/en\/wp-json\/wp\/v2\/media?parent=26435"}],"wp:term":[{"taxonomy":"product_brand","embeddable":true,"href":"https:\/\/wasayachts.com\/en\/wp-json\/wp\/v2\/product_brand?post=26435"},{"taxonomy":"product_cat","embeddable":true,"href":"https:\/\/wasayachts.com\/en\/wp-json\/wp\/v2\/product_cat?post=26435"},{"taxonomy":"product_tag","embeddable":true,"href":"https:\/\/wasayachts.com\/en\/wp-json\/wp\/v2\/product_tag?post=26435"}],"curies":[{"name":"wp","href":"https:\/\/api.w.org\/{rel}","templated":true}]}}