{"id":26556,"date":"2025-04-08T12:34:40","date_gmt":"2025-04-08T10:34:40","guid":{"rendered":"https:\/\/wasayachts.com\/?post_type=product&#038;p=26556"},"modified":"2025-04-15T07:11:09","modified_gmt":"2025-04-15T05:11:09","slug":"el-panel-kretskort","status":"publish","type":"product","link":"https:\/\/wasayachts.com\/en\/product\/el-panel-kretskort\/","title":{"rendered":"El-panel kretskort"},"content":{"rendered":"<p>Kretskort till elpanel. 12 &#8211; 24 voltsystem<\/p>\n<p>Gjort med tanke p\u00e5 tropik klassning<\/p>\n<p>M\u00e5ste l\u00f6das in motst\u00e5nd och kabelanslutningar<\/p>\n<p>Passar Wasa-b\u00e5tar + alla andra b\u00e5tar<\/p>","protected":false},"excerpt":{"rendered":"<p>Kretskort till elpanel. 12 &#8211; 24 voltsystem Gjort med tanke p\u00e5 tropik klassning M\u00e5ste l\u00f6das in motst\u00e5nd och kabelanslutningar Passar Wasa-b\u00e5tar + alla andra b\u00e5tar<\/p>","protected":false},"featured_media":26557,"comment_status":"closed","ping_status":"closed","template":"","meta":[],"product_brand":[],"product_cat":[466,428,425],"product_tag":[],"class_list":{"0":"post-26556","1":"product","2":"type-product","3":"status-publish","4":"has-post-thumbnail","6":"product_cat-elpaneler-laddare-inverter","7":"product_cat-begagnade-batdelar","8":"product_cat-elektronik-och-instrument","10":"first","11":"instock","12":"taxable","13":"shipping-taxable","14":"purchasable","15":"product-type-simple"},"_links":{"self":[{"href":"https:\/\/wasayachts.com\/en\/wp-json\/wp\/v2\/product\/26556","targetHints":{"allow":["GET"]}}],"collection":[{"href":"https:\/\/wasayachts.com\/en\/wp-json\/wp\/v2\/product"}],"about":[{"href":"https:\/\/wasayachts.com\/en\/wp-json\/wp\/v2\/types\/product"}],"replies":[{"embeddable":true,"href":"https:\/\/wasayachts.com\/en\/wp-json\/wp\/v2\/comments?post=26556"}],"wp:featuredmedia":[{"embeddable":true,"href":"https:\/\/wasayachts.com\/en\/wp-json\/wp\/v2\/media\/26557"}],"wp:attachment":[{"href":"https:\/\/wasayachts.com\/en\/wp-json\/wp\/v2\/media?parent=26556"}],"wp:term":[{"taxonomy":"product_brand","embeddable":true,"href":"https:\/\/wasayachts.com\/en\/wp-json\/wp\/v2\/product_brand?post=26556"},{"taxonomy":"product_cat","embeddable":true,"href":"https:\/\/wasayachts.com\/en\/wp-json\/wp\/v2\/product_cat?post=26556"},{"taxonomy":"product_tag","embeddable":true,"href":"https:\/\/wasayachts.com\/en\/wp-json\/wp\/v2\/product_tag?post=26556"}],"curies":[{"name":"wp","href":"https:\/\/api.w.org\/{rel}","templated":true}]}}