{"id":26558,"date":"2025-04-08T17:36:56","date_gmt":"2025-04-08T15:36:56","guid":{"rendered":"https:\/\/wasayachts.com\/?post_type=product&#038;p=26558"},"modified":"2025-06-24T15:22:30","modified_gmt":"2025-06-24T13:22:30","slug":"motorpanel-volvo-penta-nr-840529-833908","status":"publish","type":"product","link":"https:\/\/wasayachts.com\/en\/product\/motorpanel-volvo-penta-nr-840529-833908\/","title":{"rendered":"Instrumentpanel\/Motorpanel 12v Volvo penta n,r 840529 ,833908"},"content":{"rendered":"<p>Start med nyckel som \u00e4r trasigt<\/p>\n<p>Kommer fr\u00e5n MD11 eller MD 17<\/p>\n<p>Passar f\u00f6ljande motorer<\/p>\n<div class=\"MuiGrid-root MuiGrid-item MuiGrid-grid-xs-12 css-15j76c0\"><a class=\"MuiTypography-root MuiTypography-inherit MuiLink-root MuiLink-underlineNone css-196gs84\" href=\"https:\/\/www.volvopenta.com\/shop\/0?ft=833908&amp;product=MD1B\" target=\"_blank\" rel=\"noopener\">MD1B<\/a><\/div>\n<div class=\"MuiGrid-root MuiGrid-item MuiGrid-grid-xs-12 css-15j76c0\"><a class=\"MuiTypography-root MuiTypography-inherit MuiLink-root MuiLink-underlineNone css-196gs84\" href=\"https:\/\/www.volvopenta.com\/shop\/0?ft=833908&amp;product=MD2B\" target=\"_blank\" rel=\"noopener\">MD2B<\/a><\/div>\n<div class=\"MuiGrid-root MuiGrid-item MuiGrid-grid-xs-12 css-15j76c0\"><a class=\"MuiTypography-root MuiTypography-inherit MuiLink-root MuiLink-underlineNone css-196gs84\" href=\"https:\/\/www.volvopenta.com\/shop\/0?ft=833908&amp;product=MD3B\" target=\"_blank\" rel=\"noopener\">MD3B<\/a><\/div>\n<div class=\"MuiGrid-root MuiGrid-item MuiGrid-grid-xs-12 css-15j76c0\"><a class=\"MuiTypography-root MuiTypography-inherit MuiLink-root MuiLink-underlineNone css-196gs84\" href=\"https:\/\/www.volvopenta.com\/shop\/0?ft=833908&amp;product=MD11C\" target=\"_blank\" rel=\"noopener\">MD11C<\/a><\/div>\n<div class=\"MuiGrid-root MuiGrid-item MuiGrid-grid-xs-12 css-15j76c0\"><a class=\"MuiTypography-root MuiTypography-inherit MuiLink-root MuiLink-underlineNone css-196gs84\" href=\"https:\/\/www.volvopenta.com\/shop\/0?ft=833908&amp;product=MD11D\" target=\"_blank\" rel=\"noopener\">MD11D<\/a><\/div>\n<div class=\"MuiGrid-root MuiGrid-item MuiGrid-grid-xs-12 css-15j76c0\"><a class=\"MuiTypography-root MuiTypography-inherit MuiLink-root MuiLink-underlineNone css-196gs84\" href=\"https:\/\/www.volvopenta.com\/shop\/0?ft=833908&amp;product=AQD2B\" target=\"_blank\" rel=\"noopener\">AQD2B<\/a><\/div>\n<div class=\"MuiGrid-root MuiGrid-item MuiGrid-grid-xs-12 css-15j76c0\"><a class=\"MuiTypography-root MuiTypography-inherit MuiLink-root MuiLink-underlineNone css-196gs84\" href=\"https:\/\/www.volvopenta.com\/shop\/0?ft=833908&amp;product=MD17C\" target=\"_blank\" rel=\"noopener\">MD17C<\/a><\/div>\n<div class=\"MuiGrid-root MuiGrid-item MuiGrid-grid-xs-12 css-15j76c0\"><a class=\"MuiTypography-root MuiTypography-inherit MuiLink-root MuiLink-underlineNone css-196gs84\" href=\"https:\/\/www.volvopenta.com\/shop\/0?ft=833908&amp;product=MD17D\" target=\"_blank\" rel=\"noopener\">MD17D<\/a><\/div>","protected":false},"excerpt":{"rendered":"<p>Start med nyckel som \u00e4r trasigt Kommer fr\u00e5n MD11 eller MD 17 Passar f\u00f6ljande motorer MD1B MD2B MD3B MD11C MD11D AQD2B MD17C MD17D<\/p>","protected":false},"featured_media":26561,"comment_status":"closed","ping_status":"closed","template":"","meta":[],"product_brand":[],"product_cat":[415,428,431],"product_tag":[],"class_list":{"0":"post-26558","1":"product","2":"type-product","3":"status-publish","4":"has-post-thumbnail","6":"product_cat-motorpaneler-och-kabelharvor","7":"product_cat-begagnade-batdelar","8":"product_cat-motordelar","10":"first","11":"instock","12":"taxable","13":"shipping-taxable","14":"purchasable","15":"product-type-simple"},"_links":{"self":[{"href":"https:\/\/wasayachts.com\/en\/wp-json\/wp\/v2\/product\/26558","targetHints":{"allow":["GET"]}}],"collection":[{"href":"https:\/\/wasayachts.com\/en\/wp-json\/wp\/v2\/product"}],"about":[{"href":"https:\/\/wasayachts.com\/en\/wp-json\/wp\/v2\/types\/product"}],"replies":[{"embeddable":true,"href":"https:\/\/wasayachts.com\/en\/wp-json\/wp\/v2\/comments?post=26558"}],"wp:featuredmedia":[{"embeddable":true,"href":"https:\/\/wasayachts.com\/en\/wp-json\/wp\/v2\/media\/26561"}],"wp:attachment":[{"href":"https:\/\/wasayachts.com\/en\/wp-json\/wp\/v2\/media?parent=26558"}],"wp:term":[{"taxonomy":"product_brand","embeddable":true,"href":"https:\/\/wasayachts.com\/en\/wp-json\/wp\/v2\/product_brand?post=26558"},{"taxonomy":"product_cat","embeddable":true,"href":"https:\/\/wasayachts.com\/en\/wp-json\/wp\/v2\/product_cat?post=26558"},{"taxonomy":"product_tag","embeddable":true,"href":"https:\/\/wasayachts.com\/en\/wp-json\/wp\/v2\/product_tag?post=26558"}],"curies":[{"name":"wp","href":"https:\/\/api.w.org\/{rel}","templated":true}]}}