{"id":26657,"date":"2025-06-04T13:08:45","date_gmt":"2025-06-04T11:08:45","guid":{"rendered":"https:\/\/wasayachts.com\/?post_type=product&#038;p=26657"},"modified":"2026-04-01T13:27:38","modified_gmt":"2026-04-01T11:27:38","slug":"mastror-2","status":"publish","type":"product","link":"https:\/\/wasayachts.com\/en\/product\/mastror-2\/","title":{"rendered":"Mastr\u00f6r 225x 120 L 11,20 m"},"content":{"rendered":"<p>Mast r\u00f6r l\u00e4ngd 11,2<\/p>\n<p>225&#215;120<\/p>\n<p>&nbsp;<\/p>\n<p data-start=\"263\" data-end=\"352\">Produkten ska h\u00e4mtas i S\u00f6dert\u00e4lje eller skickas med specialfrakt.<br \/>\nKunden st\u00e5r f\u00f6r kostnader. Kostnader ber\u00e4knas\u00a0efter f\u00f6rfr\u00e5gan.<\/p>","protected":false},"excerpt":{"rendered":"<p>Mast r\u00f6r l\u00e4ngd 11,2 225&#215;120 &nbsp; Produkten ska h\u00e4mtas i S\u00f6dert\u00e4lje eller skickas med specialfrakt. Kunden st\u00e5r f\u00f6r kostnader. Kostnader ber\u00e4knas\u00a0efter f\u00f6rfr\u00e5gan.<\/p>","protected":false},"featured_media":26659,"comment_status":"closed","ping_status":"closed","template":"","meta":[],"product_brand":[],"product_cat":[428,417,443],"product_tag":[],"class_list":{"0":"post-26657","1":"product","2":"type-product","3":"status-publish","4":"has-post-thumbnail","6":"product_cat-begagnade-batdelar","7":"product_cat-mast-och-rigg","8":"product_cat-bom-och-bomtillbehor","9":"product_shipping_class-hamtning","11":"first","12":"instock","13":"taxable","14":"shipping-taxable","15":"purchasable","16":"product-type-simple"},"_links":{"self":[{"href":"https:\/\/wasayachts.com\/en\/wp-json\/wp\/v2\/product\/26657","targetHints":{"allow":["GET"]}}],"collection":[{"href":"https:\/\/wasayachts.com\/en\/wp-json\/wp\/v2\/product"}],"about":[{"href":"https:\/\/wasayachts.com\/en\/wp-json\/wp\/v2\/types\/product"}],"replies":[{"embeddable":true,"href":"https:\/\/wasayachts.com\/en\/wp-json\/wp\/v2\/comments?post=26657"}],"wp:featuredmedia":[{"embeddable":true,"href":"https:\/\/wasayachts.com\/en\/wp-json\/wp\/v2\/media\/26659"}],"wp:attachment":[{"href":"https:\/\/wasayachts.com\/en\/wp-json\/wp\/v2\/media?parent=26657"}],"wp:term":[{"taxonomy":"product_brand","embeddable":true,"href":"https:\/\/wasayachts.com\/en\/wp-json\/wp\/v2\/product_brand?post=26657"},{"taxonomy":"product_cat","embeddable":true,"href":"https:\/\/wasayachts.com\/en\/wp-json\/wp\/v2\/product_cat?post=26657"},{"taxonomy":"product_tag","embeddable":true,"href":"https:\/\/wasayachts.com\/en\/wp-json\/wp\/v2\/product_tag?post=26657"}],"curies":[{"name":"wp","href":"https:\/\/api.w.org\/{rel}","templated":true}]}}