{"id":26802,"date":"2025-08-25T09:52:36","date_gmt":"2025-08-25T07:52:36","guid":{"rendered":"https:\/\/wasayachts.com\/?post_type=product&#038;p=26802"},"modified":"2026-04-01T13:58:00","modified_gmt":"2026-04-01T11:58:00","slug":"bom-till-storsegel-passar-ballad","status":"publish","type":"product","link":"https:\/\/wasayachts.com\/en\/product\/bom-till-storsegel-passar-ballad\/","title":{"rendered":"Bom till storsegel passar Albin Ballad l\u00e4ngd 2,9 m"},"content":{"rendered":"<p>Boml\u00e4ngd 2900 mm<\/p>\n<p>H\u00f6jd 110 mm<\/p>\n<p>Bredd 80 mm<\/p>\n<p>Bommen kommer fr\u00e5n en Ballad<\/p>\n<p>Produkten ska h\u00e4mtas i S\u00f6dert\u00e4lje.<\/p>","protected":false},"excerpt":{"rendered":"<p>Boml\u00e4ngd 2900 mm H\u00f6jd 110 mm Bredd 80 mm Bommen kommer fr\u00e5n en Ballad Produkten ska h\u00e4mtas i S\u00f6dert\u00e4lje.<\/p>","protected":false},"featured_media":26803,"comment_status":"closed","ping_status":"closed","template":"","meta":[],"product_brand":[],"product_cat":[443,428,417],"product_tag":[],"class_list":{"0":"post-26802","1":"product","2":"type-product","3":"status-publish","4":"has-post-thumbnail","6":"product_cat-bom-och-bomtillbehor","7":"product_cat-begagnade-batdelar","8":"product_cat-mast-och-rigg","9":"product_shipping_class-hamtning","11":"first","12":"instock","13":"taxable","14":"shipping-taxable","15":"purchasable","16":"product-type-simple"},"_links":{"self":[{"href":"https:\/\/wasayachts.com\/en\/wp-json\/wp\/v2\/product\/26802","targetHints":{"allow":["GET"]}}],"collection":[{"href":"https:\/\/wasayachts.com\/en\/wp-json\/wp\/v2\/product"}],"about":[{"href":"https:\/\/wasayachts.com\/en\/wp-json\/wp\/v2\/types\/product"}],"replies":[{"embeddable":true,"href":"https:\/\/wasayachts.com\/en\/wp-json\/wp\/v2\/comments?post=26802"}],"wp:featuredmedia":[{"embeddable":true,"href":"https:\/\/wasayachts.com\/en\/wp-json\/wp\/v2\/media\/26803"}],"wp:attachment":[{"href":"https:\/\/wasayachts.com\/en\/wp-json\/wp\/v2\/media?parent=26802"}],"wp:term":[{"taxonomy":"product_brand","embeddable":true,"href":"https:\/\/wasayachts.com\/en\/wp-json\/wp\/v2\/product_brand?post=26802"},{"taxonomy":"product_cat","embeddable":true,"href":"https:\/\/wasayachts.com\/en\/wp-json\/wp\/v2\/product_cat?post=26802"},{"taxonomy":"product_tag","embeddable":true,"href":"https:\/\/wasayachts.com\/en\/wp-json\/wp\/v2\/product_tag?post=26802"}],"curies":[{"name":"wp","href":"https:\/\/api.w.org\/{rel}","templated":true}]}}