{"id":26858,"date":"2025-08-28T14:27:57","date_gmt":"2025-08-28T12:27:57","guid":{"rendered":"https:\/\/wasayachts.com\/?post_type=product&#038;p=26858"},"modified":"2025-09-08T13:01:50","modified_gmt":"2025-09-08T11:01:50","slug":"rorkult-till-ballad","status":"publish","type":"product","link":"https:\/\/wasayachts.com\/en\/product\/rorkult-till-ballad\/","title":{"rendered":"Rorkult till Albin Ballad"},"content":{"rendered":"<p>Beg ror kult i mahogny<\/p>\n<p>Inkl roderbeslag och h\u00e4ngpinne<\/p>\n<p>M\u00e5tt l\u00e4ngd 1200 mm<\/p>\n<p>Rostfri axel 25 mm<\/p>","protected":false},"excerpt":{"rendered":"<p>Beg ror kult i mahogny Inkl roderbeslag och h\u00e4ngpinne M\u00e5tt l\u00e4ngd 1200 mm Rostfri axel 25 mm<\/p>","protected":false},"featured_media":26859,"comment_status":"closed","ping_status":"closed","template":"","meta":[],"product_brand":[],"product_cat":[452,428,416],"product_tag":[],"class_list":{"0":"post-26858","1":"product","2":"type-product","3":"status-publish","4":"has-post-thumbnail","6":"product_cat-roder","7":"product_cat-begagnade-batdelar","8":"product_cat-dacksutrustning","10":"first","11":"instock","12":"taxable","13":"shipping-taxable","14":"purchasable","15":"product-type-simple"},"_links":{"self":[{"href":"https:\/\/wasayachts.com\/en\/wp-json\/wp\/v2\/product\/26858","targetHints":{"allow":["GET"]}}],"collection":[{"href":"https:\/\/wasayachts.com\/en\/wp-json\/wp\/v2\/product"}],"about":[{"href":"https:\/\/wasayachts.com\/en\/wp-json\/wp\/v2\/types\/product"}],"replies":[{"embeddable":true,"href":"https:\/\/wasayachts.com\/en\/wp-json\/wp\/v2\/comments?post=26858"}],"wp:featuredmedia":[{"embeddable":true,"href":"https:\/\/wasayachts.com\/en\/wp-json\/wp\/v2\/media\/26859"}],"wp:attachment":[{"href":"https:\/\/wasayachts.com\/en\/wp-json\/wp\/v2\/media?parent=26858"}],"wp:term":[{"taxonomy":"product_brand","embeddable":true,"href":"https:\/\/wasayachts.com\/en\/wp-json\/wp\/v2\/product_brand?post=26858"},{"taxonomy":"product_cat","embeddable":true,"href":"https:\/\/wasayachts.com\/en\/wp-json\/wp\/v2\/product_cat?post=26858"},{"taxonomy":"product_tag","embeddable":true,"href":"https:\/\/wasayachts.com\/en\/wp-json\/wp\/v2\/product_tag?post=26858"}],"curies":[{"name":"wp","href":"https:\/\/api.w.org\/{rel}","templated":true}]}}