{"id":26869,"date":"2025-08-31T11:07:56","date_gmt":"2025-08-31T09:07:56","guid":{"rendered":"https:\/\/wasayachts.com\/?post_type=product&#038;p=26869"},"modified":"2025-08-31T11:18:41","modified_gmt":"2025-08-31T09:18:41","slug":"vattenkyld-ljuddampare-45-mm-vattenlas","status":"publish","type":"product","link":"https:\/\/wasayachts.com\/en\/product\/vattenkyld-ljuddampare-45-mm-vattenlas\/","title":{"rendered":"Vattenkyld ljudd\u00e4mpare 45 mm Vattenl\u00e5s"},"content":{"rendered":"<p>ljudd\u00e4mpare\u00a0 Vattenl\u00e5s Passar Volvo Penta med flera<\/p>\n<p>Slang 45 mm<\/p>","protected":false},"excerpt":{"rendered":"<p>ljudd\u00e4mpare\u00a0 Vattenl\u00e5s Passar Volvo Penta med flera Slang 45 mm<\/p>","protected":false},"featured_media":26870,"comment_status":"closed","ping_status":"closed","template":"","meta":[],"product_brand":[],"product_cat":[407,428,431],"product_tag":[],"class_list":{"0":"post-26869","1":"product","2":"type-product","3":"status-publish","4":"has-post-thumbnail","6":"product_cat-avgasdelar","7":"product_cat-begagnade-batdelar","8":"product_cat-motordelar","10":"first","11":"instock","12":"taxable","13":"shipping-taxable","14":"purchasable","15":"product-type-simple"},"_links":{"self":[{"href":"https:\/\/wasayachts.com\/en\/wp-json\/wp\/v2\/product\/26869","targetHints":{"allow":["GET"]}}],"collection":[{"href":"https:\/\/wasayachts.com\/en\/wp-json\/wp\/v2\/product"}],"about":[{"href":"https:\/\/wasayachts.com\/en\/wp-json\/wp\/v2\/types\/product"}],"replies":[{"embeddable":true,"href":"https:\/\/wasayachts.com\/en\/wp-json\/wp\/v2\/comments?post=26869"}],"wp:featuredmedia":[{"embeddable":true,"href":"https:\/\/wasayachts.com\/en\/wp-json\/wp\/v2\/media\/26870"}],"wp:attachment":[{"href":"https:\/\/wasayachts.com\/en\/wp-json\/wp\/v2\/media?parent=26869"}],"wp:term":[{"taxonomy":"product_brand","embeddable":true,"href":"https:\/\/wasayachts.com\/en\/wp-json\/wp\/v2\/product_brand?post=26869"},{"taxonomy":"product_cat","embeddable":true,"href":"https:\/\/wasayachts.com\/en\/wp-json\/wp\/v2\/product_cat?post=26869"},{"taxonomy":"product_tag","embeddable":true,"href":"https:\/\/wasayachts.com\/en\/wp-json\/wp\/v2\/product_tag?post=26869"}],"curies":[{"name":"wp","href":"https:\/\/api.w.org\/{rel}","templated":true}]}}