{"id":26898,"date":"2025-09-02T16:13:00","date_gmt":"2025-09-02T14:13:00","guid":{"rendered":"https:\/\/wasayachts.com\/?post_type=product&#038;p=26898"},"modified":"2026-03-02T13:28:35","modified_gmt":"2026-03-02T12:28:35","slug":"kok-gasol-lagtryck","status":"publish","type":"product","link":"https:\/\/wasayachts.com\/en\/product\/kok-gasol-lagtryck\/","title":{"rendered":"K\u00f6k gasol l\u00e5gtryck"},"content":{"rendered":"<p>Fri returr\u00e4tt i tv\u00e5 m\u00e5nader,<br \/>\npengar \u00e5ter exklusive frakt.<\/p>\n<p>Produkten h\u00e4mtas i S\u00f6dert\u00e4lje alternativt levereras via specialfrakt.<\/p>\n<p>Samtliga fraktkostnader debiteras kunden och ber\u00e4knas efter f\u00f6rfr\u00e5gan.<\/p>\n<p>&nbsp;<\/p>\n<p>&nbsp;<\/p>\n<p>&nbsp;<\/p>\n<h3><\/h3>","protected":false},"excerpt":{"rendered":"<p>Fri returr\u00e4tt i tv\u00e5 m\u00e5nader, pengar \u00e5ter exklusive frakt. Produkten h\u00e4mtas i S\u00f6dert\u00e4lje alternativt levereras via specialfrakt. Samtliga fraktkostnader debiteras kunden och ber\u00e4knas efter f\u00f6rfr\u00e5gan. &nbsp; &nbsp; &nbsp;<\/p>","protected":false},"featured_media":26901,"comment_status":"closed","ping_status":"closed","template":"","meta":[],"product_brand":[],"product_cat":[436,428,435],"product_tag":[],"class_list":{"0":"post-26898","1":"product","2":"type-product","3":"status-publish","4":"has-post-thumbnail","6":"product_cat-vatten-och-avlop","7":"product_cat-begagnade-batdelar","8":"product_cat-vvs","9":"product_shipping_class-hamtning","11":"first","12":"instock","13":"taxable","14":"shipping-taxable","15":"purchasable","16":"product-type-simple"},"_links":{"self":[{"href":"https:\/\/wasayachts.com\/en\/wp-json\/wp\/v2\/product\/26898","targetHints":{"allow":["GET"]}}],"collection":[{"href":"https:\/\/wasayachts.com\/en\/wp-json\/wp\/v2\/product"}],"about":[{"href":"https:\/\/wasayachts.com\/en\/wp-json\/wp\/v2\/types\/product"}],"replies":[{"embeddable":true,"href":"https:\/\/wasayachts.com\/en\/wp-json\/wp\/v2\/comments?post=26898"}],"wp:featuredmedia":[{"embeddable":true,"href":"https:\/\/wasayachts.com\/en\/wp-json\/wp\/v2\/media\/26901"}],"wp:attachment":[{"href":"https:\/\/wasayachts.com\/en\/wp-json\/wp\/v2\/media?parent=26898"}],"wp:term":[{"taxonomy":"product_brand","embeddable":true,"href":"https:\/\/wasayachts.com\/en\/wp-json\/wp\/v2\/product_brand?post=26898"},{"taxonomy":"product_cat","embeddable":true,"href":"https:\/\/wasayachts.com\/en\/wp-json\/wp\/v2\/product_cat?post=26898"},{"taxonomy":"product_tag","embeddable":true,"href":"https:\/\/wasayachts.com\/en\/wp-json\/wp\/v2\/product_tag?post=26898"}],"curies":[{"name":"wp","href":"https:\/\/api.w.org\/{rel}","templated":true}]}}