{"id":27091,"date":"2025-09-15T17:20:42","date_gmt":"2025-09-15T15:20:42","guid":{"rendered":"https:\/\/wasayachts.com\/?post_type=product&#038;p=27091"},"modified":"2025-09-15T17:29:57","modified_gmt":"2025-09-15T15:29:57","slug":"rodkick-20-med-gasfjader-och-talja","status":"publish","type":"product","link":"https:\/\/wasayachts.com\/en\/product\/rodkick-20-med-gasfjader-och-talja\/","title":{"rendered":"Rodkick 20 med gasfj\u00e4der och talja"},"content":{"rendered":"<p>Boml\u00e4ngd 1,95 m<\/p>\n<p>Produkten ska h\u00e4mtas i S\u00f6dert\u00e4lje.<\/p>\n<p>&nbsp;<\/p>","protected":false},"excerpt":{"rendered":"<p>Boml\u00e4ngd 1,95 m Produkten ska h\u00e4mtas i S\u00f6dert\u00e4lje. &nbsp;<\/p>","protected":false},"featured_media":27092,"comment_status":"closed","ping_status":"closed","template":"","meta":[],"product_brand":[],"product_cat":[428,417,443],"product_tag":[],"class_list":{"0":"post-27091","1":"product","2":"type-product","3":"status-publish","4":"has-post-thumbnail","6":"product_cat-begagnade-batdelar","7":"product_cat-mast-och-rigg","8":"product_cat-bom-och-bomtillbehor","9":"product_shipping_class-hamtning","11":"first","12":"instock","13":"taxable","14":"shipping-taxable","15":"purchasable","16":"product-type-simple"},"_links":{"self":[{"href":"https:\/\/wasayachts.com\/en\/wp-json\/wp\/v2\/product\/27091","targetHints":{"allow":["GET"]}}],"collection":[{"href":"https:\/\/wasayachts.com\/en\/wp-json\/wp\/v2\/product"}],"about":[{"href":"https:\/\/wasayachts.com\/en\/wp-json\/wp\/v2\/types\/product"}],"replies":[{"embeddable":true,"href":"https:\/\/wasayachts.com\/en\/wp-json\/wp\/v2\/comments?post=27091"}],"wp:featuredmedia":[{"embeddable":true,"href":"https:\/\/wasayachts.com\/en\/wp-json\/wp\/v2\/media\/27092"}],"wp:attachment":[{"href":"https:\/\/wasayachts.com\/en\/wp-json\/wp\/v2\/media?parent=27091"}],"wp:term":[{"taxonomy":"product_brand","embeddable":true,"href":"https:\/\/wasayachts.com\/en\/wp-json\/wp\/v2\/product_brand?post=27091"},{"taxonomy":"product_cat","embeddable":true,"href":"https:\/\/wasayachts.com\/en\/wp-json\/wp\/v2\/product_cat?post=27091"},{"taxonomy":"product_tag","embeddable":true,"href":"https:\/\/wasayachts.com\/en\/wp-json\/wp\/v2\/product_tag?post=27091"}],"curies":[{"name":"wp","href":"https:\/\/api.w.org\/{rel}","templated":true}]}}