{"id":27284,"date":"2025-10-09T13:47:57","date_gmt":"2025-10-09T11:47:57","guid":{"rendered":"https:\/\/wasayachts.com\/?post_type=product&#038;p=27284"},"modified":"2026-03-02T10:58:33","modified_gmt":"2026-03-02T09:58:33","slug":"genua-3-ca-28-kvm-forlik-116-m","status":"publish","type":"product","link":"https:\/\/wasayachts.com\/en\/product\/genua-3-ca-28-kvm-forlik-116-m\/","title":{"rendered":"Genua 3 ca 28 kvm f\u00f6rlik 11,6 m"},"content":{"rendered":"<p>F\u00f6rlik 11,6 mtr<\/p>\n<p>AkterLik 10,2 mtr<\/p>\n<p>Underlik 4,7 mtr<\/p>\n<p>Pistolhakar i f\u00f6rliket<\/p>\n<p>lite olika m\u00e4rken<\/p>\n<p>Yta CA\u00a0 Kv-meter<br \/>\nMaterial Dacron<\/p>\n<p>Seglet \u00e4r utan synliga h\u00e5l<br \/>\nHar suttit p\u00e5 w 410 fotsb\u00e5t masthead rigg<\/p>\n<p>&nbsp;<\/p>\n<p data-start=\"141\" data-end=\"165\">Varan h\u00e4mtas p\u00e5 plats.<\/p>\n<p data-start=\"167\" data-end=\"252\">Specialfrakt kan ordnas enligt \u00f6verenskommelse. Kostnadsf\u00f6rslag l\u00e4mnas vid f\u00f6rfr\u00e5gan.<\/p>","protected":false},"excerpt":{"rendered":"<p>F\u00f6rlik 11,6 mtr AkterLik 10,2 mtr Underlik 4,7 mtr Pistolhakar i f\u00f6rliket lite olika m\u00e4rken Yta CA\u00a0 Kv-meter Material Dacron Seglet \u00e4r utan synliga h\u00e5l Har suttit p\u00e5 w 410 fotsb\u00e5t masthead rigg &nbsp; Varan h\u00e4mtas p\u00e5 plats. Specialfrakt kan ordnas enligt \u00f6verenskommelse. Kostnadsf\u00f6rslag l\u00e4mnas vid f\u00f6rfr\u00e5gan.<\/p>","protected":false},"featured_media":27285,"comment_status":"closed","ping_status":"closed","template":"","meta":[],"product_brand":[],"product_cat":[399,428,411],"product_tag":[],"class_list":{"0":"post-27284","1":"product","2":"type-product","3":"status-publish","4":"has-post-thumbnail","6":"product_cat-forsegel","7":"product_cat-begagnade-batdelar","8":"product_cat-segel","9":"product_shipping_class-hamtning","11":"first","12":"instock","13":"taxable","14":"shipping-taxable","15":"purchasable","16":"product-type-simple"},"_links":{"self":[{"href":"https:\/\/wasayachts.com\/en\/wp-json\/wp\/v2\/product\/27284","targetHints":{"allow":["GET"]}}],"collection":[{"href":"https:\/\/wasayachts.com\/en\/wp-json\/wp\/v2\/product"}],"about":[{"href":"https:\/\/wasayachts.com\/en\/wp-json\/wp\/v2\/types\/product"}],"replies":[{"embeddable":true,"href":"https:\/\/wasayachts.com\/en\/wp-json\/wp\/v2\/comments?post=27284"}],"wp:featuredmedia":[{"embeddable":true,"href":"https:\/\/wasayachts.com\/en\/wp-json\/wp\/v2\/media\/27285"}],"wp:attachment":[{"href":"https:\/\/wasayachts.com\/en\/wp-json\/wp\/v2\/media?parent=27284"}],"wp:term":[{"taxonomy":"product_brand","embeddable":true,"href":"https:\/\/wasayachts.com\/en\/wp-json\/wp\/v2\/product_brand?post=27284"},{"taxonomy":"product_cat","embeddable":true,"href":"https:\/\/wasayachts.com\/en\/wp-json\/wp\/v2\/product_cat?post=27284"},{"taxonomy":"product_tag","embeddable":true,"href":"https:\/\/wasayachts.com\/en\/wp-json\/wp\/v2\/product_tag?post=27284"}],"curies":[{"name":"wp","href":"https:\/\/api.w.org\/{rel}","templated":true}]}}