{"id":27360,"date":"2025-10-28T10:47:13","date_gmt":"2025-10-28T09:47:13","guid":{"rendered":"https:\/\/wasayachts.com\/?post_type=product&#038;p=27360"},"modified":"2025-11-03T15:16:25","modified_gmt":"2025-11-03T14:16:25","slug":"backslag-reverse-gear-hs-25-ac-utvaxling-2291-volvo-penta-nr-21158906","status":"publish","type":"product","link":"https:\/\/wasayachts.com\/en\/product\/backslag-reverse-gear-hs-25-ac-utvaxling-2291-volvo-penta-nr-21158906\/","title":{"rendered":"Backslag\/Reverse gear HS 25 AC utv\u00e4xling 2,29:1 Volvo penta  n,r 21158906"},"content":{"rendered":"<p>Nytt i kartong<\/p>\n<p>HS 25 AC<\/p>\n<p>Backslaget g\u00e5r b\u00e5de h\u00f6ger och v\u00e4nster<\/p>\n<p>Kan anv\u00e4ndas upp till 75 hk<\/p>\n<p>HS25A Hydrauliskt backslag med \u201ddrop<br \/>\ncenter\u201d och 8\u00b0 nedvinkling.<br \/>\n\u2022 Utv\u00e4xling 2,29:1\/2,29:1 (RH\/LH) och<br \/>\n2,71:1\/2,71:1 (RH\/LH).<\/p>\n<p>&nbsp;<\/p>\n<p>Produkten ska h\u00e4mtas i S\u00f6dert\u00e4lje eller skickas med special frakt.<br \/>\nKunden st\u00e5r f\u00f6r kostnader. Kostnader ber\u00e4knas\u00a0efter f\u00f6rfr\u00e5gan.<\/p>\n<p>&nbsp;<\/p>\n<p>&nbsp;<\/p>","protected":false},"excerpt":{"rendered":"<p>Nytt i kartong HS 25 AC Backslaget g\u00e5r b\u00e5de h\u00f6ger och v\u00e4nster Kan anv\u00e4ndas upp till 75 hk HS25A Hydrauliskt backslag med \u201ddrop center\u201d och 8\u00b0 nedvinkling. \u2022 Utv\u00e4xling 2,29:1\/2,29:1 (RH\/LH) och 2,71:1\/2,71:1 (RH\/LH). &nbsp; Produkten ska h\u00e4mtas i S\u00f6dert\u00e4lje eller skickas med special frakt. Kunden st\u00e5r f\u00f6r kostnader. Kostnader ber\u00e4knas\u00a0efter f\u00f6rfr\u00e5gan. &nbsp; &nbsp;<\/p>","protected":false},"featured_media":27361,"comment_status":"closed","ping_status":"closed","template":"","meta":[],"product_brand":[],"product_cat":[402,428,412],"product_tag":[],"class_list":{"0":"post-27360","1":"product","2":"type-product","3":"status-publish","4":"has-post-thumbnail","6":"product_cat-drev-backslag","7":"product_cat-begagnade-batdelar","8":"product_cat-drev-och-drivlina","9":"product_shipping_class-hamtning","11":"first","12":"instock","13":"sale","14":"taxable","15":"shipping-taxable","16":"purchasable","17":"product-type-simple"},"_links":{"self":[{"href":"https:\/\/wasayachts.com\/en\/wp-json\/wp\/v2\/product\/27360","targetHints":{"allow":["GET"]}}],"collection":[{"href":"https:\/\/wasayachts.com\/en\/wp-json\/wp\/v2\/product"}],"about":[{"href":"https:\/\/wasayachts.com\/en\/wp-json\/wp\/v2\/types\/product"}],"replies":[{"embeddable":true,"href":"https:\/\/wasayachts.com\/en\/wp-json\/wp\/v2\/comments?post=27360"}],"wp:featuredmedia":[{"embeddable":true,"href":"https:\/\/wasayachts.com\/en\/wp-json\/wp\/v2\/media\/27361"}],"wp:attachment":[{"href":"https:\/\/wasayachts.com\/en\/wp-json\/wp\/v2\/media?parent=27360"}],"wp:term":[{"taxonomy":"product_brand","embeddable":true,"href":"https:\/\/wasayachts.com\/en\/wp-json\/wp\/v2\/product_brand?post=27360"},{"taxonomy":"product_cat","embeddable":true,"href":"https:\/\/wasayachts.com\/en\/wp-json\/wp\/v2\/product_cat?post=27360"},{"taxonomy":"product_tag","embeddable":true,"href":"https:\/\/wasayachts.com\/en\/wp-json\/wp\/v2\/product_tag?post=27360"}],"curies":[{"name":"wp","href":"https:\/\/api.w.org\/{rel}","templated":true}]}}