{"id":27393,"date":"2025-10-28T14:46:05","date_gmt":"2025-10-28T13:46:05","guid":{"rendered":"https:\/\/wasayachts.com\/?post_type=product&#038;p=27393"},"modified":"2025-11-04T13:15:12","modified_gmt":"2025-11-04T12:15:12","slug":"ais-transponder-ais-ctrx","status":"publish","type":"product","link":"https:\/\/wasayachts.com\/en\/product\/ais-transponder-ais-ctrx\/","title":{"rendered":"Ais transponder AIS-CTRX"},"content":{"rendered":"<p>nypris kr inkl moms<\/p>\n<p>Tack f\u00f6r att du givit True Heading AB f\u00f6rtroendet att leverera en AIS-CTRX. AISCTRX \u00e4r en h\u00f6gkvalitativ Klass B AIS Transponder som g\u00f6r att du s\u00e4nder information<br \/>\nom dig sj\u00e4lv till andra fartyg utrustade med AIS. Du kan ocks\u00e5 ta emot information<br \/>\nfr\u00e5n fartyg, bojar, fyrar, r\u00e4ddningshelikoptrar mm utrustade med Automatic<br \/>\nIdentification System (AIS) transpondrar. Idag m\u00e5ste alla handelsfartyg \u00f6ver 300<br \/>\nbrutto ton ha AIS installerat ombord enligt krav fr\u00e5n IMO, varf\u00f6r det finns en stor<br \/>\nandel fartyg som ser dig och som du ser och d\u00e4rmed bidra till en \u00f6kad s\u00e4kerhet i din<br \/>\nnavigering. (SE OCH BLI SEDD)<\/p>\n<p>&nbsp;<\/p>","protected":false},"excerpt":{"rendered":"<p>nypris kr inkl moms Tack f\u00f6r att du givit True Heading AB f\u00f6rtroendet att leverera en AIS-CTRX. AISCTRX \u00e4r en h\u00f6gkvalitativ Klass B AIS Transponder som g\u00f6r att du s\u00e4nder information om dig sj\u00e4lv till andra fartyg utrustade med AIS. Du kan ocks\u00e5 ta emot information fr\u00e5n fartyg, bojar, fyrar, r\u00e4ddningshelikoptrar mm utrustade med Automatic [&hellip;]<\/p>\n","protected":false},"featured_media":27394,"comment_status":"closed","ping_status":"closed","template":"","meta":[],"product_brand":[],"product_cat":[460,428,425],"product_tag":[],"class_list":{"0":"post-27393","1":"product","2":"type-product","3":"status-publish","4":"has-post-thumbnail","6":"product_cat-givare-displayer","7":"product_cat-begagnade-batdelar","8":"product_cat-elektronik-och-instrument","10":"first","11":"instock","12":"sale","13":"taxable","14":"shipping-taxable","15":"purchasable","16":"product-type-simple"},"_links":{"self":[{"href":"https:\/\/wasayachts.com\/en\/wp-json\/wp\/v2\/product\/27393","targetHints":{"allow":["GET"]}}],"collection":[{"href":"https:\/\/wasayachts.com\/en\/wp-json\/wp\/v2\/product"}],"about":[{"href":"https:\/\/wasayachts.com\/en\/wp-json\/wp\/v2\/types\/product"}],"replies":[{"embeddable":true,"href":"https:\/\/wasayachts.com\/en\/wp-json\/wp\/v2\/comments?post=27393"}],"wp:featuredmedia":[{"embeddable":true,"href":"https:\/\/wasayachts.com\/en\/wp-json\/wp\/v2\/media\/27394"}],"wp:attachment":[{"href":"https:\/\/wasayachts.com\/en\/wp-json\/wp\/v2\/media?parent=27393"}],"wp:term":[{"taxonomy":"product_brand","embeddable":true,"href":"https:\/\/wasayachts.com\/en\/wp-json\/wp\/v2\/product_brand?post=27393"},{"taxonomy":"product_cat","embeddable":true,"href":"https:\/\/wasayachts.com\/en\/wp-json\/wp\/v2\/product_cat?post=27393"},{"taxonomy":"product_tag","embeddable":true,"href":"https:\/\/wasayachts.com\/en\/wp-json\/wp\/v2\/product_tag?post=27393"}],"curies":[{"name":"wp","href":"https:\/\/api.w.org\/{rel}","templated":true}]}}