{"id":27515,"date":"2025-11-04T13:38:19","date_gmt":"2025-11-04T12:38:19","guid":{"rendered":"https:\/\/wasayachts.com\/?post_type=product&#038;p=27515"},"modified":"2026-03-02T12:14:30","modified_gmt":"2026-03-02T11:14:30","slug":"adapter-overgang-mellan-volvo-pentadrev-drev-och-vetus-marin-motor-4","status":"publish","type":"product","link":"https:\/\/wasayachts.com\/en\/product\/adapter-overgang-mellan-volvo-pentadrev-drev-och-vetus-marin-motor-4\/","title":{"rendered":"Adapter housing 110s-120s"},"content":{"rendered":"<p>Nytt Adapterk\u00e5pa med axel \u00f6verg\u00e5ng<\/p>\n<p>Volvo Penta Saildrive 110-120 S &#8211; STM7601<\/p>\n<p>Drevadapter volvo penta s-drev till vetus marinmotor<\/p>\n<p>&nbsp;<\/p>\n<p>&nbsp;<\/p>\n<p>&nbsp;<\/p>\n<p>&nbsp;<\/p>\n<p>&nbsp;<\/p>\n<p>&nbsp;<\/p>","protected":false},"excerpt":{"rendered":"<p>Nytt Adapterk\u00e5pa med axel \u00f6verg\u00e5ng Volvo Penta Saildrive 110-120 S &#8211; STM7601 Drevadapter volvo penta s-drev till vetus marinmotor &nbsp; &nbsp; &nbsp; &nbsp; &nbsp; &nbsp;<\/p>","protected":false},"featured_media":27518,"comment_status":"closed","ping_status":"closed","template":"","meta":[],"product_brand":[],"product_cat":[402,428,412],"product_tag":[],"class_list":{"0":"post-27515","1":"product","2":"type-product","3":"status-publish","4":"has-post-thumbnail","6":"product_cat-drev-backslag","7":"product_cat-begagnade-batdelar","8":"product_cat-drev-och-drivlina","9":"product_shipping_class-hamtning","11":"first","12":"instock","13":"taxable","14":"shipping-taxable","15":"purchasable","16":"product-type-simple"},"_links":{"self":[{"href":"https:\/\/wasayachts.com\/en\/wp-json\/wp\/v2\/product\/27515","targetHints":{"allow":["GET"]}}],"collection":[{"href":"https:\/\/wasayachts.com\/en\/wp-json\/wp\/v2\/product"}],"about":[{"href":"https:\/\/wasayachts.com\/en\/wp-json\/wp\/v2\/types\/product"}],"replies":[{"embeddable":true,"href":"https:\/\/wasayachts.com\/en\/wp-json\/wp\/v2\/comments?post=27515"}],"wp:featuredmedia":[{"embeddable":true,"href":"https:\/\/wasayachts.com\/en\/wp-json\/wp\/v2\/media\/27518"}],"wp:attachment":[{"href":"https:\/\/wasayachts.com\/en\/wp-json\/wp\/v2\/media?parent=27515"}],"wp:term":[{"taxonomy":"product_brand","embeddable":true,"href":"https:\/\/wasayachts.com\/en\/wp-json\/wp\/v2\/product_brand?post=27515"},{"taxonomy":"product_cat","embeddable":true,"href":"https:\/\/wasayachts.com\/en\/wp-json\/wp\/v2\/product_cat?post=27515"},{"taxonomy":"product_tag","embeddable":true,"href":"https:\/\/wasayachts.com\/en\/wp-json\/wp\/v2\/product_tag?post=27515"}],"curies":[{"name":"wp","href":"https:\/\/api.w.org\/{rel}","templated":true}]}}