{"id":27519,"date":"2025-11-04T14:13:09","date_gmt":"2025-11-04T13:13:09","guid":{"rendered":"https:\/\/wasayachts.com\/?post_type=product&#038;p=27519"},"modified":"2026-03-02T12:15:57","modified_gmt":"2026-03-02T11:15:57","slug":"adapter-overgang-mellan-volvo-pentadrev-drev-och-vetus-marin-motor-kopia","status":"publish","type":"product","link":"https:\/\/wasayachts.com\/en\/product\/adapter-overgang-mellan-volvo-pentadrev-drev-och-vetus-marin-motor-kopia\/","title":{"rendered":"Coupling 110s &#8211; STM7605"},"content":{"rendered":"<p>Drevadapter volvo penta s-drev till vetus marinmotor\u00a0&#8211; STM7605<\/p>\n<p>Nypris 4675 kr<\/p>\n<p>Fri returr\u00e4tt i tv\u00e5 m\u00e5nader,<br \/>\npengar \u00e5ter exklusive frakt.<\/p>","protected":false},"excerpt":{"rendered":"<p>Drevadapter volvo penta s-drev till vetus marinmotor\u00a0&#8211; STM7605 Nypris 4675 kr Fri returr\u00e4tt i tv\u00e5 m\u00e5nader, pengar \u00e5ter exklusive frakt.<\/p>","protected":false},"featured_media":27512,"comment_status":"closed","ping_status":"closed","template":"","meta":[],"product_brand":[],"product_cat":[402,428,412],"product_tag":[],"class_list":{"0":"post-27519","1":"product","2":"type-product","3":"status-publish","4":"has-post-thumbnail","6":"product_cat-drev-backslag","7":"product_cat-begagnade-batdelar","8":"product_cat-drev-och-drivlina","9":"product_shipping_class-hamtning","11":"first","12":"instock","13":"taxable","14":"shipping-taxable","15":"purchasable","16":"product-type-simple"},"_links":{"self":[{"href":"https:\/\/wasayachts.com\/en\/wp-json\/wp\/v2\/product\/27519","targetHints":{"allow":["GET"]}}],"collection":[{"href":"https:\/\/wasayachts.com\/en\/wp-json\/wp\/v2\/product"}],"about":[{"href":"https:\/\/wasayachts.com\/en\/wp-json\/wp\/v2\/types\/product"}],"replies":[{"embeddable":true,"href":"https:\/\/wasayachts.com\/en\/wp-json\/wp\/v2\/comments?post=27519"}],"wp:featuredmedia":[{"embeddable":true,"href":"https:\/\/wasayachts.com\/en\/wp-json\/wp\/v2\/media\/27512"}],"wp:attachment":[{"href":"https:\/\/wasayachts.com\/en\/wp-json\/wp\/v2\/media?parent=27519"}],"wp:term":[{"taxonomy":"product_brand","embeddable":true,"href":"https:\/\/wasayachts.com\/en\/wp-json\/wp\/v2\/product_brand?post=27519"},{"taxonomy":"product_cat","embeddable":true,"href":"https:\/\/wasayachts.com\/en\/wp-json\/wp\/v2\/product_cat?post=27519"},{"taxonomy":"product_tag","embeddable":true,"href":"https:\/\/wasayachts.com\/en\/wp-json\/wp\/v2\/product_tag?post=27519"}],"curies":[{"name":"wp","href":"https:\/\/api.w.org\/{rel}","templated":true}]}}