{"id":27536,"date":"2025-11-12T12:31:52","date_gmt":"2025-11-12T11:31:52","guid":{"rendered":"https:\/\/wasayachts.com\/?post_type=product&#038;p=27536"},"modified":"2025-11-12T12:54:51","modified_gmt":"2025-11-12T11:54:51","slug":"instrumentpanel-motorpanel-volvo-penta-12v","status":"publish","type":"product","link":"https:\/\/wasayachts.com\/en\/product\/instrumentpanel-motorpanel-volvo-penta-12v\/","title":{"rendered":"Instrumentpanel\/motorpanel Volvo penta 12v"},"content":{"rendered":"<p>Motorpanel med startknapp<\/p>\n<p>Ny panel<\/p>\n<p>&nbsp;<\/p>\n<table class=\"table table-striped\">\n<tbody>\n<tr class=\"order-row odd\">\n<td>AD31<\/td>\n<td><a id=\"AD31-Flybridge instrumentpanel\" class=\"tooltip-label\" href=\"https:\/\/marinepartseurope.com\/category\/Marine%20Diesel%20Engines\/product\/AD31\/explodedview\/54154841?catalog=7745620&amp;img=44602.png&amp;functiongroup=%C3%96vrig%20utrustning&amp;header=Flybridge%20instrumentpanel\" target=\"_blank\" rel=\"noopener\">Flybridge instrumentpanel<\/a><\/td>\n<\/tr>\n<tr class=\"order-row even\">\n<td>AD31<\/td>\n<td><a id=\"AD31-Flybridge enkelinstallation\" class=\"tooltip-label\" href=\"https:\/\/marinepartseurope.com\/category\/Marine%20Diesel%20Engines\/product\/AD31\/explodedview\/54154905?catalog=7745620&amp;img=44580.png&amp;functiongroup=%C3%96vrig%20utrustning&amp;header=Flybridge%20enkelinstallation\" target=\"_blank\" rel=\"noopener\">Flybridge enkelinstallation<\/a><\/td>\n<\/tr>\n<tr class=\"order-row odd\">\n<td>AD31<\/td>\n<td><a id=\"AD31-Flybridge tvillingmontage installation\" class=\"tooltip-label\" href=\"https:\/\/marinepartseurope.com\/category\/Marine%20Diesel%20Engines\/product\/AD31\/explodedview\/54154907?catalog=7745620&amp;img=44593.png&amp;functiongroup=%C3%96vrig%20utrustning&amp;header=Flybridge%20tvillingmontage%20installation\" target=\"_blank\" rel=\"noopener\">Flybridge tvillingmontage installation<\/a><\/td>\n<\/tr>\n<tr class=\"order-row even\">\n<td>AD31B<\/td>\n<td><a id=\"AD31B-Flybridge instrumentpanel\" class=\"tooltip-label\" href=\"https:\/\/marinepartseurope.com\/category\/Marine%20Diesel%20Engines\/product\/AD31B\/explodedview\/54156445?catalog=7745910&amp;img=50905.png&amp;functiongroup=%C3%96vrig%20utrustning&amp;header=Flybridge%20instrumentpanel\" target=\"_blank\" rel=\"noopener\">Flybridge instrumentpanel<\/a><\/td>\n<\/tr>\n<tr class=\"order-row odd\">\n<td>AD31B<\/td>\n<td><a id=\"AD31B-Flybridge enkelinstallation\" class=\"tooltip-label\" href=\"https:\/\/marinepartseurope.com\/category\/Marine%20Diesel%20Engines\/product\/AD31B\/explodedview\/54156505?catalog=7745910&amp;img=51053.png&amp;functiongroup=%C3%96vrig%20utrustning&amp;header=Flybridge%20enkelinstallation\" target=\"_blank\" rel=\"noopener\">Flybridge enkelinstallation<\/a><\/td>\n<\/tr>\n<tr class=\"order-row even\">\n<td>AD31B<\/td>\n<td><a id=\"AD31B-Flybridge tvillingmontage\" class=\"tooltip-label\" href=\"https:\/\/marinepartseurope.com\/category\/Marine%20Diesel%20Engines\/product\/AD31B\/explodedview\/54156506?catalog=7745910&amp;img=51058.png&amp;functiongroup=%C3%96vrig%20utrustning&amp;header=Flybridge%20tvillingmontage\" target=\"_blank\" rel=\"noopener\">Flybridge tvillingmontage<\/a><\/td>\n<\/tr>\n<tr class=\"order-row odd\">\n<td>AD31D<\/td>\n<td><a id=\"AD31D-Instrumentpanel f\u00f6r dubbel station\" class=\"tooltip-label\" href=\"https:\/\/marinepartseurope.com\/category\/Marine%20Diesel%20Engines\/product\/AD31D\/explodedview\/54169679?catalog=7746610&amp;img=50905.png&amp;functiongroup=Instrument&amp;header=Instrumentpanel%20f%C3%B6r%20dubbel%20station\" target=\"_blank\" rel=\"noopener\">Instrumentpanel f\u00f6r dubbel station<\/a><\/td>\n<\/tr>\n<tr class=\"order-row even\">\n<td>AD31D-A<\/td>\n<td><a id=\"AD31D-A-Instrumentpanel f\u00f6r dubbel station\" class=\"tooltip-label\" href=\"https:\/\/marinepartseurope.com\/category\/Marine%20Diesel%20Engines\/product\/AD31D-A\/explodedview\/54169679?catalog=7746610&amp;img=50905.png&amp;functiongroup=Instrument&amp;header=Instrumentpanel%20f%C3%B6r%20dubbel%20station\" target=\"_blank\" rel=\"noopener\">Instrumentpanel f\u00f6r dubbel station<\/a><\/td>\n<\/tr>\n<tr class=\"order-row odd\">\n<td>AD31XD<\/td>\n<td><a id=\"AD31XD-Instrumentpanel f\u00f6r dubbel station\" class=\"tooltip-label\" href=\"https:\/\/marinepartseurope.com\/category\/Marine%20Diesel%20Engines\/product\/AD31XD\/explodedview\/54169679?catalog=7746610&amp;img=50905.png&amp;functiongroup=Instrument&amp;header=Instrumentpanel%20f%C3%B6r%20dubbel%20station\" target=\"_blank\" rel=\"noopener\">Instrumentpanel f\u00f6r dubbel station<\/a><\/td>\n<\/tr>\n<tr class=\"order-row even\">\n<td>AD41A<\/td>\n<td><a id=\"AD41A-Flybridge instrumentpanel\" class=\"tooltip-label\" href=\"https:\/\/marinepartseurope.com\/category\/Marine%20Diesel%20Engines\/product\/AD41A\/explodedview\/54155372?catalog=7745630&amp;img=44602.png&amp;functiongroup=%C3%96vrig%20utrustning&amp;header=Flybridge%20instrumentpanel\" target=\"_blank\" rel=\"noopener\">Flybridge instrumentpanel<\/a><\/td>\n<\/tr>\n<tr class=\"order-row odd\">\n<td>AD41A<\/td>\n<td><a id=\"AD41A-Flybridge enkelinstallation\" class=\"tooltip-label\" href=\"https:\/\/marinepartseurope.com\/category\/Marine%20Diesel%20Engines\/product\/AD41A\/explodedview\/54155433?catalog=7745630&amp;img=44580.png&amp;functiongroup=%C3%96vrig%20utrustning&amp;header=Flybridge%20enkelinstallation\" target=\"_blank\" rel=\"noopener\">Flybridge enkelinstallation<\/a><\/td>\n<\/tr>\n<tr class=\"order-row even\">\n<td>AD41A<\/td>\n<td><a id=\"AD41A-Flybridge tvillingmontage installation\" class=\"tooltip-label\" href=\"https:\/\/marinepartseurope.com\/category\/Marine%20Diesel%20Engines\/product\/AD41A\/explodedview\/54155435?catalog=7745630&amp;img=44593.png&amp;functiongroup=%C3%96vrig%20utrustning&amp;header=Flybridge%20tvillingmontage%20installation\" target=\"_blank\" rel=\"noopener\">Flybridge tvillingmontage installation<\/a><\/td>\n<\/tr>\n<tr class=\"order-row odd\">\n<td>AD41B<\/td>\n<td><a id=\"AD41B-Flybridge instrumentpanel\" class=\"tooltip-label\" href=\"https:\/\/marinepartseurope.com\/category\/Marine%20Diesel%20Engines\/product\/AD41B\/explodedview\/54156731?catalog=7745920_MD4B&amp;img=50905.png&amp;functiongroup=%C3%96vrig%20utrustning&amp;header=Flybridge%20instrumentpanel\" target=\"_blank\" rel=\"noopener\">Flybridge instrumentpanel<\/a><\/td>\n<\/tr>\n<tr class=\"order-row even\">\n<td>AD41B<\/td>\n<td><a id=\"AD41B-Flybridge enkelinstallation\" class=\"tooltip-label\" href=\"https:\/\/marinepartseurope.com\/category\/Marine%20Diesel%20Engines\/product\/AD41B\/explodedview\/54156788?catalog=7745920_MD4B&amp;img=51053.png&amp;functiongroup=%C3%96vrig%20utrustning&amp;header=Flybridge%20enkelinstallation\" target=\"_blank\" rel=\"noopener\">Flybridge enkelinstallation<\/a><\/td>\n<\/tr>\n<tr class=\"order-row odd\">\n<td>AD41B<\/td>\n<td><a id=\"AD41B-Flybridge tvillingmontage\" class=\"tooltip-label\" href=\"https:\/\/marinepartseurope.com\/category\/Marine%20Diesel%20Engines\/product\/AD41B\/explodedview\/54156789?catalog=7745920_MD4B&amp;img=51058.png&amp;functiongroup=%C3%96vrig%20utrustning&amp;header=Flybridge%20tvillingmontage\" target=\"_blank\" rel=\"noopener\">Flybridge tvillingmontage<\/a><\/td>\n<\/tr>\n<tr class=\"order-row even\">\n<td>AD41BJ<\/td>\n<td><a id=\"AD41BJ-Flybridge instrumentpanel\" class=\"tooltip-label\" href=\"https:\/\/marinepartseurope.com\/category\/Marine%20Diesel%20Engines\/product\/AD41BJ\/explodedview\/54156731?catalog=7745920_MD4B&amp;img=50905.png&amp;functiongroup=%C3%96vrig%20utrustning&amp;header=Flybridge%20instrumentpanel\" target=\"_blank\" rel=\"noopener\">Flybridge instrumentpanel<\/a><\/td>\n<\/tr>\n<tr class=\"order-row odd\">\n<td>AD41BJ<\/td>\n<td><a id=\"AD41BJ-Flybridge enkelinstallation\" class=\"tooltip-label\" href=\"https:\/\/marinepartseurope.com\/category\/Marine%20Diesel%20Engines\/product\/AD41BJ\/explodedview\/54156788?catalog=7745920_MD4B&amp;img=51053.png&amp;functiongroup=%C3%96vrig%20utrustning&amp;header=Flybridge%20enkelinstallation\" target=\"_blank\" rel=\"noopener\">Flybridge enkelinstallation<\/a><\/td>\n<\/tr>\n<tr class=\"order-row even\">\n<td>AD41BJ<\/td>\n<td><a id=\"AD41BJ-Flybridge tvillingmontage\" class=\"tooltip-label\" href=\"https:\/\/marinepartseurope.com\/category\/Marine%20Diesel%20Engines\/product\/AD41BJ\/explodedview\/54156789?catalog=7745920_MD4B&amp;img=51058.png&amp;functiongroup=%C3%96vrig%20utrustning&amp;header=Flybridge%20tvillingmontage\" target=\"_blank\" rel=\"noopener\">Flybridge tvillingmontage<\/a><\/td>\n<\/tr>\n<tr class=\"order-row odd\">\n<td>AD41D<\/td>\n<td><a id=\"AD41D-Instrumentpanel f\u00f6r dubbel station\" class=\"tooltip-label\" href=\"https:\/\/marinepartseurope.com\/category\/Marine%20Diesel%20Engines\/product\/AD41D\/explodedview\/54169679?catalog=7746620_MD4B&amp;img=50905.png&amp;functiongroup=Instrument&amp;header=Instrumentpanel%20f%C3%B6r%20dubbel%20station\" target=\"_blank\" rel=\"noopener\">Instrumentpanel f\u00f6r dubbel station<\/a><\/td>\n<\/tr>\n<tr class=\"order-row even\">\n<td>D1-13<\/td>\n<td><a id=\"D1-13-Instrumentpanelsstandard, med nyckelbrytare\" class=\"tooltip-label\" href=\"https:\/\/marinepartseurope.com\/category\/Marine%20Diesel%20Engines\/product\/D1-13\/explodedview\/54157937?catalog=M-D1-G&amp;img=48417.png&amp;functiongroup=Instrument&amp;header=Instrumentpanelsstandard,%20med%20nyckelbrytare\" target=\"_blank\" rel=\"noopener\">Instrumentpanelsstandard, med nyckelbrytare<\/a><\/td>\n<\/tr>\n<tr class=\"order-row odd\">\n<td>D1-20<\/td>\n<td><a id=\"D1-20-Instrumentpanelsstandard, med nyckelbrytare\" class=\"tooltip-label\" href=\"https:\/\/marinepartseurope.com\/category\/Marine%20Diesel%20Engines\/product\/D1-20\/explodedview\/54157937?catalog=M-D1-H&amp;img=48417.png&amp;functiongroup=Instrument&amp;header=Instrumentpanelsstandard,%20med%20nyckelbrytare\" target=\"_blank\" rel=\"noopener\">Instrumentpanelsstandard, med nyckelbrytare<\/a><\/td>\n<\/tr>\n<tr class=\"order-row even\">\n<td>D1-30<\/td>\n<td><a id=\"D1-30-Instrumentpanelsstandard, med nyckelbrytare\" class=\"tooltip-label\" href=\"https:\/\/marinepartseurope.com\/category\/Marine%20Diesel%20Engines\/product\/D1-30\/explodedview\/54157937?catalog=M-D1-J&amp;img=48417.png&amp;functiongroup=Instrument&amp;header=Instrumentpanelsstandard,%20med%20nyckelbrytare\" target=\"_blank\" rel=\"noopener\">Instrumentpanelsstandard, med nyckelbrytare<\/a><\/td>\n<\/tr>\n<tr class=\"order-row odd\">\n<td>D2-40<\/td>\n<td><a id=\"D2-40-Instrumentpanelsstandard, med nyckelbrytare\" class=\"tooltip-label\" href=\"https:\/\/marinepartseurope.com\/category\/Marine%20Diesel%20Engines\/product\/D2-40\/explodedview\/54157937?catalog=M-D2-C&amp;img=48417.png&amp;functiongroup=Instrument&amp;header=Instrumentpanelsstandard,%20med%20nyckelbrytare\" target=\"_blank\" rel=\"noopener\">Instrumentpanelsstandard, med nyckelbrytare<\/a><\/td>\n<\/tr>\n<tr class=\"order-row even\">\n<td>D2-55<\/td>\n<td><a id=\"D2-55-Instrumentpanelsstandard, med nyckelbrytare\" class=\"tooltip-label\" href=\"https:\/\/marinepartseurope.com\/category\/Marine%20Diesel%20Engines\/product\/D2-55\/explodedview\/54168619?catalog=M-D2-C&amp;img=48417.png&amp;functiongroup=Instrument&amp;header=Instrumentpanelsstandard,%20med%20nyckelbrytare\" target=\"_blank\" rel=\"noopener\">Instrumentpanelsstandard, med nyckelbrytare<\/a><\/td>\n<\/tr>\n<tr class=\"order-row odd\">\n<td>D2-55B<\/td>\n<td><a id=\"D2-55B-Instrumentpanelsstandard, med nyckelbrytare\" class=\"tooltip-label\" href=\"https:\/\/marinepartseurope.com\/category\/Marine%20Diesel%20Engines\/product\/D2-55B\/explodedview\/54168619?catalog=M-D2-C&amp;img=48417.png&amp;functiongroup=Instrument&amp;header=Instrumentpanelsstandard,%20med%20nyckelbrytare\" target=\"_blank\" rel=\"noopener\">Instrumentpanelsstandard, med nyckelbrytare<\/a><\/td>\n<\/tr>\n<tr class=\"order-row even\">\n<td>D2-55C<\/td>\n<td><a id=\"D2-55C-Instrumentpanelsstandard, med nyckelbrytare\" class=\"tooltip-label\" href=\"https:\/\/marinepartseurope.com\/category\/Marine%20Diesel%20Engines\/product\/D2-55C\/explodedview\/54168619?catalog=M-D2-C&amp;img=48417.png&amp;functiongroup=Instrument&amp;header=Instrumentpanelsstandard,%20med%20nyckelbrytare\" target=\"_blank\" rel=\"noopener\">Instrumentpanelsstandard, med nyckelbrytare<\/a><\/td>\n<\/tr>\n<tr class=\"order-row odd\">\n<td>D2-60F<\/td>\n<td><a id=\"D2-60F-Instrumentpanelsstandard, med nyckelbrytare\" class=\"tooltip-label\" href=\"https:\/\/marinepartseurope.com\/category\/Marine%20Diesel%20Engines\/product\/D2-60F\/explodedview\/54168619?catalog=M-D2-C&amp;img=48417.png&amp;functiongroup=Instrument&amp;header=Instrumentpanelsstandard,%20med%20nyckelbrytare\" target=\"_blank\" rel=\"noopener\">Instrumentpanelsstandard, med nyckelbrytare<\/a><\/td>\n<\/tr>\n<tr class=\"order-row even\">\n<td>D2-75<\/td>\n<td><a id=\"D2-75-Instrumentpanelsstandard, med nyckelbrytare\" class=\"tooltip-label\" href=\"https:\/\/marinepartseurope.com\/category\/Marine%20Diesel%20Engines\/product\/D2-75\/explodedview\/54168619?catalog=M-D2-C&amp;img=48417.png&amp;functiongroup=Instrument&amp;header=Instrumentpanelsstandard,%20med%20nyckelbrytare\" target=\"_blank\" rel=\"noopener\">Instrumentpanelsstandard, med nyckelbrytare<\/a><\/td>\n<\/tr>\n<tr class=\"order-row odd\">\n<td>D2-75F<\/td>\n<td><a id=\"D2-75F-Instrumentpanelsstandard, med nyckelbrytare\" class=\"tooltip-label\" href=\"https:\/\/marinepartseurope.com\/category\/Marine%20Diesel%20Engines\/product\/D2-75F\/explodedview\/54168619?catalog=M-D2-C&amp;img=48417.png&amp;functiongroup=Instrument&amp;header=Instrumentpanelsstandard,%20med%20nyckelbrytare\" target=\"_blank\" rel=\"noopener\">Instrumentpanelsstandard, med nyckelbrytare<\/a><\/td>\n<\/tr>\n<tr class=\"order-row even\">\n<td>D41B<\/td>\n<td><a id=\"D41B-Flybridge instrumentpanel\" class=\"tooltip-label\" href=\"https:\/\/marinepartseurope.com\/category\/Marine%20Diesel%20Engines\/product\/D41B\/explodedview\/54156731?catalog=7745920_MD4B&amp;img=50905.png&amp;functiongroup=%C3%96vrig%20utrustning&amp;header=Flybridge%20instrumentpanel\" target=\"_blank\" rel=\"noopener\">Flybridge instrumentpanel<\/a><\/td>\n<\/tr>\n<tr class=\"order-row odd\">\n<td>D41B<\/td>\n<td><a id=\"D41B-Flybridge enkelinstallation\" class=\"tooltip-label\" href=\"https:\/\/marinepartseurope.com\/category\/Marine%20Diesel%20Engines\/product\/D41B\/explodedview\/54156788?catalog=7745920_MD4B&amp;img=51053.png&amp;functiongroup=%C3%96vrig%20utrustning&amp;header=Flybridge%20enkelinstallation\" target=\"_blank\" rel=\"noopener\">Flybridge enkelinstallation<\/a><\/td>\n<\/tr>\n<tr class=\"order-row even\">\n<td>D41B<\/td>\n<td><a id=\"D41B-Flybridge tvillingmontage\" class=\"tooltip-label\" href=\"https:\/\/marinepartseurope.com\/category\/Marine%20Diesel%20Engines\/product\/D41B\/explodedview\/54156789?catalog=7745920_MD4B&amp;img=51058.png&amp;functiongroup=%C3%96vrig%20utrustning&amp;header=Flybridge%20tvillingmontage\" target=\"_blank\" rel=\"noopener\">Flybridge tvillingmontage<\/a><\/td>\n<\/tr>\n<tr class=\"order-row odd\">\n<td>D41D<\/td>\n<td><a id=\"D41D-Instrumentpanel f\u00f6r dubbel station\" class=\"tooltip-label\" href=\"https:\/\/marinepartseurope.com\/category\/Marine%20Diesel%20Engines\/product\/D41D\/explodedview\/54169679?catalog=7746620_MD4B&amp;img=50905.png&amp;functiongroup=Instrument&amp;header=Instrumentpanel%20f%C3%B6r%20dubbel%20station\" target=\"_blank\" rel=\"noopener\">Instrumentpanel f\u00f6r dubbel station<\/a><\/td>\n<\/tr>\n<tr class=\"order-row even\">\n<td>D5A-B TA<\/td>\n<td><a id=\"D5A-B TA-Instrumentpanel f\u00f6r dubbel man\u00f6verpanel, 12 V\" class=\"tooltip-label\" href=\"https:\/\/marinepartseurope.com\/category\/Marine%20Diesel%20Engines\/product\/D5A-B%20TA\/explodedview\/54170673?catalog=M-D5-A&amp;img=47488.png&amp;functiongroup=Instrument&amp;header=Instrumentpanel%20f%C3%B6r%20dubbel%20man%C3%B6verpanel,%2012%20V\" target=\"_blank\" rel=\"noopener\">Instrumentpanel f\u00f6r dubbel man\u00f6verpanel, 12 V<\/a><\/td>\n<\/tr>\n<tr class=\"order-row odd\">\n<td>D5A-T<\/td>\n<td><a id=\"D5A-T-Instrumentpanel f\u00f6r dubbel man\u00f6verpanel, 12 V\" class=\"tooltip-label\" href=\"https:\/\/marinepartseurope.com\/category\/Marine%20Diesel%20Engines\/product\/D5A-T\/explodedview\/54170673?catalog=M-D5-A&amp;img=47488.png&amp;functiongroup=Instrument&amp;header=Instrumentpanel%20f%C3%B6r%20dubbel%20man%C3%B6verpanel,%2012%20V\" target=\"_blank\" rel=\"noopener\">Instrumentpanel f\u00f6r dubbel man\u00f6verpanel, 12 V<\/a><\/td>\n<\/tr>\n<tr class=\"order-row even\">\n<td>D5A-TA<\/td>\n<td><a id=\"D5A-TA-Instrumentpanel f\u00f6r dubbel man\u00f6verpanel, 12 V\" class=\"tooltip-label\" href=\"https:\/\/marinepartseurope.com\/category\/Marine%20Diesel%20Engines\/product\/D5A-TA\/explodedview\/54170673?catalog=M-D5-A&amp;img=47488.png&amp;functiongroup=Instrument&amp;header=Instrumentpanel%20f%C3%B6r%20dubbel%20man%C3%B6verpanel,%2012%20V\" target=\"_blank\" rel=\"noopener\">Instrumentpanel f\u00f6r dubbel man\u00f6verpanel, 12 V<\/a><\/td>\n<\/tr>\n<tr class=\"order-row odd\">\n<td>D7A-B TA<\/td>\n<td><a id=\"D7A-B TA-Instrumentpanel f\u00f6r dubbel man\u00f6verpanel, 12 V\" class=\"tooltip-label\" href=\"https:\/\/marinepartseurope.com\/category\/Marine%20Diesel%20Engines\/product\/D7A-B%20TA\/explodedview\/54170673?catalog=M-D7-B&amp;img=47488.png&amp;functiongroup=Instrument&amp;header=Instrumentpanel%20f%C3%B6r%20dubbel%20man%C3%B6verpanel,%2012%20V\" target=\"_blank\" rel=\"noopener\">Instrumentpanel f\u00f6r dubbel man\u00f6verpanel, 12 V<\/a><\/td>\n<\/tr>\n<tr class=\"order-row even\">\n<td>D7A-T<\/td>\n<td><a id=\"D7A-T-Instrumentpanel f\u00f6r dubbel man\u00f6verpanel, 12 V\" class=\"tooltip-label\" href=\"https:\/\/marinepartseurope.com\/category\/Marine%20Diesel%20Engines\/product\/D7A-T\/explodedview\/54170673?catalog=M-D7-B&amp;img=47488.png&amp;functiongroup=Instrument&amp;header=Instrumentpanel%20f%C3%B6r%20dubbel%20man%C3%B6verpanel,%2012%20V\" target=\"_blank\" rel=\"noopener\">Instrumentpanel f\u00f6r dubbel man\u00f6verpanel, 12 V<\/a><\/p>\n<div class=\"tooltip fade show bs-tooltip-right\" role=\"tooltip\">\n<div class=\"arrow\"><\/div>\n<div class=\"tooltip-inner\"><img decoding=\"async\" class=\"tooltip-image\" src=\"https:\/\/erp.marinepartseurope.com\/images\/M-D7-B\/47488.png\" \/><\/div>\n<\/div>\n<\/td>\n<\/tr>\n<tr class=\"order-row odd\">\n<td>D7A-TA<\/td>\n<td><a id=\"D7A-TA-Instrumentpanel f\u00f6r dubbel man\u00f6verpanel, 12 V\" class=\"tooltip-label\" href=\"https:\/\/marinepartseurope.com\/category\/Marine%20Diesel%20Engines\/product\/D7A-TA\/explodedview\/54170673?catalog=M-D7-B&amp;img=47488.png&amp;functiongroup=Instrument&amp;header=Instrumentpanel%20f%C3%B6r%20dubbel%20man%C3%B6verpanel,%2012%20V\" target=\"_blank\" rel=\"noopener\">Instrumentpanel f\u00f6r dubbel man\u00f6verpanel, 12 V<\/a><\/td>\n<\/tr>\n<tr class=\"order-row even\">\n<td>D7C-B TA<\/td>\n<td><a id=\"D7C-B TA-Instrumentpanel f\u00f6r dubbel man\u00f6verpanel, 12 V\" class=\"tooltip-label\" href=\"https:\/\/marinepartseurope.com\/category\/Marine%20Diesel%20Engines\/product\/D7C-B%20TA\/explodedview\/54170673?catalog=M-D7-B&amp;img=47488.png&amp;functiongroup=Instrument&amp;header=Instrumentpanel%20f%C3%B6r%20dubbel%20man%C3%B6verpanel,%2012%20V\" target=\"_blank\" rel=\"noopener\">Instrumentpanel f\u00f6r dubbel man\u00f6verpanel, 12 V<\/a><\/td>\n<\/tr>\n<tr class=\"order-row odd\">\n<td>D7C-TA<\/td>\n<td><a id=\"D7C-TA-Instrumentpanel f\u00f6r dubbel man\u00f6verpanel, 12 V\" class=\"tooltip-label\" href=\"https:\/\/marinepartseurope.com\/category\/Marine%20Diesel%20Engines\/product\/D7C-TA\/explodedview\/54170673?catalog=M-D7-B&amp;img=47488.png&amp;functiongroup=Instrument&amp;header=Instrumentpanel%20f%C3%B6r%20dubbel%20man%C3%B6verpanel,%2012%20V\" target=\"_blank\" rel=\"noopener\">Instrumentpanel f\u00f6r dubbel man\u00f6verpanel, 12 V<\/a><\/td>\n<\/tr>\n<tr class=\"order-row even\">\n<td>KAD300-A<\/td>\n<td><a id=\"KAD300-A-Instrumentpanel f\u00f6r dubbel man\u00f6verpanel, 12 V\" class=\"tooltip-label\" href=\"https:\/\/marinepartseurope.com\/category\/Marine%20Diesel%20Engines\/product\/KAD300-A\/explodedview\/54170663?catalog=7738870_MD4B&amp;img=48529.png&amp;functiongroup=Instrument&amp;header=Instrumentpanel%20f%C3%B6r%20dubbel%20man%C3%B6verpanel,%2012%20V\" target=\"_blank\" rel=\"noopener\">Instrumentpanel f\u00f6r dubbel man\u00f6verpanel, 12 V<\/a><\/td>\n<\/tr>\n<tr class=\"order-row odd\">\n<td>KAD32P<\/td>\n<td><a id=\"KAD32P-Instrumentpanel f\u00f6r dubbel man\u00f6verpanel, 12 V\" class=\"tooltip-label\" href=\"https:\/\/marinepartseurope.com\/category\/Marine%20Diesel%20Engines\/product\/KAD32P\/explodedview\/54170663?catalog=M-D3-A&amp;img=48529.png&amp;functiongroup=Instrument&amp;header=Instrumentpanel%20f%C3%B6r%20dubbel%20man%C3%B6verpanel,%2012%20V\" target=\"_blank\" rel=\"noopener\">Instrumentpanel f\u00f6r dubbel man\u00f6verpanel, 12 V<\/a><\/td>\n<\/tr>\n<tr class=\"order-row even\">\n<td>KAD42A<\/td>\n<td><a id=\"KAD42A-Flybridge enkelinstallation\" class=\"tooltip-label\" href=\"https:\/\/marinepartseurope.com\/category\/Marine%20Diesel%20Engines\/product\/KAD42A\/explodedview\/54156964?catalog=7745930_MD4B&amp;img=51053.png&amp;functiongroup=%C3%96vrig%20utrustning&amp;header=Flybridge%20enkelinstallation\" target=\"_blank\" rel=\"noopener\">Flybridge enkelinstallation<\/a><\/td>\n<\/tr>\n<\/tbody>\n<\/table>","protected":false},"excerpt":{"rendered":"<p>Motorpanel med startknapp Ny panel &nbsp; AD31 Flybridge instrumentpanel AD31 Flybridge enkelinstallation AD31 Flybridge tvillingmontage installation AD31B Flybridge instrumentpanel AD31B Flybridge enkelinstallation AD31B Flybridge tvillingmontage AD31D Instrumentpanel f\u00f6r dubbel station AD31D-A Instrumentpanel f\u00f6r dubbel station AD31XD Instrumentpanel f\u00f6r dubbel station AD41A Flybridge instrumentpanel AD41A Flybridge enkelinstallation AD41A Flybridge tvillingmontage installation AD41B Flybridge instrumentpanel AD41B Flybridge [&hellip;]<\/p>\n","protected":false},"featured_media":27541,"comment_status":"closed","ping_status":"closed","template":"","meta":[],"product_brand":[],"product_cat":[428,431,415],"product_tag":[],"class_list":{"0":"post-27536","1":"product","2":"type-product","3":"status-publish","4":"has-post-thumbnail","6":"product_cat-begagnade-batdelar","7":"product_cat-motordelar","8":"product_cat-motorpaneler-och-kabelharvor","10":"first","11":"instock","12":"taxable","13":"shipping-taxable","14":"purchasable","15":"product-type-simple"},"_links":{"self":[{"href":"https:\/\/wasayachts.com\/en\/wp-json\/wp\/v2\/product\/27536","targetHints":{"allow":["GET"]}}],"collection":[{"href":"https:\/\/wasayachts.com\/en\/wp-json\/wp\/v2\/product"}],"about":[{"href":"https:\/\/wasayachts.com\/en\/wp-json\/wp\/v2\/types\/product"}],"replies":[{"embeddable":true,"href":"https:\/\/wasayachts.com\/en\/wp-json\/wp\/v2\/comments?post=27536"}],"wp:featuredmedia":[{"embeddable":true,"href":"https:\/\/wasayachts.com\/en\/wp-json\/wp\/v2\/media\/27541"}],"wp:attachment":[{"href":"https:\/\/wasayachts.com\/en\/wp-json\/wp\/v2\/media?parent=27536"}],"wp:term":[{"taxonomy":"product_brand","embeddable":true,"href":"https:\/\/wasayachts.com\/en\/wp-json\/wp\/v2\/product_brand?post=27536"},{"taxonomy":"product_cat","embeddable":true,"href":"https:\/\/wasayachts.com\/en\/wp-json\/wp\/v2\/product_cat?post=27536"},{"taxonomy":"product_tag","embeddable":true,"href":"https:\/\/wasayachts.com\/en\/wp-json\/wp\/v2\/product_tag?post=27536"}],"curies":[{"name":"wp","href":"https:\/\/api.w.org\/{rel}","templated":true}]}}