{"id":27551,"date":"2025-11-12T13:54:25","date_gmt":"2025-11-12T12:54:25","guid":{"rendered":"https:\/\/wasayachts.com\/?post_type=product&#038;p=27551"},"modified":"2025-11-12T14:52:07","modified_gmt":"2025-11-12T13:52:07","slug":"garmin-gfs-10-branslesensor","status":"publish","type":"product","link":"https:\/\/wasayachts.com\/en\/product\/garmin-gfs-10-branslesensor\/","title":{"rendered":"GARMIN GFS 10 BR\u00c4NSLESENSOR"},"content":{"rendered":"<h2>Obs anv\u00e4nds till Bensin motorer<\/h2>\n<h2><\/h2>\n<h2>GARMIN GFS 10 BR\u00c4NSLESENSOR<\/h2>\n<p>GFS 10 br\u00e4nslesensor. Den levererar information om br\u00e4nslefl\u00f6de och br\u00e4nsleniv\u00e5 till din Garmin sj\u00f6kortsplotter eller GMI\u2122 10 instrumentdisplay. GFS 10 hj\u00e4lper dig optimera motorns prestanda och samtidigt tar bort bekymren om br\u00e4nsleniv\u00e5er. GFS 10 \u00e4r kompatibel med de flesta bensindrivna inombordare och utombordare. F\u00f6rpackningen inneh\u00e5ller: GFS 10, utrustning f\u00f6r montering, br\u00e4nslefilter, 4 \u00e5teranv\u00e4ndbara rostfria slangkl\u00e4mmor, NMEA 2000 till CANet\u2122 adapter kabel, NMEA 2000 T-koppling och terminering, dokumentation<\/p>\n<p>Funktioner &amp; Specifikationer \u2022 Kompatibel med GPSMAP\u00ae 400, 500,4000,5000,6000,7000 och GMI 10 via NMEA 2000 \u2022 9,5 mm inf\u00e4stningar f\u00f6r br\u00e4nsleslag \u2022 Max. fl\u00f6de: upp till 190 liter\/h per motor \u2022 Min. fl\u00f6de: 7,6 liter\/h \u2022 Max. baktryck: 0.5 PSI vid 76 liter\/h \/ 1.0 PSI vid 152 liter\/h \u2022 Str\u00f6mf\u00f6rs\u00f6rjning: 10-22 V \u2022 Brands\u00e4kerhet \u2013 Uppfyller den internationella standarden ISO 10088:2001 och US Coast Guard standard CFR 33 kap. 183 par. J \u2022 Funktion f\u00f6r br\u00e4nsleniv\u00e5 kan anv\u00e4ndas med befintlig analog br\u00e4nslem\u00e4tare<\/p>","protected":false},"excerpt":{"rendered":"<p>Obs anv\u00e4nds till Bensin motorer GARMIN GFS 10 BR\u00c4NSLESENSOR GFS 10 br\u00e4nslesensor. Den levererar information om br\u00e4nslefl\u00f6de och br\u00e4nsleniv\u00e5 till din Garmin sj\u00f6kortsplotter eller GMI\u2122 10 instrumentdisplay. GFS 10 hj\u00e4lper dig optimera motorns prestanda och samtidigt tar bort bekymren om br\u00e4nsleniv\u00e5er. GFS 10 \u00e4r kompatibel med de flesta bensindrivna inombordare och utombordare. F\u00f6rpackningen inneh\u00e5ller: GFS [&hellip;]<\/p>\n","protected":false},"featured_media":27554,"comment_status":"closed","ping_status":"closed","template":"","meta":[],"product_brand":[],"product_cat":[442,428,425],"product_tag":[],"class_list":{"0":"post-27551","1":"product","2":"type-product","3":"status-publish","4":"has-post-thumbnail","6":"product_cat-overig-elektronik","7":"product_cat-begagnade-batdelar","8":"product_cat-elektronik-och-instrument","10":"first","11":"instock","12":"sale","13":"taxable","14":"shipping-taxable","15":"purchasable","16":"product-type-simple"},"_links":{"self":[{"href":"https:\/\/wasayachts.com\/en\/wp-json\/wp\/v2\/product\/27551","targetHints":{"allow":["GET"]}}],"collection":[{"href":"https:\/\/wasayachts.com\/en\/wp-json\/wp\/v2\/product"}],"about":[{"href":"https:\/\/wasayachts.com\/en\/wp-json\/wp\/v2\/types\/product"}],"replies":[{"embeddable":true,"href":"https:\/\/wasayachts.com\/en\/wp-json\/wp\/v2\/comments?post=27551"}],"wp:featuredmedia":[{"embeddable":true,"href":"https:\/\/wasayachts.com\/en\/wp-json\/wp\/v2\/media\/27554"}],"wp:attachment":[{"href":"https:\/\/wasayachts.com\/en\/wp-json\/wp\/v2\/media?parent=27551"}],"wp:term":[{"taxonomy":"product_brand","embeddable":true,"href":"https:\/\/wasayachts.com\/en\/wp-json\/wp\/v2\/product_brand?post=27551"},{"taxonomy":"product_cat","embeddable":true,"href":"https:\/\/wasayachts.com\/en\/wp-json\/wp\/v2\/product_cat?post=27551"},{"taxonomy":"product_tag","embeddable":true,"href":"https:\/\/wasayachts.com\/en\/wp-json\/wp\/v2\/product_tag?post=27551"}],"curies":[{"name":"wp","href":"https:\/\/api.w.org\/{rel}","templated":true}]}}