{"id":27618,"date":"2025-11-19T10:50:38","date_gmt":"2025-11-19T09:50:38","guid":{"rendered":"https:\/\/wasayachts.com\/?post_type=product&#038;p=27618"},"modified":"2025-11-19T12:08:02","modified_gmt":"2025-11-19T11:08:02","slug":"termostathus-volvo-penta-3854580","status":"publish","type":"product","link":"https:\/\/wasayachts.com\/en\/product\/termostathus-volvo-penta-3854580\/","title":{"rendered":"Termostathus volvo penta 3854580"},"content":{"rendered":"<div class=\"Y3BBE\" data-sfc-cp=\"\" data-hveid=\"CAIQAA\" data-processed=\"true\">Termostatshus 3854580 \u00e4r ett\u00a0<mark class=\"HxTRcb\" data-processed=\"true\">originalreservdel (OEM) f\u00f6r Volvo Penta och OMC V6 och V8-motorer fr\u00e5n \u00e5rsmodellerna 1992 till 2004<\/mark>. Det \u00e4r ett hus f\u00f6r termostaten som anv\u00e4nds i V6 och V8-motorer. <span class=\"uJ19be notranslate\" data-wiz-uids=\"EG1Adc_10,EG1Adc_11,EG1Adc_12\" data-processed=\"true\"><span class=\"vKEkVd\" data-animation-atomic=\"\" data-processed=\"true\">\u00a0<button class=\"rBl3me\" data-amic=\"true\" data-icl-uuid=\"0204db49-b115-4e58-8d3e-4f9ccfcf7f46\" aria-label=\"Se relaterade l\u00e4nkar\" data-wiz-attrbind=\"disabled=EG1Adc_10_C5gNJc;class=EG1Adc_10_UpSNec;\" data-ved=\"2ahUKEwi-n-Xl9_2QAxXCgSoKHYcuCXYQye0OegQIAhAD\" data-processed=\"true\"><\/button><\/span><\/span><\/div>\n<ul class=\"KsbFXc U6u95\" data-processed=\"true\">\n<li data-hveid=\"CAQQAA\" data-processed=\"true\"><span class=\"T286Pc\" data-sfc-cp=\"\" data-processed=\"true\"><strong class=\"Yjhzub\" data-processed=\"true\">Tillverkare:<\/strong>\u00a0Volvo Penta och OMC.<\/span><\/li>\n<li data-hveid=\"CAQQAQ\" data-processed=\"true\"><span class=\"T286Pc\" data-sfc-cp=\"\" data-processed=\"true\"><strong class=\"Yjhzub\" data-processed=\"true\">Anv\u00e4ndning:<\/strong>\u00a0Passar de flesta Volvo Penta och OMC V6 och V8-drivlinor.<\/span><\/li>\n<li data-hveid=\"CAQQAg\" data-processed=\"true\"><span class=\"T286Pc\" data-sfc-cp=\"\" data-processed=\"true\"><strong class=\"Yjhzub\" data-processed=\"true\">Modell\u00e5r:<\/strong>\u00a01992 till 2004.<\/span><\/li>\n<\/ul>\n<h3><\/h3>","protected":false},"excerpt":{"rendered":"<p>Termostatshus 3854580 \u00e4r ett\u00a0originalreservdel (OEM) f\u00f6r Volvo Penta och OMC V6 och V8-motorer fr\u00e5n \u00e5rsmodellerna 1992 till 2004. Det \u00e4r ett hus f\u00f6r termostaten som anv\u00e4nds i V6 och V8-motorer. \u00a0 Tillverkare:\u00a0Volvo Penta och OMC. Anv\u00e4ndning:\u00a0Passar de flesta Volvo Penta och OMC V6 och V8-drivlinor. Modell\u00e5r:\u00a01992 till 2004.<\/p>","protected":false},"featured_media":27620,"comment_status":"closed","ping_status":"closed","template":"","meta":[],"product_brand":[],"product_cat":[423,428,431],"product_tag":[],"class_list":{"0":"post-27618","1":"product","2":"type-product","3":"status-publish","4":"has-post-thumbnail","6":"product_cat-sotvattenkylning-och-delar","7":"product_cat-begagnade-batdelar","8":"product_cat-motordelar","10":"first","11":"instock","12":"taxable","13":"shipping-taxable","14":"purchasable","15":"product-type-simple"},"_links":{"self":[{"href":"https:\/\/wasayachts.com\/en\/wp-json\/wp\/v2\/product\/27618","targetHints":{"allow":["GET"]}}],"collection":[{"href":"https:\/\/wasayachts.com\/en\/wp-json\/wp\/v2\/product"}],"about":[{"href":"https:\/\/wasayachts.com\/en\/wp-json\/wp\/v2\/types\/product"}],"replies":[{"embeddable":true,"href":"https:\/\/wasayachts.com\/en\/wp-json\/wp\/v2\/comments?post=27618"}],"wp:featuredmedia":[{"embeddable":true,"href":"https:\/\/wasayachts.com\/en\/wp-json\/wp\/v2\/media\/27620"}],"wp:attachment":[{"href":"https:\/\/wasayachts.com\/en\/wp-json\/wp\/v2\/media?parent=27618"}],"wp:term":[{"taxonomy":"product_brand","embeddable":true,"href":"https:\/\/wasayachts.com\/en\/wp-json\/wp\/v2\/product_brand?post=27618"},{"taxonomy":"product_cat","embeddable":true,"href":"https:\/\/wasayachts.com\/en\/wp-json\/wp\/v2\/product_cat?post=27618"},{"taxonomy":"product_tag","embeddable":true,"href":"https:\/\/wasayachts.com\/en\/wp-json\/wp\/v2\/product_tag?post=27618"}],"curies":[{"name":"wp","href":"https:\/\/api.w.org\/{rel}","templated":true}]}}