{"id":27780,"date":"2026-01-12T13:42:04","date_gmt":"2026-01-12T12:42:04","guid":{"rendered":"https:\/\/wasayachts.com\/?post_type=product&#038;p=27780"},"modified":"2026-01-12T14:02:47","modified_gmt":"2026-01-12T13:02:47","slug":"propeller-2-bladig-18x12-lh-kopia","status":"publish","type":"product","link":"https:\/\/wasayachts.com\/en\/product\/propeller-2-bladig-18x12-lh-kopia\/","title":{"rendered":"Propeller  2-bladig 14&#215;12 LH"},"content":{"rendered":"<p>2-Bladig bronspropeller<br \/>\nFabrikat Ok\u00e4nt<br \/>\nV\u00e4nsterg\u00e5ende LH<br \/>\nKona STD 1:10???<br \/>\nKil 10 x 8 mm??<br \/>\nAxel 30 mm ???<br \/>\nDiam\/stigning 14&#8243; X 12&#8243;<br \/>\nPassar ca 12-20 hkr<br \/>\nPris 1 500 kr<br \/>\nNypris 3 800 kr<\/p>","protected":false},"excerpt":{"rendered":"<p>2-Bladig bronspropeller Fabrikat Ok\u00e4nt V\u00e4nsterg\u00e5ende LH Kona STD 1:10??? Kil 10 x 8 mm?? Axel 30 mm ??? Diam\/stigning 14&#8243; X 12&#8243; Passar ca 12-20 hkr Pris 1 500 kr Nypris 3 800 kr<\/p>","protected":false},"featured_media":27785,"comment_status":"closed","ping_status":"closed","template":"","meta":[],"product_brand":[],"product_cat":[410,428,412],"product_tag":[],"class_list":{"0":"post-27780","1":"product","2":"type-product","3":"status-publish","4":"has-post-thumbnail","6":"product_cat-fasta-propellrar","7":"product_cat-begagnade-batdelar","8":"product_cat-drev-och-drivlina","10":"first","11":"instock","12":"taxable","13":"shipping-taxable","14":"purchasable","15":"product-type-simple"},"_links":{"self":[{"href":"https:\/\/wasayachts.com\/en\/wp-json\/wp\/v2\/product\/27780","targetHints":{"allow":["GET"]}}],"collection":[{"href":"https:\/\/wasayachts.com\/en\/wp-json\/wp\/v2\/product"}],"about":[{"href":"https:\/\/wasayachts.com\/en\/wp-json\/wp\/v2\/types\/product"}],"replies":[{"embeddable":true,"href":"https:\/\/wasayachts.com\/en\/wp-json\/wp\/v2\/comments?post=27780"}],"wp:featuredmedia":[{"embeddable":true,"href":"https:\/\/wasayachts.com\/en\/wp-json\/wp\/v2\/media\/27785"}],"wp:attachment":[{"href":"https:\/\/wasayachts.com\/en\/wp-json\/wp\/v2\/media?parent=27780"}],"wp:term":[{"taxonomy":"product_brand","embeddable":true,"href":"https:\/\/wasayachts.com\/en\/wp-json\/wp\/v2\/product_brand?post=27780"},{"taxonomy":"product_cat","embeddable":true,"href":"https:\/\/wasayachts.com\/en\/wp-json\/wp\/v2\/product_cat?post=27780"},{"taxonomy":"product_tag","embeddable":true,"href":"https:\/\/wasayachts.com\/en\/wp-json\/wp\/v2\/product_tag?post=27780"}],"curies":[{"name":"wp","href":"https:\/\/api.w.org\/{rel}","templated":true}]}}