{"id":27995,"date":"2026-02-13T08:44:57","date_gmt":"2026-02-13T07:44:57","guid":{"rendered":"https:\/\/wasayachts.com\/?post_type=product&#038;p=27995"},"modified":"2026-02-13T08:46:54","modified_gmt":"2026-02-13T07:46:54","slug":"garmin-gnd10","status":"publish","type":"product","link":"https:\/\/wasayachts.com\/en\/product\/garmin-gnd10\/","title":{"rendered":"Garmin GND10"},"content":{"rendered":"<div class=\"flex flex-col text-sm pb-25\">\n<article class=\"text-token-text-primary w-full focus:outline-none [--shadow-height:45px] has-data-writing-block:pointer-events-none has-data-writing-block:-mt-(--shadow-height) has-data-writing-block:pt-(--shadow-height) [&amp;:has([data-writing-block])&gt;*]:pointer-events-auto scroll-mt-[calc(var(--header-height)+min(200px,max(70px,20svh)))]\" dir=\"auto\" data-turn-id=\"request-WEB:4971ecc7-b719-4c20-b6d5-9c1874f5e9b8-1\" data-testid=\"conversation-turn-4\" data-scroll-anchor=\"true\" data-turn=\"assistant\">\n<div class=\"text-base my-auto mx-auto pb-10 [--thread-content-margin:--spacing(4)] @w-sm\/main:[--thread-content-margin:--spacing(6)] @w-lg\/main:[--thread-content-margin:--spacing(16)] px-(--thread-content-margin)\">\n<div class=\"[--thread-content-max-width:40rem] @w-lg\/main:[--thread-content-max-width:48rem] mx-auto max-w-(--thread-content-max-width) flex-1 group\/turn-messages focus-visible:outline-hidden relative flex w-full min-w-0 flex-col agent-turn\">\n<div class=\"flex max-w-full flex-col grow\">\n<div class=\"min-h-8 text-message relative flex w-full flex-col items-end gap-2 text-start break-words whitespace-normal [.text-message+&amp;]:mt-1\" dir=\"auto\" data-message-author-role=\"assistant\" data-message-id=\"2010958a-7313-49b7-a66e-d302b14e599f\" data-message-model-slug=\"gpt-5-2\">\n<div class=\"flex w-full flex-col gap-1 empty:hidden first:pt-[1px]\">\n<div class=\"markdown prose dark:prose-invert w-full wrap-break-word dark markdown-new-styling\">\n<p data-start=\"36\" data-end=\"236\">Garmin GND 10 \u00e4r en black box som konverterar data mellan Nexus och NMEA 2000, vilket g\u00f6r Nexus- och Garmin-produkter kompatibla. Den installeras enkelt via plug-and-play utan behov av konfiguration.<\/p>\n<p data-start=\"238\" data-end=\"400\" data-is-last-node=\"\" data-is-only-node=\"\">Enheten m\u00f6jligg\u00f6r \u00e4ven kommunikation med seglingsprogram som NexusRace, Expedition, Adrena och SeaTrack samt uppdatering och kalibrering av Nexus-enheter via USB.<\/p>\n<p data-start=\"238\" data-end=\"400\" data-is-last-node=\"\" data-is-only-node=\"\"><a href=\"https:\/\/www.garmin.com\/sv-SE\/p\/144123\/#specs\" target=\"_blank\" rel=\"noopener\">Specifikationer<\/a><\/p>\n<\/div>\n<\/div>\n<\/div>\n<\/div>\n<div class=\"z-0 flex min-h-[46px] justify-start\">Nypris: 2059,00 kr<\/div>\n<\/div>\n<\/div>\n<\/article>\n<\/div>\n<div class=\"pointer-events-none h-px w-px absolute bottom-0\" aria-hidden=\"true\" data-edge=\"true\"><\/div>\n<div aria-hidden=\"true\" data-edge=\"true\"><\/div>\n<div aria-hidden=\"true\" data-edge=\"true\">Fri returr\u00e4tt i tv\u00e5 m\u00e5nader,<br \/>\npengar \u00e5ter exklusive frakt.<\/div>\n","protected":false},"excerpt":{"rendered":"<p>Garmin GND 10 \u00e4r en black box som konverterar data mellan Nexus och NMEA 2000, vilket g\u00f6r Nexus- och Garmin-produkter kompatibla. Den installeras enkelt via plug-and-play utan behov av konfiguration. Enheten m\u00f6jligg\u00f6r \u00e4ven kommunikation med seglingsprogram som NexusRace, Expedition, Adrena och SeaTrack samt uppdatering och kalibrering av Nexus-enheter via USB. Specifikationer Nypris: 2059,00 kr Fri [&hellip;]<\/p>\n","protected":false},"featured_media":27998,"comment_status":"closed","ping_status":"closed","template":"","meta":[],"product_brand":[],"product_cat":[460,425,26],"product_tag":[],"class_list":{"0":"post-27995","1":"product","2":"type-product","3":"status-publish","4":"has-post-thumbnail","6":"product_cat-givare-displayer","7":"product_cat-elektronik-och-instrument","8":"product_cat-okategoriserad","10":"first","11":"instock","12":"sale","13":"taxable","14":"shipping-taxable","15":"purchasable","16":"product-type-simple"},"_links":{"self":[{"href":"https:\/\/wasayachts.com\/en\/wp-json\/wp\/v2\/product\/27995","targetHints":{"allow":["GET"]}}],"collection":[{"href":"https:\/\/wasayachts.com\/en\/wp-json\/wp\/v2\/product"}],"about":[{"href":"https:\/\/wasayachts.com\/en\/wp-json\/wp\/v2\/types\/product"}],"replies":[{"embeddable":true,"href":"https:\/\/wasayachts.com\/en\/wp-json\/wp\/v2\/comments?post=27995"}],"wp:featuredmedia":[{"embeddable":true,"href":"https:\/\/wasayachts.com\/en\/wp-json\/wp\/v2\/media\/27998"}],"wp:attachment":[{"href":"https:\/\/wasayachts.com\/en\/wp-json\/wp\/v2\/media?parent=27995"}],"wp:term":[{"taxonomy":"product_brand","embeddable":true,"href":"https:\/\/wasayachts.com\/en\/wp-json\/wp\/v2\/product_brand?post=27995"},{"taxonomy":"product_cat","embeddable":true,"href":"https:\/\/wasayachts.com\/en\/wp-json\/wp\/v2\/product_cat?post=27995"},{"taxonomy":"product_tag","embeddable":true,"href":"https:\/\/wasayachts.com\/en\/wp-json\/wp\/v2\/product_tag?post=27995"}],"curies":[{"name":"wp","href":"https:\/\/api.w.org\/{rel}","templated":true}]}}