{"id":28018,"date":"2026-02-16T16:56:51","date_gmt":"2026-02-16T15:56:51","guid":{"rendered":"https:\/\/wasayachts.com\/?post_type=product&#038;p=28018"},"modified":"2026-03-02T12:03:49","modified_gmt":"2026-03-02T11:03:49","slug":"backslag-zf-bw-7","status":"publish","type":"product","link":"https:\/\/wasayachts.com\/en\/product\/backslag-zf-bw-7\/","title":{"rendered":"Backslag ZF BW-7"},"content":{"rendered":"<p>Utv\u00e4xling fram: 3.0:1<\/p>\n<p>Utv\u00e4xling back: 2.36:1<\/p>\n<p>Fri returr\u00e4tt i tv\u00e5 m\u00e5nader,<br \/>\npengar \u00e5ter exklusive frakt.<\/p>\n<p>&nbsp;<\/p>\n<p data-start=\"0\" data-end=\"71\">Produkten h\u00e4mtas i S\u00f6dert\u00e4lje alternativt levereras via specialfrakt.<\/p>\n<p data-start=\"73\" data-end=\"143\" data-is-last-node=\"\" data-is-only-node=\"\">Samtliga fraktkostnader debiteras kunden och ber\u00e4knas efter f\u00f6rfr\u00e5gan.<\/p>","protected":false},"excerpt":{"rendered":"<p>Utv\u00e4xling fram: 3.0:1 Utv\u00e4xling back: 2.36:1 Fri returr\u00e4tt i tv\u00e5 m\u00e5nader, pengar \u00e5ter exklusive frakt. &nbsp; Produkten h\u00e4mtas i S\u00f6dert\u00e4lje alternativt levereras via specialfrakt. Samtliga fraktkostnader debiteras kunden och ber\u00e4knas efter f\u00f6rfr\u00e5gan.<\/p>","protected":false},"featured_media":28019,"comment_status":"closed","ping_status":"closed","template":"","meta":[],"product_brand":[],"product_cat":[428,412,402],"product_tag":[],"class_list":{"0":"post-28018","1":"product","2":"type-product","3":"status-publish","4":"has-post-thumbnail","6":"product_cat-begagnade-batdelar","7":"product_cat-drev-och-drivlina","8":"product_cat-drev-backslag","9":"product_shipping_class-hamtning","11":"first","12":"instock","13":"taxable","14":"shipping-taxable","15":"purchasable","16":"product-type-simple"},"_links":{"self":[{"href":"https:\/\/wasayachts.com\/en\/wp-json\/wp\/v2\/product\/28018","targetHints":{"allow":["GET"]}}],"collection":[{"href":"https:\/\/wasayachts.com\/en\/wp-json\/wp\/v2\/product"}],"about":[{"href":"https:\/\/wasayachts.com\/en\/wp-json\/wp\/v2\/types\/product"}],"replies":[{"embeddable":true,"href":"https:\/\/wasayachts.com\/en\/wp-json\/wp\/v2\/comments?post=28018"}],"wp:featuredmedia":[{"embeddable":true,"href":"https:\/\/wasayachts.com\/en\/wp-json\/wp\/v2\/media\/28019"}],"wp:attachment":[{"href":"https:\/\/wasayachts.com\/en\/wp-json\/wp\/v2\/media?parent=28018"}],"wp:term":[{"taxonomy":"product_brand","embeddable":true,"href":"https:\/\/wasayachts.com\/en\/wp-json\/wp\/v2\/product_brand?post=28018"},{"taxonomy":"product_cat","embeddable":true,"href":"https:\/\/wasayachts.com\/en\/wp-json\/wp\/v2\/product_cat?post=28018"},{"taxonomy":"product_tag","embeddable":true,"href":"https:\/\/wasayachts.com\/en\/wp-json\/wp\/v2\/product_tag?post=28018"}],"curies":[{"name":"wp","href":"https:\/\/api.w.org\/{rel}","templated":true}]}}