{"id":28093,"date":"2026-02-23T15:07:10","date_gmt":"2026-02-23T14:07:10","guid":{"rendered":"https:\/\/wasayachts.com\/?post_type=product&#038;p=28093"},"modified":"2026-02-26T16:54:47","modified_gmt":"2026-02-26T15:54:47","slug":"suzuki-df8","status":"publish","type":"product","link":"https:\/\/wasayachts.com\/en\/product\/suzuki-df8\/","title":{"rendered":"Suzuki DF8A"},"content":{"rendered":"<div class=\"preDesc\">\n<p><strong>Otroligt enkel anv\u00e4ndning, b\u00e4rbarhet och ekonomisk drift.<\/strong><\/p>\n<\/div>\n<div class=\"desc\">\n<p><strong>Portable fun light<\/strong><\/p>\n<p>En\u00a0kompakt och l\u00e4tt motor \u00e4r enkel att anv\u00e4nda och v\u00e4l utformad. Den\u00a0startar upp \u00e4ven efter l\u00e5ngtidsf\u00f6rvaring. S\u00e5 ta det lugnt och fokusera p\u00e5 att ha s\u00e5 roligt det bara g\u00e5r ute p\u00e5 vattnet!<\/p>\n<p><b>Br\u00e4nsleekonomi<\/b><br \/>\nSuzukis fyrtaktare \u00e4r k\u00e4nda f\u00f6r sin br\u00e4nslesn\u00e5lhet, och\u00a0DF8A samt DF9.9A \u00e4r inget undantag. B\u00e4ttre br\u00e4nsleekonomi till\u00e5ter dessa nya utombordare att g\u00e5 l\u00e4ngre f\u00f6r mindre.<\/p>\n<p>AS = Manuell start, Kort rigg 15\u201d (380 mm)<br \/>\nAL = Manuell start, L\u00e5ng rigg 20\u201d (510 mm)<br \/>\nARL = Elstart. L\u00e5ng rigg 20\u201d (510 mm)<\/p>\n<p><a href=\"https:\/\/www.suzukimarin.se\/products\/barbart-noje\/df8a\/\" target=\"_blank\" rel=\"noopener\">Specifiktationer &amp; Mer info.<\/a><\/p>\n<p><a href=\"https:\/\/www.suzukimarin.se\/kopa-aga\/\" target=\"_blank\" rel=\"noopener\">K\u00f6pa &amp; \u00e4ga &#8211; Suzuki Marin<\/a><\/p>\n<\/div>","protected":false},"excerpt":{"rendered":"<p>Otroligt enkel anv\u00e4ndning, b\u00e4rbarhet och ekonomisk drift. Portable fun light En\u00a0kompakt och l\u00e4tt motor \u00e4r enkel att anv\u00e4nda och v\u00e4l utformad. Den\u00a0startar upp \u00e4ven efter l\u00e5ngtidsf\u00f6rvaring. S\u00e5 ta det lugnt och fokusera p\u00e5 att ha s\u00e5 roligt det bara g\u00e5r ute p\u00e5 vattnet! Br\u00e4nsleekonomi Suzukis fyrtaktare \u00e4r k\u00e4nda f\u00f6r sin br\u00e4nslesn\u00e5lhet, och\u00a0DF8A samt DF9.9A \u00e4r [&hellip;]<\/p>\n","protected":false},"featured_media":28196,"comment_status":"closed","ping_status":"closed","template":"","meta":[],"product_brand":[],"product_cat":[488],"product_tag":[],"class_list":{"0":"post-28093","1":"product","2":"type-product","3":"status-publish","4":"has-post-thumbnail","6":"product_cat-suzukimotorer","8":"first","9":"instock","10":"sale","11":"taxable","12":"shipping-taxable","13":"purchasable","14":"product-type-variable"},"_links":{"self":[{"href":"https:\/\/wasayachts.com\/en\/wp-json\/wp\/v2\/product\/28093","targetHints":{"allow":["GET"]}}],"collection":[{"href":"https:\/\/wasayachts.com\/en\/wp-json\/wp\/v2\/product"}],"about":[{"href":"https:\/\/wasayachts.com\/en\/wp-json\/wp\/v2\/types\/product"}],"replies":[{"embeddable":true,"href":"https:\/\/wasayachts.com\/en\/wp-json\/wp\/v2\/comments?post=28093"}],"wp:featuredmedia":[{"embeddable":true,"href":"https:\/\/wasayachts.com\/en\/wp-json\/wp\/v2\/media\/28196"}],"wp:attachment":[{"href":"https:\/\/wasayachts.com\/en\/wp-json\/wp\/v2\/media?parent=28093"}],"wp:term":[{"taxonomy":"product_brand","embeddable":true,"href":"https:\/\/wasayachts.com\/en\/wp-json\/wp\/v2\/product_brand?post=28093"},{"taxonomy":"product_cat","embeddable":true,"href":"https:\/\/wasayachts.com\/en\/wp-json\/wp\/v2\/product_cat?post=28093"},{"taxonomy":"product_tag","embeddable":true,"href":"https:\/\/wasayachts.com\/en\/wp-json\/wp\/v2\/product_tag?post=28093"}],"curies":[{"name":"wp","href":"https:\/\/api.w.org\/{rel}","templated":true}]}}