{"id":28112,"date":"2026-02-19T14:56:34","date_gmt":"2026-02-19T13:56:34","guid":{"rendered":"https:\/\/wasayachts.com\/?post_type=product&#038;p=28112"},"modified":"2026-03-02T11:02:25","modified_gmt":"2026-03-02T10:02:25","slug":"nac-3-autopilot-computer","status":"publish","type":"product","link":"https:\/\/wasayachts.com\/en\/product\/nac-3-autopilot-computer\/","title":{"rendered":"NAC-3 Autopilot Computer"},"content":{"rendered":"<p>Autopilotdatorn NAC-3 rekommenderas till b\u00e5tar som \u00e4r l\u00e4ngre \u00e4n 10 meter (35 fot). Den \u00e4r klassificerad f\u00f6r anv\u00e4ndning med drivpumpar med starkstr\u00f6m inklusive Simrad RPU160 och RPU300, mekaniska drivenheter som Simrad DD15, hydrauliska linj\u00e4ra drivenheter som HLD2000-serien och solenoidventiler.<\/p>\n<p>NMEA 2000\u00ae-n\u00e4tverk och NMEA 0183\u00ae-ing\u00e5ng av branschstandard m\u00f6jligg\u00f6r enkel anslutning till kurssensorer, roderl\u00e4gesgivarenheter, autopilotstyrenheter och multifunktionsdisplayer var som helst ombord.<\/p>\n<p>&nbsp;<\/p>\n<p>Nypris: 23 000,00 kr<\/p>\n<p>&nbsp;<\/p>\n<p>Fri returr\u00e4tt i tv\u00e5 m\u00e5nader,<br \/>\npengar \u00e5ter exklusive frakt.<\/p>","protected":false},"excerpt":{"rendered":"<p>Autopilotdatorn NAC-3 rekommenderas till b\u00e5tar som \u00e4r l\u00e4ngre \u00e4n 10 meter (35 fot). Den \u00e4r klassificerad f\u00f6r anv\u00e4ndning med drivpumpar med starkstr\u00f6m inklusive Simrad RPU160 och RPU300, mekaniska drivenheter som Simrad DD15, hydrauliska linj\u00e4ra drivenheter som HLD2000-serien och solenoidventiler. NMEA 2000\u00ae-n\u00e4tverk och NMEA 0183\u00ae-ing\u00e5ng av branschstandard m\u00f6jligg\u00f6r enkel anslutning till kurssensorer, roderl\u00e4gesgivarenheter, autopilotstyrenheter och multifunktionsdisplayer [&hellip;]<\/p>\n","protected":false},"featured_media":28116,"comment_status":"closed","ping_status":"closed","template":"","meta":[],"product_brand":[],"product_cat":[466],"product_tag":[],"class_list":{"0":"post-28112","1":"product","2":"type-product","3":"status-publish","4":"has-post-thumbnail","6":"product_cat-elpaneler-laddare-inverter","7":"product_shipping_class-fast","9":"first","10":"instock","11":"sale","12":"taxable","13":"shipping-taxable","14":"purchasable","15":"product-type-simple"},"_links":{"self":[{"href":"https:\/\/wasayachts.com\/en\/wp-json\/wp\/v2\/product\/28112","targetHints":{"allow":["GET"]}}],"collection":[{"href":"https:\/\/wasayachts.com\/en\/wp-json\/wp\/v2\/product"}],"about":[{"href":"https:\/\/wasayachts.com\/en\/wp-json\/wp\/v2\/types\/product"}],"replies":[{"embeddable":true,"href":"https:\/\/wasayachts.com\/en\/wp-json\/wp\/v2\/comments?post=28112"}],"wp:featuredmedia":[{"embeddable":true,"href":"https:\/\/wasayachts.com\/en\/wp-json\/wp\/v2\/media\/28116"}],"wp:attachment":[{"href":"https:\/\/wasayachts.com\/en\/wp-json\/wp\/v2\/media?parent=28112"}],"wp:term":[{"taxonomy":"product_brand","embeddable":true,"href":"https:\/\/wasayachts.com\/en\/wp-json\/wp\/v2\/product_brand?post=28112"},{"taxonomy":"product_cat","embeddable":true,"href":"https:\/\/wasayachts.com\/en\/wp-json\/wp\/v2\/product_cat?post=28112"},{"taxonomy":"product_tag","embeddable":true,"href":"https:\/\/wasayachts.com\/en\/wp-json\/wp\/v2\/product_tag?post=28112"}],"curies":[{"name":"wp","href":"https:\/\/api.w.org\/{rel}","templated":true}]}}