{"id":28150,"date":"2026-02-23T15:07:15","date_gmt":"2026-02-23T14:07:15","guid":{"rendered":"https:\/\/wasayachts.com\/?post_type=product&#038;p=28150"},"modified":"2026-02-26T16:58:20","modified_gmt":"2026-02-26T15:58:20","slug":"suzuki-df15a","status":"publish","type":"product","link":"https:\/\/wasayachts.com\/en\/product\/suzuki-df15a\/","title":{"rendered":"Suzuki DF15A"},"content":{"rendered":"<div class=\"preDesc\">\n<p><strong>Suzukis nya DF15A \u00e4r en av de mest tekniskt avancerade b\u00e4rbara utombordare som finns.<\/strong><\/p>\n<\/div>\n<div class=\"desc\">\n<p>DF15A \u00e4r v\u00e4rldens\u00a0f\u00f6rsta utombordsmotor, i 14.7kW och 11.0kW klassen, som \u00e4r utrustad med ett battery-less fuel injection system som ger snabb och l\u00e4tt start.\u00a0Med ett renare och br\u00e4nslesn\u00e5lare anv\u00e4ndande betyder det att du med denna utombordare kan \u00e5ka l\u00e4ngre f\u00f6r mindre!<\/p>\n<p>AS = Manuell start. Rorkult. Kort rigg 15\u201d (380 mm)<br \/>\nAL = Manuell start. Rorkult. L\u00e5ng rigg 20\u201d (510 mm)<br \/>\nAES = Elstart. Rorkult. Laddning. Kort rigg 15\u201d (380 mm)<br \/>\nAEL = Elstart. Rorkult. Laddning. L\u00e5ng rigg 20\u201d (510 mm)<br \/>\nARS = Elstart. Reglagebox. Kort rigg 15\u201d (380 mm)<br \/>\nARL = Elstart. Reglagebox. L\u00e5ng rigg 20\u201d (510 mm)<br \/>\nATL = Elstart. Reglagebox. Power tilt. L\u00e5ng rigg 20\u201d (510 mm)<\/p>\n<\/div>\n<p><a href=\"https:\/\/www.suzukimarin.se\/products\/barbart-noje\/df15a\/\" target=\"_blank\" rel=\"noopener\">Specifikationer &amp; mer info.<\/a><\/p>\n<p><a href=\"https:\/\/www.suzukimarin.se\/kopa-aga\/\" target=\"_blank\" rel=\"noopener\">K\u00f6pa &amp; \u00e4ga &#8211; Suzuki Marin<\/a><\/p>","protected":false},"excerpt":{"rendered":"<p>Suzukis nya DF15A \u00e4r en av de mest tekniskt avancerade b\u00e4rbara utombordare som finns. DF15A \u00e4r v\u00e4rldens\u00a0f\u00f6rsta utombordsmotor, i 14.7kW och 11.0kW klassen, som \u00e4r utrustad med ett battery-less fuel injection system som ger snabb och l\u00e4tt start.\u00a0Med ett renare och br\u00e4nslesn\u00e5lare anv\u00e4ndande betyder det att du med denna utombordare kan \u00e5ka l\u00e4ngre f\u00f6r mindre! [&hellip;]<\/p>\n","protected":false},"featured_media":28220,"comment_status":"closed","ping_status":"closed","template":"","meta":[],"product_brand":[],"product_cat":[488],"product_tag":[],"class_list":{"0":"post-28150","1":"product","2":"type-product","3":"status-publish","4":"has-post-thumbnail","6":"product_cat-suzukimotorer","8":"first","9":"instock","10":"sale","11":"taxable","12":"shipping-taxable","13":"purchasable","14":"product-type-variable"},"_links":{"self":[{"href":"https:\/\/wasayachts.com\/en\/wp-json\/wp\/v2\/product\/28150","targetHints":{"allow":["GET"]}}],"collection":[{"href":"https:\/\/wasayachts.com\/en\/wp-json\/wp\/v2\/product"}],"about":[{"href":"https:\/\/wasayachts.com\/en\/wp-json\/wp\/v2\/types\/product"}],"replies":[{"embeddable":true,"href":"https:\/\/wasayachts.com\/en\/wp-json\/wp\/v2\/comments?post=28150"}],"wp:featuredmedia":[{"embeddable":true,"href":"https:\/\/wasayachts.com\/en\/wp-json\/wp\/v2\/media\/28220"}],"wp:attachment":[{"href":"https:\/\/wasayachts.com\/en\/wp-json\/wp\/v2\/media?parent=28150"}],"wp:term":[{"taxonomy":"product_brand","embeddable":true,"href":"https:\/\/wasayachts.com\/en\/wp-json\/wp\/v2\/product_brand?post=28150"},{"taxonomy":"product_cat","embeddable":true,"href":"https:\/\/wasayachts.com\/en\/wp-json\/wp\/v2\/product_cat?post=28150"},{"taxonomy":"product_tag","embeddable":true,"href":"https:\/\/wasayachts.com\/en\/wp-json\/wp\/v2\/product_tag?post=28150"}],"curies":[{"name":"wp","href":"https:\/\/api.w.org\/{rel}","templated":true}]}}