{"id":28431,"date":"2026-03-16T15:52:58","date_gmt":"2026-03-16T14:52:58","guid":{"rendered":"https:\/\/wasayachts.com\/?post_type=product&#038;p=28431"},"modified":"2026-03-25T13:04:57","modified_gmt":"2026-03-25T12:04:57","slug":"grundstotningskydd-impulse-limiter-volvo-penta-nr-851571","status":"publish","type":"product","link":"https:\/\/wasayachts.com\/en\/product\/grundstotningskydd-impulse-limiter-volvo-penta-nr-851571\/","title":{"rendered":"Grundst\u00f6tningskydd impulse limiter Volvo penta.nr 851571"},"content":{"rendered":"<p>Hindrar Motor och drev att skadas vid grundst\u00f6tning<\/p>\n<p>Utslagsbegr\u00e4nsare<\/p>\n<p>Kommer fr\u00e5n MD7 B<\/p>\n<p>Passar<\/p>\n<div id=\"part-details\" class=\"MuiContainer-root MuiContainer-maxWidthXl css-1ekb41w\">\n<div class=\"MuiGrid-root MuiGrid-container MuiGrid-spacing-xs-3 MuiGrid-spacing-lg-5 css-15rh745\">\n<section class=\"MuiGrid-root MuiGrid-item MuiGrid-grid-xs-12 MuiGrid-grid-lg-6 css-zmamtp\" data-cy=\"part-details\" aria-label=\"Produkt\">\n<div class=\"MuiBox-root css-0\">\n<div id=\"productDesignation\" class=\"MuiPaper-root MuiPaper-elevation MuiPaper-elevation1 MuiAccordion-root Mui-expanded css-1fgflrr\">\n<div class=\"MuiCollapse-root MuiCollapse-vertical MuiCollapse-entered css-c4sutr\">\n<div class=\"MuiCollapse-wrapper MuiCollapse-vertical css-hboir5\">\n<div class=\"MuiCollapse-wrapperInner MuiCollapse-vertical css-8atqhb\">\n<div id=\"productDesignation-content\" class=\"MuiAccordion-region\" role=\"region\" aria-labelledby=\"part-designation\">\n<div class=\"MuiAccordionDetails-root css-rw72sn\">\n<ul class=\"MuiGrid-root MuiGrid-container MuiGrid-spacing-xs-1 css-jz4yvx\">\n<li class=\"MuiGrid-root MuiGrid-item MuiGrid-grid-xs-12 css-15j76c0\"><a class=\"MuiTypography-root MuiTypography-inherit MuiLink-root MuiLink-underlineAlways css-lmdczz\" href=\"https:\/\/www.volvopenta.com\/shop\/0\/search?ft=851571&amp;product=MD7B\" aria-label=\"L\u00e4nk till MD7B som \u00e4r kompatibel.\" target=\"_blank\" rel=\"noopener\">MD7B<\/a><\/li>\n<li class=\"MuiGrid-root MuiGrid-item MuiGrid-grid-xs-12 css-15j76c0\"><a class=\"MuiTypography-root MuiTypography-inherit MuiLink-root MuiLink-underlineAlways css-lmdczz\" href=\"https:\/\/www.volvopenta.com\/shop\/0\/search?ft=851571&amp;product=MD7A\" aria-label=\"L\u00e4nk till MD7A som \u00e4r kompatibel.\" target=\"_blank\" rel=\"noopener\">MD7A<\/a><\/li>\n<li><\/li>\n<\/ul>\n<\/div>\n<\/div>\n<\/div>\n<\/div>\n<\/div>\n<\/div>\n<\/div>\n<\/section>\n<\/div>\n<\/div>","protected":false},"excerpt":{"rendered":"<p>Hindrar Motor och drev att skadas vid grundst\u00f6tning Utslagsbegr\u00e4nsare Kommer fr\u00e5n MD7 B Passar MD7B MD7A<\/p>","protected":false},"featured_media":28428,"comment_status":"closed","ping_status":"closed","template":"","meta":[],"product_brand":[],"product_cat":[413,428,412,431,444],"product_tag":[],"class_list":{"0":"post-28431","1":"product","2":"type-product","3":"status-publish","4":"has-post-thumbnail","6":"product_cat-anslutningsdetaljer-drev-och-backslag-motortassar","7":"product_cat-begagnade-batdelar","8":"product_cat-drev-och-drivlina","9":"product_cat-motordelar","10":"product_cat-filter","12":"first","13":"instock","14":"taxable","15":"shipping-taxable","16":"purchasable","17":"product-type-simple"},"_links":{"self":[{"href":"https:\/\/wasayachts.com\/en\/wp-json\/wp\/v2\/product\/28431","targetHints":{"allow":["GET"]}}],"collection":[{"href":"https:\/\/wasayachts.com\/en\/wp-json\/wp\/v2\/product"}],"about":[{"href":"https:\/\/wasayachts.com\/en\/wp-json\/wp\/v2\/types\/product"}],"replies":[{"embeddable":true,"href":"https:\/\/wasayachts.com\/en\/wp-json\/wp\/v2\/comments?post=28431"}],"wp:featuredmedia":[{"embeddable":true,"href":"https:\/\/wasayachts.com\/en\/wp-json\/wp\/v2\/media\/28428"}],"wp:attachment":[{"href":"https:\/\/wasayachts.com\/en\/wp-json\/wp\/v2\/media?parent=28431"}],"wp:term":[{"taxonomy":"product_brand","embeddable":true,"href":"https:\/\/wasayachts.com\/en\/wp-json\/wp\/v2\/product_brand?post=28431"},{"taxonomy":"product_cat","embeddable":true,"href":"https:\/\/wasayachts.com\/en\/wp-json\/wp\/v2\/product_cat?post=28431"},{"taxonomy":"product_tag","embeddable":true,"href":"https:\/\/wasayachts.com\/en\/wp-json\/wp\/v2\/product_tag?post=28431"}],"curies":[{"name":"wp","href":"https:\/\/api.w.org\/{rel}","templated":true}]}}