{"id":28433,"date":"2026-03-16T16:09:15","date_gmt":"2026-03-16T15:09:15","guid":{"rendered":"https:\/\/wasayachts.com\/?post_type=product&#038;p=28433"},"modified":"2026-03-16T16:14:05","modified_gmt":"2026-03-16T15:14:05","slug":"bom-till-storsegel-passar-maxi-77","status":"publish","type":"product","link":"https:\/\/wasayachts.com\/en\/product\/bom-till-storsegel-passar-maxi-77\/","title":{"rendered":"Bom till storsegel passar Maxi 77"},"content":{"rendered":"<p>Boml\u00e4ngd 2600 mm<\/p>\n<p>H\u00f6jd 85 mm<\/p>\n<p>Bredd 60 mm<\/p>\n<p>Bredd 20 mm<\/p>\n<p>Bommen kommer fr\u00e5n en Maxi 77<\/p>\n<p>Produkten ska h\u00e4mtas i S\u00f6dert\u00e4lje.<\/p>","protected":false},"excerpt":{"rendered":"<p>Boml\u00e4ngd 2600 mm H\u00f6jd 85 mm Bredd 60 mm Bredd 20 mm Bommen kommer fr\u00e5n en Maxi 77 Produkten ska h\u00e4mtas i S\u00f6dert\u00e4lje.<\/p>","protected":false},"featured_media":28442,"comment_status":"closed","ping_status":"closed","template":"","meta":[],"product_brand":[],"product_cat":[443,428,417],"product_tag":[],"class_list":{"0":"post-28433","1":"product","2":"type-product","3":"status-publish","4":"has-post-thumbnail","6":"product_cat-bom-och-bomtillbehor","7":"product_cat-begagnade-batdelar","8":"product_cat-mast-och-rigg","9":"product_shipping_class-hamtning","11":"first","12":"instock","13":"taxable","14":"shipping-taxable","15":"purchasable","16":"product-type-simple"},"_links":{"self":[{"href":"https:\/\/wasayachts.com\/en\/wp-json\/wp\/v2\/product\/28433","targetHints":{"allow":["GET"]}}],"collection":[{"href":"https:\/\/wasayachts.com\/en\/wp-json\/wp\/v2\/product"}],"about":[{"href":"https:\/\/wasayachts.com\/en\/wp-json\/wp\/v2\/types\/product"}],"replies":[{"embeddable":true,"href":"https:\/\/wasayachts.com\/en\/wp-json\/wp\/v2\/comments?post=28433"}],"wp:featuredmedia":[{"embeddable":true,"href":"https:\/\/wasayachts.com\/en\/wp-json\/wp\/v2\/media\/28442"}],"wp:attachment":[{"href":"https:\/\/wasayachts.com\/en\/wp-json\/wp\/v2\/media?parent=28433"}],"wp:term":[{"taxonomy":"product_brand","embeddable":true,"href":"https:\/\/wasayachts.com\/en\/wp-json\/wp\/v2\/product_brand?post=28433"},{"taxonomy":"product_cat","embeddable":true,"href":"https:\/\/wasayachts.com\/en\/wp-json\/wp\/v2\/product_cat?post=28433"},{"taxonomy":"product_tag","embeddable":true,"href":"https:\/\/wasayachts.com\/en\/wp-json\/wp\/v2\/product_tag?post=28433"}],"curies":[{"name":"wp","href":"https:\/\/api.w.org\/{rel}","templated":true}]}}