{"id":28449,"date":"2026-03-19T09:56:47","date_gmt":"2026-03-19T08:56:47","guid":{"rendered":"https:\/\/wasayachts.com\/?post_type=product&#038;p=28449"},"modified":"2026-03-25T13:11:49","modified_gmt":"2026-03-25T12:11:49","slug":"vinsch-andersen-diam-111-mm","status":"publish","type":"product","link":"https:\/\/wasayachts.com\/en\/product\/vinsch-andersen-diam-111-mm\/","title":{"rendered":"Vinsch Andersen 111 mm"},"content":{"rendered":"<p>Vinsch nypris andersen ca 6,600 kr inkl moms<br \/>\nFabrikat Andersen<br \/>\nStorlek diameter 110 mm<\/p>\n<p>Andersen klassiska skotvinschar finns p\u00e5 m\u00e5nga folkb\u00e5tar d\u00e4r env\u00e4xlade modeller anv\u00e4nds. De finns ocks\u00e5 i en version d\u00e4r handtaget sitter under d\u00e4ck. Enstaka self tailing-vinschar finns med drag under d\u00e4ck.<\/p>\n<p><strong>Specifikationer<\/strong><\/p>\n<ul>\n<li>B: 111mm<\/li>\n<li>D: 83mm<\/li>\n<li>V\u00e4xlar: 1,0:1<\/li>\n<li>H\u00f6jd: 89mm<\/li>\n<li>S: 254mm<\/li>\n<li>Typ: vinsch 102<\/li>\n<li>Vikt: 1,5kg<\/li>\n<\/ul>\n<p>&nbsp;<\/p>","protected":false},"excerpt":{"rendered":"<p>Vinsch nypris andersen ca 6,600 kr inkl moms Fabrikat Andersen Storlek diameter 110 mm Andersen klassiska skotvinschar finns p\u00e5 m\u00e5nga folkb\u00e5tar d\u00e4r env\u00e4xlade modeller anv\u00e4nds. De finns ocks\u00e5 i en version d\u00e4r handtaget sitter under d\u00e4ck. Enstaka self tailing-vinschar finns med drag under d\u00e4ck. Specifikationer B: 111mm D: 83mm V\u00e4xlar: 1,0:1 H\u00f6jd: 89mm S: 254mm [&hellip;]<\/p>\n","protected":false},"featured_media":28451,"comment_status":"closed","ping_status":"closed","template":"","meta":[],"product_brand":[],"product_cat":[404,428,416],"product_tag":[],"class_list":{"0":"post-28449","1":"product","2":"type-product","3":"status-publish","4":"has-post-thumbnail","6":"product_cat-vinschar-och-handtag","7":"product_cat-begagnade-batdelar","8":"product_cat-dacksutrustning","10":"first","11":"instock","12":"taxable","13":"shipping-taxable","14":"purchasable","15":"product-type-simple"},"_links":{"self":[{"href":"https:\/\/wasayachts.com\/en\/wp-json\/wp\/v2\/product\/28449","targetHints":{"allow":["GET"]}}],"collection":[{"href":"https:\/\/wasayachts.com\/en\/wp-json\/wp\/v2\/product"}],"about":[{"href":"https:\/\/wasayachts.com\/en\/wp-json\/wp\/v2\/types\/product"}],"replies":[{"embeddable":true,"href":"https:\/\/wasayachts.com\/en\/wp-json\/wp\/v2\/comments?post=28449"}],"wp:featuredmedia":[{"embeddable":true,"href":"https:\/\/wasayachts.com\/en\/wp-json\/wp\/v2\/media\/28451"}],"wp:attachment":[{"href":"https:\/\/wasayachts.com\/en\/wp-json\/wp\/v2\/media?parent=28449"}],"wp:term":[{"taxonomy":"product_brand","embeddable":true,"href":"https:\/\/wasayachts.com\/en\/wp-json\/wp\/v2\/product_brand?post=28449"},{"taxonomy":"product_cat","embeddable":true,"href":"https:\/\/wasayachts.com\/en\/wp-json\/wp\/v2\/product_cat?post=28449"},{"taxonomy":"product_tag","embeddable":true,"href":"https:\/\/wasayachts.com\/en\/wp-json\/wp\/v2\/product_tag?post=28449"}],"curies":[{"name":"wp","href":"https:\/\/api.w.org\/{rel}","templated":true}]}}