{"id":28452,"date":"2026-03-19T10:27:59","date_gmt":"2026-03-19T09:27:59","guid":{"rendered":"https:\/\/wasayachts.com\/?post_type=product&#038;p=28452"},"modified":"2026-03-25T13:11:34","modified_gmt":"2026-03-25T12:11:34","slug":"vinsch-andersen-diam-111-mm-kopia","status":"publish","type":"product","link":"https:\/\/wasayachts.com\/en\/product\/vinsch-andersen-diam-111-mm-kopia\/","title":{"rendered":"Vinsch Andersen 80mm"},"content":{"rendered":"<p>Vinsch nypris andersen ca 5,500 kr inkl moms<br \/>\nFabrikat Andersen<br \/>\nStorlek diameter 80 mm Andersen klassiska skotvinschar finns p\u00e5 m\u00e5nga folkb\u00e5tar d\u00e4r env\u00e4xlade modeller anv\u00e4nds. De finns ocks\u00e5 i en version d\u00e4r handtaget sitter under d\u00e4ck. Vinscharna levereras med handtag.<\/p>\n<p><strong>Specifikationer<\/strong><\/p>\n<ul>\n<li>B: 80mm<\/li>\n<li>D: 51mm<\/li>\n<li>V\u00e4xlar: 1,0:1<\/li>\n<li>H\u00f6jd: 94mm<\/li>\n<li>R: 203mm<\/li>\n<li>Typ: vinsch 91<\/li>\n<li>Vikt: 1kg<\/li>\n<\/ul>","protected":false},"excerpt":{"rendered":"<p>Vinsch nypris andersen ca 5,500 kr inkl moms Fabrikat Andersen Storlek diameter 80 mm Andersen klassiska skotvinschar finns p\u00e5 m\u00e5nga folkb\u00e5tar d\u00e4r env\u00e4xlade modeller anv\u00e4nds. De finns ocks\u00e5 i en version d\u00e4r handtaget sitter under d\u00e4ck. Vinscharna levereras med handtag. Specifikationer B: 80mm D: 51mm V\u00e4xlar: 1,0:1 H\u00f6jd: 94mm R: 203mm Typ: vinsch 91 Vikt: [&hellip;]<\/p>\n","protected":false},"featured_media":28454,"comment_status":"closed","ping_status":"closed","template":"","meta":[],"product_brand":[],"product_cat":[404,428,416],"product_tag":[],"class_list":{"0":"post-28452","1":"product","2":"type-product","3":"status-publish","4":"has-post-thumbnail","6":"product_cat-vinschar-och-handtag","7":"product_cat-begagnade-batdelar","8":"product_cat-dacksutrustning","10":"first","11":"instock","12":"taxable","13":"shipping-taxable","14":"purchasable","15":"product-type-simple"},"_links":{"self":[{"href":"https:\/\/wasayachts.com\/en\/wp-json\/wp\/v2\/product\/28452","targetHints":{"allow":["GET"]}}],"collection":[{"href":"https:\/\/wasayachts.com\/en\/wp-json\/wp\/v2\/product"}],"about":[{"href":"https:\/\/wasayachts.com\/en\/wp-json\/wp\/v2\/types\/product"}],"replies":[{"embeddable":true,"href":"https:\/\/wasayachts.com\/en\/wp-json\/wp\/v2\/comments?post=28452"}],"wp:featuredmedia":[{"embeddable":true,"href":"https:\/\/wasayachts.com\/en\/wp-json\/wp\/v2\/media\/28454"}],"wp:attachment":[{"href":"https:\/\/wasayachts.com\/en\/wp-json\/wp\/v2\/media?parent=28452"}],"wp:term":[{"taxonomy":"product_brand","embeddable":true,"href":"https:\/\/wasayachts.com\/en\/wp-json\/wp\/v2\/product_brand?post=28452"},{"taxonomy":"product_cat","embeddable":true,"href":"https:\/\/wasayachts.com\/en\/wp-json\/wp\/v2\/product_cat?post=28452"},{"taxonomy":"product_tag","embeddable":true,"href":"https:\/\/wasayachts.com\/en\/wp-json\/wp\/v2\/product_tag?post=28452"}],"curies":[{"name":"wp","href":"https:\/\/api.w.org\/{rel}","templated":true}]}}