{"id":28462,"date":"2026-03-19T11:34:05","date_gmt":"2026-03-19T10:34:05","guid":{"rendered":"https:\/\/wasayachts.com\/?post_type=product&#038;p=28462"},"modified":"2026-03-19T11:38:42","modified_gmt":"2026-03-19T10:38:42","slug":"vattenkyld-ljuddampare-40-mm-vattenlas","status":"publish","type":"product","link":"https:\/\/wasayachts.com\/en\/product\/vattenkyld-ljuddampare-40-mm-vattenlas\/","title":{"rendered":"Vattenkyld ljudd\u00e4mpare 40 mm Vattenl\u00e5s"},"content":{"rendered":"<p>ljudd\u00e4mpare\u00a0 Vattenl\u00e5s Passar Volvo Penta med flera<\/p>\n<p>Slang 40 mm<\/p>","protected":false},"excerpt":{"rendered":"<p>ljudd\u00e4mpare\u00a0 Vattenl\u00e5s Passar Volvo Penta med flera Slang 40 mm<\/p>","protected":false},"featured_media":28463,"comment_status":"closed","ping_status":"closed","template":"","meta":[],"product_brand":[],"product_cat":[407,428,431],"product_tag":[],"class_list":{"0":"post-28462","1":"product","2":"type-product","3":"status-publish","4":"has-post-thumbnail","6":"product_cat-avgasdelar","7":"product_cat-begagnade-batdelar","8":"product_cat-motordelar","10":"first","11":"instock","12":"taxable","13":"shipping-taxable","14":"purchasable","15":"product-type-simple"},"_links":{"self":[{"href":"https:\/\/wasayachts.com\/en\/wp-json\/wp\/v2\/product\/28462","targetHints":{"allow":["GET"]}}],"collection":[{"href":"https:\/\/wasayachts.com\/en\/wp-json\/wp\/v2\/product"}],"about":[{"href":"https:\/\/wasayachts.com\/en\/wp-json\/wp\/v2\/types\/product"}],"replies":[{"embeddable":true,"href":"https:\/\/wasayachts.com\/en\/wp-json\/wp\/v2\/comments?post=28462"}],"wp:featuredmedia":[{"embeddable":true,"href":"https:\/\/wasayachts.com\/en\/wp-json\/wp\/v2\/media\/28463"}],"wp:attachment":[{"href":"https:\/\/wasayachts.com\/en\/wp-json\/wp\/v2\/media?parent=28462"}],"wp:term":[{"taxonomy":"product_brand","embeddable":true,"href":"https:\/\/wasayachts.com\/en\/wp-json\/wp\/v2\/product_brand?post=28462"},{"taxonomy":"product_cat","embeddable":true,"href":"https:\/\/wasayachts.com\/en\/wp-json\/wp\/v2\/product_cat?post=28462"},{"taxonomy":"product_tag","embeddable":true,"href":"https:\/\/wasayachts.com\/en\/wp-json\/wp\/v2\/product_tag?post=28462"}],"curies":[{"name":"wp","href":"https:\/\/api.w.org\/{rel}","templated":true}]}}