{"id":28579,"date":"2026-03-25T15:44:23","date_gmt":"2026-03-25T14:44:23","guid":{"rendered":"https:\/\/wasayachts.com\/?post_type=product&#038;p=28579"},"modified":"2026-03-25T15:45:01","modified_gmt":"2026-03-25T14:45:01","slug":"morse-mt3-vaxelreglage-singel-toppmonterat","status":"publish","type":"product","link":"https:\/\/wasayachts.com\/en\/product\/morse-mt3-vaxelreglage-singel-toppmonterat\/","title":{"rendered":"Morse MT3 v\u00e4xelreglage  &#8211; Toppmonterat"},"content":{"rendered":"<p>Krom<\/p>\n<p>Singel spak<\/p>\n<p>Gas &amp; v\u00e4xel<\/p>\n<p>&nbsp;<\/p>\n<p>Fri returr\u00e4tt i tv\u00e5 m\u00e5nader,<br \/>\npengar \u00e5ter exklusive frakt.<\/p>","protected":false},"excerpt":{"rendered":"<p>Krom Singel spak Gas &amp; v\u00e4xel &nbsp; Fri returr\u00e4tt i tv\u00e5 m\u00e5nader, pengar \u00e5ter exklusive frakt.<\/p>","protected":false},"featured_media":28580,"comment_status":"closed","ping_status":"closed","template":"","meta":[],"product_brand":[],"product_cat":[415],"product_tag":[],"class_list":{"0":"post-28579","1":"product","2":"type-product","3":"status-publish","4":"has-post-thumbnail","6":"product_cat-motorpaneler-och-kabelharvor","8":"first","9":"instock","10":"taxable","11":"shipping-taxable","12":"purchasable","13":"product-type-simple"},"_links":{"self":[{"href":"https:\/\/wasayachts.com\/en\/wp-json\/wp\/v2\/product\/28579","targetHints":{"allow":["GET"]}}],"collection":[{"href":"https:\/\/wasayachts.com\/en\/wp-json\/wp\/v2\/product"}],"about":[{"href":"https:\/\/wasayachts.com\/en\/wp-json\/wp\/v2\/types\/product"}],"replies":[{"embeddable":true,"href":"https:\/\/wasayachts.com\/en\/wp-json\/wp\/v2\/comments?post=28579"}],"wp:featuredmedia":[{"embeddable":true,"href":"https:\/\/wasayachts.com\/en\/wp-json\/wp\/v2\/media\/28580"}],"wp:attachment":[{"href":"https:\/\/wasayachts.com\/en\/wp-json\/wp\/v2\/media?parent=28579"}],"wp:term":[{"taxonomy":"product_brand","embeddable":true,"href":"https:\/\/wasayachts.com\/en\/wp-json\/wp\/v2\/product_brand?post=28579"},{"taxonomy":"product_cat","embeddable":true,"href":"https:\/\/wasayachts.com\/en\/wp-json\/wp\/v2\/product_cat?post=28579"},{"taxonomy":"product_tag","embeddable":true,"href":"https:\/\/wasayachts.com\/en\/wp-json\/wp\/v2\/product_tag?post=28579"}],"curies":[{"name":"wp","href":"https:\/\/api.w.org\/{rel}","templated":true}]}}