{"id":28583,"date":"2026-03-25T15:54:10","date_gmt":"2026-03-25T14:54:10","guid":{"rendered":"https:\/\/wasayachts.com\/?post_type=product&#038;p=28583"},"modified":"2026-03-25T15:55:16","modified_gmt":"2026-03-25T14:55:16","slug":"volvo-penta-instrumentpanel-deluxe-3587074-23577077","status":"publish","type":"product","link":"https:\/\/wasayachts.com\/en\/product\/volvo-penta-instrumentpanel-deluxe-3587074-23577077\/","title":{"rendered":"Volvo Penta Instrumentpanel &#8221;deluxe&#8221; &#8211; 3587074 &amp; 23577077"},"content":{"rendered":"<p>Volvo Penta Orginal &#8211; 3587074 (Ersatt av 23577077)<\/p>\n<p>Inklusive varvm\u00e4tare.<\/p>\n<p>Kommer fr\u00e5n en MD22.<\/p>\n<p>Passar MD, KAMD och TMMD motorer.<\/p>\n<p>&nbsp;<\/p>\n<p>Fri returr\u00e4tt i tv\u00e5 m\u00e5nader,<br \/>\npengar \u00e5ter exklusive frakt.<\/p>","protected":false},"excerpt":{"rendered":"<p>Volvo Penta Orginal &#8211; 3587074 (Ersatt av 23577077) Inklusive varvm\u00e4tare. Kommer fr\u00e5n en MD22. Passar MD, KAMD och TMMD motorer. &nbsp; Fri returr\u00e4tt i tv\u00e5 m\u00e5nader, pengar \u00e5ter exklusive frakt.<\/p>","protected":false},"featured_media":28584,"comment_status":"closed","ping_status":"closed","template":"","meta":[],"product_brand":[],"product_cat":[415],"product_tag":[],"class_list":{"0":"post-28583","1":"product","2":"type-product","3":"status-publish","4":"has-post-thumbnail","6":"product_cat-motorpaneler-och-kabelharvor","8":"first","9":"instock","10":"taxable","11":"shipping-taxable","12":"purchasable","13":"product-type-simple"},"_links":{"self":[{"href":"https:\/\/wasayachts.com\/en\/wp-json\/wp\/v2\/product\/28583","targetHints":{"allow":["GET"]}}],"collection":[{"href":"https:\/\/wasayachts.com\/en\/wp-json\/wp\/v2\/product"}],"about":[{"href":"https:\/\/wasayachts.com\/en\/wp-json\/wp\/v2\/types\/product"}],"replies":[{"embeddable":true,"href":"https:\/\/wasayachts.com\/en\/wp-json\/wp\/v2\/comments?post=28583"}],"wp:featuredmedia":[{"embeddable":true,"href":"https:\/\/wasayachts.com\/en\/wp-json\/wp\/v2\/media\/28584"}],"wp:attachment":[{"href":"https:\/\/wasayachts.com\/en\/wp-json\/wp\/v2\/media?parent=28583"}],"wp:term":[{"taxonomy":"product_brand","embeddable":true,"href":"https:\/\/wasayachts.com\/en\/wp-json\/wp\/v2\/product_brand?post=28583"},{"taxonomy":"product_cat","embeddable":true,"href":"https:\/\/wasayachts.com\/en\/wp-json\/wp\/v2\/product_cat?post=28583"},{"taxonomy":"product_tag","embeddable":true,"href":"https:\/\/wasayachts.com\/en\/wp-json\/wp\/v2\/product_tag?post=28583"}],"curies":[{"name":"wp","href":"https:\/\/api.w.org\/{rel}","templated":true}]}}