{"id":28593,"date":"2026-03-25T16:24:49","date_gmt":"2026-03-25T15:24:49","guid":{"rendered":"https:\/\/wasayachts.com\/?post_type=product&#038;p=28593"},"modified":"2026-03-25T16:25:29","modified_gmt":"2026-03-25T15:25:29","slug":"vinsch-barlow-25","status":"publish","type":"product","link":"https:\/\/wasayachts.com\/en\/product\/vinsch-barlow-25\/","title":{"rendered":"Vinsch Barlow 25"},"content":{"rendered":"<p>Krom<\/p>\n<p>&nbsp;<\/p>\n<p>Fri returr\u00e4tt i tv\u00e5 m\u00e5nader,<br \/>\npengar \u00e5ter exklusive frakt.<\/p>","protected":false},"excerpt":{"rendered":"<p>Krom &nbsp; Fri returr\u00e4tt i tv\u00e5 m\u00e5nader, pengar \u00e5ter exklusive frakt.<\/p>","protected":false},"featured_media":28595,"comment_status":"closed","ping_status":"closed","template":"","meta":[],"product_brand":[],"product_cat":[404],"product_tag":[],"class_list":{"0":"post-28593","1":"product","2":"type-product","3":"status-publish","4":"has-post-thumbnail","6":"product_cat-vinschar-och-handtag","8":"first","9":"instock","10":"taxable","11":"shipping-taxable","12":"purchasable","13":"product-type-simple"},"_links":{"self":[{"href":"https:\/\/wasayachts.com\/en\/wp-json\/wp\/v2\/product\/28593","targetHints":{"allow":["GET"]}}],"collection":[{"href":"https:\/\/wasayachts.com\/en\/wp-json\/wp\/v2\/product"}],"about":[{"href":"https:\/\/wasayachts.com\/en\/wp-json\/wp\/v2\/types\/product"}],"replies":[{"embeddable":true,"href":"https:\/\/wasayachts.com\/en\/wp-json\/wp\/v2\/comments?post=28593"}],"wp:featuredmedia":[{"embeddable":true,"href":"https:\/\/wasayachts.com\/en\/wp-json\/wp\/v2\/media\/28595"}],"wp:attachment":[{"href":"https:\/\/wasayachts.com\/en\/wp-json\/wp\/v2\/media?parent=28593"}],"wp:term":[{"taxonomy":"product_brand","embeddable":true,"href":"https:\/\/wasayachts.com\/en\/wp-json\/wp\/v2\/product_brand?post=28593"},{"taxonomy":"product_cat","embeddable":true,"href":"https:\/\/wasayachts.com\/en\/wp-json\/wp\/v2\/product_cat?post=28593"},{"taxonomy":"product_tag","embeddable":true,"href":"https:\/\/wasayachts.com\/en\/wp-json\/wp\/v2\/product_tag?post=28593"}],"curies":[{"name":"wp","href":"https:\/\/api.w.org\/{rel}","templated":true}]}}