{"id":28937,"date":"2026-04-28T09:40:49","date_gmt":"2026-04-28T07:40:49","guid":{"rendered":"https:\/\/wasayachts.com\/?post_type=product&#038;p=28937"},"modified":"2026-04-28T09:48:39","modified_gmt":"2026-04-28T07:48:39","slug":"beg-volvo-penta-md11","status":"publish","type":"product","link":"https:\/\/wasayachts.com\/en\/product\/beg-volvo-penta-md11\/","title":{"rendered":"Beg Volvo Penta MD11C"},"content":{"rendered":"<p>Utan Backslag<\/p>\n<p>Motor ej s\u00f6tvatten\u00a0 kyld<\/p>\n<p>Motor provad och fungerar.<\/p>\n<p>Startas upp innan avh\u00e4mtning f\u00f6r demonstration.<\/p>\n<p>Motor har g\u00e5tt p\u00e5 ostkusten d\u00e4r vi har betydligt l\u00e4gre salthalt \u00e4n p\u00e5 v\u00e4stkusten vilket m\u00e4rks p\u00e5 korrosionen.<\/p>\n<p>Hall 3<\/p>","protected":false},"excerpt":{"rendered":"<p>Utan Backslag Motor ej s\u00f6tvatten\u00a0 kyld Motor provad och fungerar. Startas upp innan avh\u00e4mtning f\u00f6r demonstration. Motor har g\u00e5tt p\u00e5 ostkusten d\u00e4r vi har betydligt l\u00e4gre salthalt \u00e4n p\u00e5 v\u00e4stkusten vilket m\u00e4rks p\u00e5 korrosionen. Hall 3<\/p>","protected":false},"featured_media":28942,"comment_status":"closed","ping_status":"closed","template":"","meta":[],"product_brand":[],"product_cat":[428,426,431],"product_tag":[],"class_list":{"0":"post-28937","1":"product","2":"type-product","3":"status-publish","4":"has-post-thumbnail","6":"product_cat-begagnade-batdelar","7":"product_cat-motorer-2","8":"product_cat-motordelar","9":"product_shipping_class-hamtning","11":"first","12":"instock","13":"taxable","14":"shipping-taxable","15":"purchasable","16":"product-type-simple"},"_links":{"self":[{"href":"https:\/\/wasayachts.com\/en\/wp-json\/wp\/v2\/product\/28937","targetHints":{"allow":["GET"]}}],"collection":[{"href":"https:\/\/wasayachts.com\/en\/wp-json\/wp\/v2\/product"}],"about":[{"href":"https:\/\/wasayachts.com\/en\/wp-json\/wp\/v2\/types\/product"}],"replies":[{"embeddable":true,"href":"https:\/\/wasayachts.com\/en\/wp-json\/wp\/v2\/comments?post=28937"}],"wp:featuredmedia":[{"embeddable":true,"href":"https:\/\/wasayachts.com\/en\/wp-json\/wp\/v2\/media\/28942"}],"wp:attachment":[{"href":"https:\/\/wasayachts.com\/en\/wp-json\/wp\/v2\/media?parent=28937"}],"wp:term":[{"taxonomy":"product_brand","embeddable":true,"href":"https:\/\/wasayachts.com\/en\/wp-json\/wp\/v2\/product_brand?post=28937"},{"taxonomy":"product_cat","embeddable":true,"href":"https:\/\/wasayachts.com\/en\/wp-json\/wp\/v2\/product_cat?post=28937"},{"taxonomy":"product_tag","embeddable":true,"href":"https:\/\/wasayachts.com\/en\/wp-json\/wp\/v2\/product_tag?post=28937"}],"curies":[{"name":"wp","href":"https:\/\/api.w.org\/{rel}","templated":true}]}}